{"id":7489,"date":"2019-01-29T15:41:52","date_gmt":"2019-01-29T14:41:52","guid":{"rendered":"https:\/\/barcelona.euses.cat\/proteccion-de-datos\/"},"modified":"2019-12-02T11:48:32","modified_gmt":"2019-12-02T10:48:32","slug":"politique-de-confidentialite","status":"publish","type":"page","link":"https:\/\/barcelona.euses.cat\/fr\/politique-de-confidentialite\/","title":{"rendered":"Politique de Confidentialit\u00e9"},"content":{"rendered":"<p><strong>POLITIQUE DE CONFIDENTIALIT\u00c9<\/strong><\/p>\n<p>&nbsp;<\/p>\n<p><strong>Qui est responsable du traitement de vos donn\u00e9es personnelles?<\/strong><\/p>\n<p>Identit\u00e9: ESCOLA SALUT I ESPORT, SL (ci-apr\u00e8s EUSES)<\/p>\n<p>C.I.<span class=\"hiddenSpellError\">F<\/span>.: B-17568023<\/p>\n<p>Adresse: C\/ Francesc Maci\u00e0 65 17190 Salt (G\u00e9rone)<\/p>\n<p><span class=\"hiddenSpellError\">E-mail<\/span>: <a href=\"mailto:protecciodades@euses.cat\">protecciodades@euses.cat<\/a><\/p>\n<p>T\u00e9l\u00e9phone: (+34) 972 405 130<\/p>\n<p>DPD: <a href=\"mailto:dpo.euses@rebledbellvehiadvocats.com\">dpo.euses@rebledbellvehiadvocats.com<\/a><\/p>\n<p>&nbsp;<\/p>\n<p><strong>\u00c0 quelles fins traitons-nous vos donn\u00e9es personnelles?<\/strong><\/p>\n<p>Nous traitons les informations fournies par l&rsquo;utilisateur afin de g\u00e9rer les demandes d&rsquo;informations effectu\u00e9es via le site web et l&rsquo;\u00e9laboration de profils d&rsquo;utilisateurs pour leur envoyer des communications commerciales sur les programmes de formation (dipl\u00f4mes, masters, cours postuniversitaires, cours, conf\u00e9rences, s\u00e9minaires, etc.), activit\u00e9s et services qui puissent \u00eatre d&rsquo;int\u00e9r\u00eat. Les profils \u00e9labor\u00e9s sont \u00e9labor\u00e9s en tenant compte de l\u2019\u00e2ge, du code postal, de la population, des \u00e9tudes en cours, des informations demand\u00e9es, afin de limiter les informations qui seront envoy\u00e9es au demandeur afin de lui envoyer des communications informatives qui correspondent le mieux \u00e0 ses int\u00e9r\u00eats.<\/p>\n<p>&nbsp;<\/p>\n<p><strong>Combien de temps allons-nous conserver vos informations personnelles?<\/strong><\/p>\n<p>Les donn\u00e9es personnelles fournies seront conserv\u00e9es tant que l&rsquo;utilisateur ne demandera pas sa suppression pour pouvoir envoyer des communications informatives.<\/p>\n<p>&nbsp;<\/p>\n<p><strong>Quelle est la l\u00e9gitimit\u00e9 du traitement de vos donn\u00e9es personnelles?<\/strong><\/p>\n<p>Le fondement juridique du traitement des donn\u00e9es est le consentement explicite de l&rsquo;utilisateur en acceptant cette politique de confidentialit\u00e9. L&rsquo;utilisateur devra communiquer ses donn\u00e9es personnelles actuelles afin que les informations contenues dans nos fichiers soient mises \u00e0 jour et sans erreurs.<\/p>\n<p>&nbsp;<\/p>\n<p><strong>\u00c0 quels destinataires vos donn\u00e9es personnelles seront-elles communiqu\u00e9es?<\/strong><\/p>\n<p>Les donn\u00e9es peuvent \u00eatre communiqu\u00e9es aux soci\u00e9t\u00e9s du groupe, aux m\u00eames fins que celles mentionn\u00e9es pr\u00e9c\u00e9dement. En outre, ils peuvent \u00eatre communiqu\u00e9s aux fournisseurs des services juridiques, d&rsquo;audit, gestion, services informatiques et communication, marketing \u00e0 EUSES, ainsi qu&rsquo;aux soci\u00e9t\u00e9s RECUPERACIONES AULADELL, SL, DOLMI 2000, SL et RETPAR 30, SL. Informer enfin que les donn\u00e9es peuvent \u00eatre h\u00e9berg\u00e9es par des fournisseurs am\u00e9ricains adh\u00e9rant au \u00ab\u00a0PrivacyShield\u00a0\u00bb et au Chili, \u00e0 Singapour et \u00e0 Taiwan, dans des conditions de s\u00e9curit\u00e9 et de confidentialit\u00e9 maximales. \u00c0 cette fin, des cookies tiers peuvent \u00eatre utilis\u00e9s pour suivre les communications d&rsquo;information.<\/p>\n<p>&nbsp;<\/p>\n<p><strong>Quels sont vos droits lorsque vous nous fournissez vos donn\u00e9es personnelles?<\/strong><\/p>\n<p>L&rsquo;utilisateur peut exercer son droit d&rsquo;acc\u00e8s aux donn\u00e9es personnelles, ainsi que solliciter la rectification des donn\u00e9es inexactes ou, si, sollicite sa suppression quand les donn\u00e9es ne seront d\u00e9j\u00e0 pas n\u00e9cessaires pour les buts par lesquels ils ont \u00e9t\u00e9 repris. Il pourra aussi solliciter la limitation, portabilidad et opposition du traitement de ses donn\u00e9es, dans certaines circonstances et pour motifs en rapport avec sa situation particuli\u00e8re. \u00c9galement, il a le droit de r\u00e9voquer son consentement \u00e0 tout moment sans que ceci affecte de mani\u00e8re r\u00e9troactive au traitement de donn\u00e9es personnelles effectu\u00e9 jusqu&rsquo;\u00e0 pr\u00e9sent. L&rsquo;utilisateur pourra exercer les droits mentionn\u00e9s pr\u00e9c\u00e9demment, dans les termes et conditions pr\u00e9vus dans la l\u00e9gislation en vigueur, dans le domicile social d&rsquo;EUSES ou bien le solliciter par courrier \u00e9lectronique \u00e0 dpo.euses@rebledbellvehiadvocats.com. Dans l&rsquo;hypoth\u00e8se dont il n&rsquo;obtient pas une r\u00e9ponse satisfaisante et souhaite formuler une r\u00e9clamation ou obtenir des renseignements plus amples en ce qui concerne tout de ces droits, il pourra s&rsquo;adresser \u00e0 l&rsquo;Autoridad Catalana de Protecci\u00f3n de Datos (www.apdcat.ca t &#8211; C Rossell\u00f3, n.\u00ba 214, esc. A 1.\u00ba 1.\u00aa, 08008 Barcelone).<\/p>\n","protected":false},"excerpt":{"rendered":"<p>POLITIQUE DE CONFIDENTIALIT\u00c9 &nbsp; Qui est responsable du traitement de vos donn\u00e9es personnelles? Identit\u00e9: ESCOLA SALUT I ESPORT, SL (ci-apr\u00e8s EUSES) C.I.F.: B-17568023 Adresse: C\/ Francesc Maci\u00e0 65 17190 Salt (G\u00e9rone) E-mail: protecciodades@euses.cat T\u00e9l\u00e9phone: (+34) 972 405 130 DPD: dpo.euses@rebledbellvehiadvocats.com &nbsp; \u00c0 quelles fins traitons-nous vos donn\u00e9es personnelles? Nous traitons les informations fournies par l&rsquo;utilisateur [&hellip;]<\/p>\n","protected":false},"author":1,"featured_media":0,"parent":0,"menu_order":0,"comment_status":"closed","ping_status":"closed","template":"page-pagina.php","meta":{"_acf_changed":false,"inline_featured_image":false,"_joinchat":[],"footnotes":""},"class_list":["post-7489","page","type-page","status-publish","hentry"],"acf":[],"yoast_head":"<!-- This site is optimized with the Yoast SEO plugin v27.4 - https:\/\/yoast.com\/product\/yoast-seo-wordpress\/ -->\n<title>Politique de Confidentialit\u00e9 | EUSES - Campus de Bellvitge (Barcelona)<\/title>\n<meta name=\"robots\" content=\"noindex, follow\" \/>\n<meta property=\"og:locale\" content=\"fr_FR\" \/>\n<meta property=\"og:type\" content=\"article\" \/>\n<meta property=\"og:title\" content=\"Politique de Confidentialit\u00e9 | EUSES - Campus de Bellvitge (Barcelona)\" \/>\n<meta property=\"og:description\" content=\"POLITIQUE DE CONFIDENTIALIT\u00c9 &nbsp; Qui est responsable du traitement de vos donn\u00e9es personnelles? Identit\u00e9: ESCOLA SALUT I ESPORT, SL (ci-apr\u00e8s EUSES) C.I.F.: B-17568023 Adresse: C\/ Francesc Maci\u00e0 65 17190 Salt (G\u00e9rone) E-mail: protecciodades@euses.cat T\u00e9l\u00e9phone: (+34) 972 405 130 DPD: dpo.euses@rebledbellvehiadvocats.com &nbsp; \u00c0 quelles fins traitons-nous vos donn\u00e9es personnelles? Nous traitons les informations fournies par l&rsquo;utilisateur [&hellip;]\" \/>\n<meta property=\"og:url\" content=\"https:\/\/barcelona.euses.cat\/fr\/politique-de-confidentialite\/\" \/>\n<meta property=\"og:site_name\" content=\"EUSES - Campus de Bellvitge (Barcelona)\" \/>\n<meta property=\"article:publisher\" content=\"https:\/\/www.facebook.com\/PhysioBCN\/\" \/>\n<meta property=\"article:modified_time\" content=\"2019-12-02T10:48:32+00:00\" \/>\n<meta name=\"twitter:card\" content=\"summary_large_image\" \/>\n<meta name=\"twitter:label1\" content=\"Dur\u00e9e de lecture estim\u00e9e\" \/>\n\t<meta name=\"twitter:data1\" content=\"3 minutes\" \/>\n<script type=\"application\/ld+json\" class=\"yoast-schema-graph\">{\"@context\":\"https:\\\/\\\/schema.org\",\"@graph\":[{\"@type\":\"WebPage\",\"@id\":\"https:\\\/\\\/barcelona.euses.cat\\\/fr\\\/politique-de-confidentialite\\\/\",\"url\":\"https:\\\/\\\/barcelona.euses.cat\\\/fr\\\/politique-de-confidentialite\\\/\",\"name\":\"Politique de Confidentialit\u00e9 | EUSES - Campus de Bellvitge (Barcelona)\",\"isPartOf\":{\"@id\":\"https:\\\/\\\/barcelona.euses.cat\\\/ca\\\/#website\"},\"datePublished\":\"2019-01-29T14:41:52+00:00\",\"dateModified\":\"2019-12-02T10:48:32+00:00\",\"breadcrumb\":{\"@id\":\"https:\\\/\\\/barcelona.euses.cat\\\/fr\\\/politique-de-confidentialite\\\/#breadcrumb\"},\"inLanguage\":\"fr-FR\",\"potentialAction\":[{\"@type\":\"ReadAction\",\"target\":[\"https:\\\/\\\/barcelona.euses.cat\\\/fr\\\/politique-de-confidentialite\\\/\"]}]},{\"@type\":\"BreadcrumbList\",\"@id\":\"https:\\\/\\\/barcelona.euses.cat\\\/fr\\\/politique-de-confidentialite\\\/#breadcrumb\",\"itemListElement\":[{\"@type\":\"ListItem\",\"position\":1,\"name\":\"Portada\",\"item\":\"https:\\\/\\\/barcelona.euses.cat\\\/fr\\\/\"},{\"@type\":\"ListItem\",\"position\":2,\"name\":\"Politique de Confidentialit\u00e9\"}]},{\"@type\":\"WebSite\",\"@id\":\"https:\\\/\\\/barcelona.euses.cat\\\/ca\\\/#website\",\"url\":\"https:\\\/\\\/barcelona.euses.cat\\\/ca\\\/\",\"name\":\"EUSES - Campus de Bellvitge (Barcelona)\",\"description\":\"EUSES, Ecole Universitaire de Physioth\u00e9rapie Internationale \u00e0 Barcelone\",\"potentialAction\":[{\"@type\":\"SearchAction\",\"target\":{\"@type\":\"EntryPoint\",\"urlTemplate\":\"https:\\\/\\\/barcelona.euses.cat\\\/ca\\\/?s={search_term_string}\"},\"query-input\":{\"@type\":\"PropertyValueSpecification\",\"valueRequired\":true,\"valueName\":\"search_term_string\"}}],\"inLanguage\":\"fr-FR\"}]}<\/script>\n<!-- \/ Yoast SEO plugin. -->","yoast_head_json":{"title":"Politique de Confidentialit\u00e9 | EUSES - Campus de Bellvitge (Barcelona)","robots":{"index":"noindex","follow":"follow"},"og_locale":"fr_FR","og_type":"article","og_title":"Politique de Confidentialit\u00e9 | EUSES - Campus de Bellvitge (Barcelona)","og_description":"POLITIQUE DE CONFIDENTIALIT\u00c9 &nbsp; Qui est responsable du traitement de vos donn\u00e9es personnelles? Identit\u00e9: ESCOLA SALUT I ESPORT, SL (ci-apr\u00e8s EUSES) C.I.F.: B-17568023 Adresse: C\/ Francesc Maci\u00e0 65 17190 Salt (G\u00e9rone) E-mail: protecciodades@euses.cat T\u00e9l\u00e9phone: (+34) 972 405 130 DPD: dpo.euses@rebledbellvehiadvocats.com &nbsp; \u00c0 quelles fins traitons-nous vos donn\u00e9es personnelles? Nous traitons les informations fournies par l&rsquo;utilisateur [&hellip;]","og_url":"https:\/\/barcelona.euses.cat\/fr\/politique-de-confidentialite\/","og_site_name":"EUSES - Campus de Bellvitge (Barcelona)","article_publisher":"https:\/\/www.facebook.com\/PhysioBCN\/","article_modified_time":"2019-12-02T10:48:32+00:00","twitter_card":"summary_large_image","twitter_misc":{"Dur\u00e9e de lecture estim\u00e9e":"3 minutes"},"schema":{"@context":"https:\/\/schema.org","@graph":[{"@type":"WebPage","@id":"https:\/\/barcelona.euses.cat\/fr\/politique-de-confidentialite\/","url":"https:\/\/barcelona.euses.cat\/fr\/politique-de-confidentialite\/","name":"Politique de Confidentialit\u00e9 | EUSES - Campus de Bellvitge (Barcelona)","isPartOf":{"@id":"https:\/\/barcelona.euses.cat\/ca\/#website"},"datePublished":"2019-01-29T14:41:52+00:00","dateModified":"2019-12-02T10:48:32+00:00","breadcrumb":{"@id":"https:\/\/barcelona.euses.cat\/fr\/politique-de-confidentialite\/#breadcrumb"},"inLanguage":"fr-FR","potentialAction":[{"@type":"ReadAction","target":["https:\/\/barcelona.euses.cat\/fr\/politique-de-confidentialite\/"]}]},{"@type":"BreadcrumbList","@id":"https:\/\/barcelona.euses.cat\/fr\/politique-de-confidentialite\/#breadcrumb","itemListElement":[{"@type":"ListItem","position":1,"name":"Portada","item":"https:\/\/barcelona.euses.cat\/fr\/"},{"@type":"ListItem","position":2,"name":"Politique de Confidentialit\u00e9"}]},{"@type":"WebSite","@id":"https:\/\/barcelona.euses.cat\/ca\/#website","url":"https:\/\/barcelona.euses.cat\/ca\/","name":"EUSES - Campus de Bellvitge (Barcelona)","description":"EUSES, Ecole Universitaire de Physioth\u00e9rapie Internationale \u00e0 Barcelone","potentialAction":[{"@type":"SearchAction","target":{"@type":"EntryPoint","urlTemplate":"https:\/\/barcelona.euses.cat\/ca\/?s={search_term_string}"},"query-input":{"@type":"PropertyValueSpecification","valueRequired":true,"valueName":"search_term_string"}}],"inLanguage":"fr-FR"}]}},"_links":{"self":[{"href":"https:\/\/barcelona.euses.cat\/fr\/wp-json\/wp\/v2\/pages\/7489","targetHints":{"allow":["GET"]}}],"collection":[{"href":"https:\/\/barcelona.euses.cat\/fr\/wp-json\/wp\/v2\/pages"}],"about":[{"href":"https:\/\/barcelona.euses.cat\/fr\/wp-json\/wp\/v2\/types\/page"}],"author":[{"embeddable":true,"href":"https:\/\/barcelona.euses.cat\/fr\/wp-json\/wp\/v2\/users\/1"}],"replies":[{"embeddable":true,"href":"https:\/\/barcelona.euses.cat\/fr\/wp-json\/wp\/v2\/comments?post=7489"}],"version-history":[{"count":2,"href":"https:\/\/barcelona.euses.cat\/fr\/wp-json\/wp\/v2\/pages\/7489\/revisions"}],"predecessor-version":[{"id":7492,"href":"https:\/\/barcelona.euses.cat\/fr\/wp-json\/wp\/v2\/pages\/7489\/revisions\/7492"}],"wp:attachment":[{"href":"https:\/\/barcelona.euses.cat\/fr\/wp-json\/wp\/v2\/media?parent=7489"}],"curies":[{"name":"wp","href":"https:\/\/api.w.org\/{rel}","templated":true}]}}