{"id":7472,"date":"2019-01-16T12:47:28","date_gmt":"2019-01-16T12:47:28","guid":{"rendered":"https:\/\/barcelona.euses.cat\/sicue-erasmus-fisioterapia\/"},"modified":"2020-02-24T15:42:38","modified_gmt":"2020-02-24T14:42:38","slug":"erasmus-sicue","status":"publish","type":"page","link":"https:\/\/barcelona.euses.cat\/fr\/erasmus-sicue\/","title":{"rendered":"Mobilit\u00e9"},"content":{"rendered":"<h2><strong>Voyagez et formez-vous \u00e0 l&rsquo;\u00e9tranger. Am\u00e9liorez votre employabilit\u00e9!<\/strong><\/h2>\n<p>&nbsp;<\/p>\n<p><strong>\u00c0 l&rsquo;\u00c9cole Universitaire de la Sant\u00e9 et du Sports (EUSES)<\/strong> on garantit une formation sp\u00e9cialis\u00e9e, continue et adapt\u00e9e \u00e0 la r\u00e9alit\u00e9 sociale et professionnelle. Mais pas seulement au niveau national, mais aussi au niveau international.<\/p>\n<p>Pour cette raison, nous mettons \u00e0 votre disposition les programmes\u00a0<strong>ERASMUS <\/strong>et<strong>\u00a0SICUE<\/strong> (syst\u00e8me d&rsquo;\u00e9change entre centres universitaires espagnols), qui vous permettent de compl\u00e9ter votre derni\u00e8re \u00e9tape acad\u00e9mique dans des principales universit\u00e9s internationales et espagnoles.<\/p>\n<p><strong>Qu&rsquo;est-ce qu&rsquo;on vous propose?<\/strong><\/p>\n<ul>\n<li>Renforcer votre \u00e9tape universitaire ou professionnelle \u00e0 l\u2019\u00e9tranger.<\/li>\n<li>Formation compl\u00e9mentaire d&rsquo;une troisi\u00e8me langue.<\/li>\n<li>Adaptabilit\u00e9 aux demandes du march\u00e9 du travail europ\u00e9en et national.<\/li>\n<li>Stages internationaux avec reconnaissance acad\u00e9mique ou volontaires \u00e0 travers le programme ERASMUS.<\/li>\n<li>S\u00e9jours dans d\u2019universit\u00e9s espagnoles \u00e0 travers le programme SICUE.<\/li>\n<\/ul>\n<p>Contactez-nous pour plus d&rsquo;information!<\/p>\n<h4>EUSES &#8211; UdG<\/h4>\n<p>Dr. Sergi Garcia<br \/>\n<strong>Erasmus + \u00c9tudes<\/strong><br \/>\n<strong>Erasmus + Stages<\/strong><br \/>\n<strong>SICUE<\/strong><\/p>\n","protected":false},"excerpt":{"rendered":"<p>Voyagez et formez-vous \u00e0 l&rsquo;\u00e9tranger. Am\u00e9liorez votre employabilit\u00e9! &nbsp; \u00c0 l&rsquo;\u00c9cole Universitaire de la Sant\u00e9 et du Sports (EUSES) on garantit une formation sp\u00e9cialis\u00e9e, continue et adapt\u00e9e \u00e0 la r\u00e9alit\u00e9 sociale et professionnelle. Mais pas seulement au niveau national, mais aussi au niveau international. Pour cette raison, nous mettons \u00e0 votre disposition les programmes\u00a0ERASMUS et\u00a0SICUE [&hellip;]<\/p>\n","protected":false},"author":1,"featured_media":435,"parent":0,"menu_order":0,"comment_status":"closed","ping_status":"closed","template":"page-movilidad.php","meta":{"_acf_changed":false,"inline_featured_image":false,"_joinchat":[],"footnotes":""},"class_list":["post-7472","page","type-page","status-publish","has-post-thumbnail","hentry"],"acf":[],"yoast_head":"<!-- This site is optimized with the Yoast SEO plugin v27.4 - https:\/\/yoast.com\/product\/yoast-seo-wordpress\/ -->\n<title>D\u00e9couvrez la Sicue et l&#039;Erasmus de STAPS et la Kin\u00e9sith\u00e9rapie | Euses<\/title>\n<meta name=\"description\" content=\"Vous souhaitez faire une Sicue ou un Erasmus de kin\u00e9sith\u00e9rapie ou de STAPS ? Nous vous offrons la possibilit\u00e9 d&#039;\u00e9tudier dans d&#039;autres territoires espagnols ou europ\u00e9ens.\" \/>\n<meta name=\"robots\" content=\"index, follow, max-snippet:-1, max-image-preview:large, max-video-preview:-1\" \/>\n<link rel=\"canonical\" href=\"https:\/\/barcelona.euses.cat\/fr\/erasmus-sicue\/\" \/>\n<meta property=\"og:locale\" content=\"fr_FR\" \/>\n<meta property=\"og:type\" content=\"article\" \/>\n<meta property=\"og:title\" content=\"D\u00e9couvrez la Sicue et l&#039;Erasmus de STAPS et la Kin\u00e9sith\u00e9rapie | Euses\" \/>\n<meta property=\"og:description\" content=\"Vous souhaitez faire une Sicue ou un Erasmus de kin\u00e9sith\u00e9rapie ou de STAPS ? Nous vous offrons la possibilit\u00e9 d&#039;\u00e9tudier dans d&#039;autres territoires espagnols ou europ\u00e9ens.\" \/>\n<meta property=\"og:url\" content=\"https:\/\/barcelona.euses.cat\/fr\/erasmus-sicue\/\" \/>\n<meta property=\"og:site_name\" content=\"EUSES - Campus de Bellvitge (Barcelona)\" \/>\n<meta property=\"article:publisher\" content=\"https:\/\/www.facebook.com\/PhysioBCN\/\" \/>\n<meta property=\"article:modified_time\" content=\"2020-02-24T14:42:38+00:00\" \/>\n<meta property=\"og:image\" content=\"https:\/\/barcelona.euses.cat\/wp-content\/uploads\/2019\/01\/mapa-punts.gif\" \/>\n\t<meta property=\"og:image:width\" content=\"1345\" \/>\n\t<meta property=\"og:image:height\" content=\"824\" \/>\n\t<meta property=\"og:image:type\" content=\"image\/gif\" \/>\n<meta name=\"twitter:card\" content=\"summary_large_image\" \/>\n<meta name=\"twitter:label1\" content=\"Dur\u00e9e de lecture estim\u00e9e\" \/>\n\t<meta name=\"twitter:data1\" content=\"1 minute\" \/>\n<script type=\"application\/ld+json\" class=\"yoast-schema-graph\">{\"@context\":\"https:\\\/\\\/schema.org\",\"@graph\":[{\"@type\":\"WebPage\",\"@id\":\"https:\\\/\\\/barcelona.euses.cat\\\/fr\\\/erasmus-sicue\\\/\",\"url\":\"https:\\\/\\\/barcelona.euses.cat\\\/fr\\\/erasmus-sicue\\\/\",\"name\":\"D\u00e9couvrez la Sicue et l'Erasmus de STAPS et la Kin\u00e9sith\u00e9rapie | Euses\",\"isPartOf\":{\"@id\":\"https:\\\/\\\/barcelona.euses.cat\\\/ca\\\/#website\"},\"primaryImageOfPage\":{\"@id\":\"https:\\\/\\\/barcelona.euses.cat\\\/fr\\\/erasmus-sicue\\\/#primaryimage\"},\"image\":{\"@id\":\"https:\\\/\\\/barcelona.euses.cat\\\/fr\\\/erasmus-sicue\\\/#primaryimage\"},\"thumbnailUrl\":\"https:\\\/\\\/barcelona.euses.cat\\\/wp-content\\\/uploads\\\/2019\\\/01\\\/mapa-punts.gif\",\"datePublished\":\"2019-01-16T12:47:28+00:00\",\"dateModified\":\"2020-02-24T14:42:38+00:00\",\"description\":\"Vous souhaitez faire une Sicue ou un Erasmus de kin\u00e9sith\u00e9rapie ou de STAPS ? Nous vous offrons la possibilit\u00e9 d'\u00e9tudier dans d'autres territoires espagnols ou europ\u00e9ens.\",\"breadcrumb\":{\"@id\":\"https:\\\/\\\/barcelona.euses.cat\\\/fr\\\/erasmus-sicue\\\/#breadcrumb\"},\"inLanguage\":\"fr-FR\",\"potentialAction\":[{\"@type\":\"ReadAction\",\"target\":[\"https:\\\/\\\/barcelona.euses.cat\\\/fr\\\/erasmus-sicue\\\/\"]}]},{\"@type\":\"ImageObject\",\"inLanguage\":\"fr-FR\",\"@id\":\"https:\\\/\\\/barcelona.euses.cat\\\/fr\\\/erasmus-sicue\\\/#primaryimage\",\"url\":\"https:\\\/\\\/barcelona.euses.cat\\\/wp-content\\\/uploads\\\/2019\\\/01\\\/mapa-punts.gif\",\"contentUrl\":\"https:\\\/\\\/barcelona.euses.cat\\\/wp-content\\\/uploads\\\/2019\\\/01\\\/mapa-punts.gif\",\"width\":1345,\"height\":824},{\"@type\":\"BreadcrumbList\",\"@id\":\"https:\\\/\\\/barcelona.euses.cat\\\/fr\\\/erasmus-sicue\\\/#breadcrumb\",\"itemListElement\":[{\"@type\":\"ListItem\",\"position\":1,\"name\":\"Portada\",\"item\":\"https:\\\/\\\/barcelona.euses.cat\\\/fr\\\/\"},{\"@type\":\"ListItem\",\"position\":2,\"name\":\"Mobilit\u00e9\"}]},{\"@type\":\"WebSite\",\"@id\":\"https:\\\/\\\/barcelona.euses.cat\\\/ca\\\/#website\",\"url\":\"https:\\\/\\\/barcelona.euses.cat\\\/ca\\\/\",\"name\":\"EUSES - Campus de Bellvitge (Barcelona)\",\"description\":\"EUSES, Ecole Universitaire de Physioth\u00e9rapie Internationale \u00e0 Barcelone\",\"potentialAction\":[{\"@type\":\"SearchAction\",\"target\":{\"@type\":\"EntryPoint\",\"urlTemplate\":\"https:\\\/\\\/barcelona.euses.cat\\\/ca\\\/?s={search_term_string}\"},\"query-input\":{\"@type\":\"PropertyValueSpecification\",\"valueRequired\":true,\"valueName\":\"search_term_string\"}}],\"inLanguage\":\"fr-FR\"}]}<\/script>\n<!-- \/ Yoast SEO plugin. -->","yoast_head_json":{"title":"D\u00e9couvrez la Sicue et l'Erasmus de STAPS et la Kin\u00e9sith\u00e9rapie | Euses","description":"Vous souhaitez faire une Sicue ou un Erasmus de kin\u00e9sith\u00e9rapie ou de STAPS ? Nous vous offrons la possibilit\u00e9 d'\u00e9tudier dans d'autres territoires espagnols ou europ\u00e9ens.","robots":{"index":"index","follow":"follow","max-snippet":"max-snippet:-1","max-image-preview":"max-image-preview:large","max-video-preview":"max-video-preview:-1"},"canonical":"https:\/\/barcelona.euses.cat\/fr\/erasmus-sicue\/","og_locale":"fr_FR","og_type":"article","og_title":"D\u00e9couvrez la Sicue et l'Erasmus de STAPS et la Kin\u00e9sith\u00e9rapie | Euses","og_description":"Vous souhaitez faire une Sicue ou un Erasmus de kin\u00e9sith\u00e9rapie ou de STAPS ? Nous vous offrons la possibilit\u00e9 d'\u00e9tudier dans d'autres territoires espagnols ou europ\u00e9ens.","og_url":"https:\/\/barcelona.euses.cat\/fr\/erasmus-sicue\/","og_site_name":"EUSES - Campus de Bellvitge (Barcelona)","article_publisher":"https:\/\/www.facebook.com\/PhysioBCN\/","article_modified_time":"2020-02-24T14:42:38+00:00","og_image":[{"width":1345,"height":824,"url":"https:\/\/barcelona.euses.cat\/wp-content\/uploads\/2019\/01\/mapa-punts.gif","type":"image\/gif"}],"twitter_card":"summary_large_image","twitter_misc":{"Dur\u00e9e de lecture estim\u00e9e":"1 minute"},"schema":{"@context":"https:\/\/schema.org","@graph":[{"@type":"WebPage","@id":"https:\/\/barcelona.euses.cat\/fr\/erasmus-sicue\/","url":"https:\/\/barcelona.euses.cat\/fr\/erasmus-sicue\/","name":"D\u00e9couvrez la Sicue et l'Erasmus de STAPS et la Kin\u00e9sith\u00e9rapie | Euses","isPartOf":{"@id":"https:\/\/barcelona.euses.cat\/ca\/#website"},"primaryImageOfPage":{"@id":"https:\/\/barcelona.euses.cat\/fr\/erasmus-sicue\/#primaryimage"},"image":{"@id":"https:\/\/barcelona.euses.cat\/fr\/erasmus-sicue\/#primaryimage"},"thumbnailUrl":"https:\/\/barcelona.euses.cat\/wp-content\/uploads\/2019\/01\/mapa-punts.gif","datePublished":"2019-01-16T12:47:28+00:00","dateModified":"2020-02-24T14:42:38+00:00","description":"Vous souhaitez faire une Sicue ou un Erasmus de kin\u00e9sith\u00e9rapie ou de STAPS ? Nous vous offrons la possibilit\u00e9 d'\u00e9tudier dans d'autres territoires espagnols ou europ\u00e9ens.","breadcrumb":{"@id":"https:\/\/barcelona.euses.cat\/fr\/erasmus-sicue\/#breadcrumb"},"inLanguage":"fr-FR","potentialAction":[{"@type":"ReadAction","target":["https:\/\/barcelona.euses.cat\/fr\/erasmus-sicue\/"]}]},{"@type":"ImageObject","inLanguage":"fr-FR","@id":"https:\/\/barcelona.euses.cat\/fr\/erasmus-sicue\/#primaryimage","url":"https:\/\/barcelona.euses.cat\/wp-content\/uploads\/2019\/01\/mapa-punts.gif","contentUrl":"https:\/\/barcelona.euses.cat\/wp-content\/uploads\/2019\/01\/mapa-punts.gif","width":1345,"height":824},{"@type":"BreadcrumbList","@id":"https:\/\/barcelona.euses.cat\/fr\/erasmus-sicue\/#breadcrumb","itemListElement":[{"@type":"ListItem","position":1,"name":"Portada","item":"https:\/\/barcelona.euses.cat\/fr\/"},{"@type":"ListItem","position":2,"name":"Mobilit\u00e9"}]},{"@type":"WebSite","@id":"https:\/\/barcelona.euses.cat\/ca\/#website","url":"https:\/\/barcelona.euses.cat\/ca\/","name":"EUSES - Campus de Bellvitge (Barcelona)","description":"EUSES, Ecole Universitaire de Physioth\u00e9rapie Internationale \u00e0 Barcelone","potentialAction":[{"@type":"SearchAction","target":{"@type":"EntryPoint","urlTemplate":"https:\/\/barcelona.euses.cat\/ca\/?s={search_term_string}"},"query-input":{"@type":"PropertyValueSpecification","valueRequired":true,"valueName":"search_term_string"}}],"inLanguage":"fr-FR"}]}},"_links":{"self":[{"href":"https:\/\/barcelona.euses.cat\/fr\/wp-json\/wp\/v2\/pages\/7472","targetHints":{"allow":["GET"]}}],"collection":[{"href":"https:\/\/barcelona.euses.cat\/fr\/wp-json\/wp\/v2\/pages"}],"about":[{"href":"https:\/\/barcelona.euses.cat\/fr\/wp-json\/wp\/v2\/types\/page"}],"author":[{"embeddable":true,"href":"https:\/\/barcelona.euses.cat\/fr\/wp-json\/wp\/v2\/users\/1"}],"replies":[{"embeddable":true,"href":"https:\/\/barcelona.euses.cat\/fr\/wp-json\/wp\/v2\/comments?post=7472"}],"version-history":[{"count":2,"href":"https:\/\/barcelona.euses.cat\/fr\/wp-json\/wp\/v2\/pages\/7472\/revisions"}],"predecessor-version":[{"id":7474,"href":"https:\/\/barcelona.euses.cat\/fr\/wp-json\/wp\/v2\/pages\/7472\/revisions\/7474"}],"wp:featuredmedia":[{"embeddable":true,"href":"https:\/\/barcelona.euses.cat\/fr\/wp-json\/wp\/v2\/media\/435"}],"wp:attachment":[{"href":"https:\/\/barcelona.euses.cat\/fr\/wp-json\/wp\/v2\/media?parent=7472"}],"curies":[{"name":"wp","href":"https:\/\/api.w.org\/{rel}","templated":true}]}}