{"id":7464,"date":"2019-06-17T09:51:58","date_gmt":"2019-06-17T07:51:58","guid":{"rendered":"https:\/\/barcelona.euses.cat\/normativa\/"},"modified":"2025-07-18T13:38:33","modified_gmt":"2025-07-18T11:38:33","slug":"reglementation","status":"publish","type":"page","link":"https:\/\/barcelona.euses.cat\/fr\/reglementation\/","title":{"rendered":"R\u00e9glementation"},"content":{"rendered":"<h3><strong>L\u00e9gislation de l\u2019enseignement sup\u00e9rieur<\/strong><\/h3>\n<ul class=\"hanging-list\">\n<li><a href=\"https:\/\/www.udg.edu\/ca\/coneix\/treballa-a-la-udg\/personal-docent-i-investigador\/legislacio\" target=\"_blank\" rel=\"noopener noreferrer\"><span style=\"font-weight: 400;\">L\u00e9gislation sur l&rsquo;enseignement sup\u00e9rieur universitaire en Catalogne<\/span><\/a><\/li>\n<\/ul>\n<h3><\/h3>\n<h3>L\u00e9gislation de l\u2019Universit\u00e9 de Girona<\/h3>\n<ul class=\"hanging-list\">\n<li><a href=\"https:\/\/www.udg.edu\/es\/estudia\/tramits-normatives-i-preus\/normatives\" target=\"_blank\" rel=\"noopener noreferrer\"><span style=\"font-weight: 400;\">R\u00e9glementations et proc\u00e9dures<\/span><span style=\"font-weight: 400;\"> UdG<\/span><\/a><\/li>\n<li><a href=\"https:\/\/www.udg.edu\/es\/estudia\/Beques-i-ajuts\" target=\"_blank\" rel=\"noopener noreferrer\"><span style=\"font-weight: 400;\">Bourses et aides<\/span><\/a><\/li>\n<li><a href=\"https:\/\/www.udg.edu\/es\/infocovid\" target=\"_blank\" rel=\"noopener noreferrer\">Plan d\u2019urgence COVID-19<\/a><\/li>\n<\/ul>\n<p>&nbsp;<\/p>\n<h3><strong>L\u00e9gislation propre EUSES<\/strong><\/h3>\n<ul class=\"hanging-list\">\n<li style=\"font-weight: 400;\"><a href=\"https:\/\/girona.euses.cat\/wp-content\/uploads\/2021\/02\/Reglament-TFG_TFM-EUSES-def.pdf\" target=\"_blank\" rel=\"noopener noreferrer\">R\u00e8glement interne pour l&rsquo;organisation du projet de dipl\u00f4me et de master de fin d&rsquo;\u00e9tudes<\/a><\/li>\n<li style=\"font-weight: 400;\"><a href=\"https:\/\/girona.euses.cat\/wp-content\/uploads\/2021\/02\/Normativa-Pr\u00e0ctiques-Externes-EUSES-def.pdf\" target=\"_blank\" rel=\"noopener noreferrer\">R\u00e8glement int\u00e9rieur pour l&rsquo;organisation de stages externes<\/a><\/li>\n<li><a href=\"https:\/\/girona.euses.cat\/wp-content\/uploads\/2021\/04\/Model-Codi-Etic.pdf\" target=\"_blank\" rel=\"noopener noreferrer\">Code d&rsquo;\u00e9thique<\/a><\/li>\n<li style=\"font-weight: 400;\"><a href=\"https:\/\/girona.euses.cat\/fr\/erasmus-sicue\/\" target=\"_blank\" rel=\"noopener noreferrer\"><span style=\"font-weight: 400;\">Mobilit\u00e9<\/span><\/a><\/li>\n<li><a href=\"https:\/\/barcelona.euses.cat\/wp-content\/uploads\/2025\/07\/Normes-de-convivencia-EUSES_-DEF-4.pdf\">R\u00e8gles de coexistence<\/a><\/li>\n<li><a href=\"https:\/\/barcelona.euses.cat\/wp-content\/uploads\/2025\/07\/Protocol-Assetjament-EUSES-definitiu-revisat.pdf\">Protocole de pr\u00e9vention et d\u2019action en situation de violence ou de harc\u00e8lement moral et sexuel, d\u2019identit\u00e9 de genre ou d\u2019expression de genre<\/a><\/li>\n<\/ul>\n<p>&nbsp;<\/p>\n<h3><strong>L\u00e9gislation propre CENTRE GARB\u00cd&rsquo;S <\/strong><\/h3>\n<ul class=\"hanging-list\">\n<li><a href=\"https:\/\/girona.euses.cat\/wp-content\/uploads\/2021\/09\/Pla_Organitzacio%CC%81_Definitiu_Centre_Garbi.pdf\" target=\"_blank\" rel=\"noopener noreferrer\">Plan d\u2019organisation du Centre Garb\u00ed<\/a><\/li>\n<\/ul>\n<p>&nbsp;<\/p>\n<h3><b>Conditions d&rsquo;acc\u00e8s<\/b><\/h3>\n<ul class=\"hanging-list\">\n<li style=\"font-weight: 400;\"><a href=\"https:\/\/accesuniversitat.gencat.cat\/accesuniversitat\/login\" target=\"_blank\" rel=\"noopener noreferrer\"><span style=\"font-weight: 400;\">Site web d&rsquo;acc\u00e8s \u00e0 l&rsquo;Universit\u00e9 (Generalitat de Catalunya)<\/span><\/a><\/li>\n<li style=\"font-weight: 400;\"><a href=\"https:\/\/www.udg.edu\/es\/estudia\/Acces\" target=\"_blank\" rel=\"noopener noreferrer\"><span style=\"font-weight: 400;\">Acc\u00e8s (UdG)<\/span><\/a><\/li>\n<li style=\"font-weight: 400;\"><a href=\"https:\/\/universitats.gencat.cat\/ca\/preinscripcions\/sobre-preinscripcio\/ponderacions\/\" target=\"_blank\" rel=\"noopener noreferrer\"><span style=\"font-weight: 400;\">Notation des PAU<\/span><\/a><\/li>\n<li style=\"font-weight: 400;\"><a href=\"https:\/\/universitats.gencat.cat\/ca\/preinscripcions\/sobre-preinscripcio\/notes-tall\/\" target=\"_blank\" rel=\"noopener noreferrer\">Notes d\u2019acc\u00e8s<\/a><\/li>\n<li><a href=\"https:\/\/universitats.gencat.cat\/ca\/estudis-universitaris\/cercador-estudis-universitaris\/\" target=\"_blank\" rel=\"noopener noreferrer\">Validation des cr\u00e9dits ECTS concernant de brevets de technicien sup\u00e9rieur similaires<\/a><\/li>\n<\/ul>\n<p>&nbsp;<\/p>\n<h3><b>Demande de dipl\u00f4mes universitaires<\/b><\/h3>\n<ul class=\"hanging-list\">\n<li><a href=\"https:\/\/www.udg.edu\/es\/estudia\/Tramits-normatives-i-preus\/Impresos\" target=\"_blank\" rel=\"noopener noreferrer\">Formulaires<\/a><\/li>\n<\/ul>\n<p>&nbsp;<\/p>\n<h3><strong>Liens<\/strong><\/h3>\n<ul class=\"hanging-list\">\n<li style=\"font-weight: 400;\"><a href=\"http:\/\/www.aqu.cat\/index_es.html\" target=\"_blank\" rel=\"noopener noreferrer\"><span style=\"font-weight: 400;\">AQU, Agence de qualit\u00e9 du syst\u00e8me universitaire de Catalogne <\/span><\/a><\/li>\n<li><a href=\"https:\/\/estudis.aqu.cat\/euc\/ca\/Comu\/Inici\/\" target=\"_blank\" rel=\"noopener noreferrer\"><u>EUC<\/u><\/a><\/li>\n<li style=\"font-weight: 400;\"><a href=\"https:\/\/www.udg.edu\/es\/udgqualitat\/\" target=\"_blank\" rel=\"noopener noreferrer\"><span style=\"font-weight: 400;\">Site web de qualit\u00e9 de l&rsquo;UdG<\/span><\/a><\/li>\n<li><a href=\"https:\/\/www.udg.edu\/es\/fc\/Estudiants\/Mobilitat\" target=\"_blank\" rel=\"noopener noreferrer\"><span style=\"font-weight: 400;\">Site web de mobilit\u00e9 de l&rsquo;UdG<\/span><\/a><\/li>\n<li style=\"font-weight: 400;\"><a href=\"https:\/\/www.udg.edu\/es\/viu\/biblioteca\" target=\"_blank\" rel=\"noopener noreferrer\"><span style=\"font-weight: 400;\">Biblioth\u00e8que<\/span><\/a><\/li>\n<\/ul>\n","protected":false},"excerpt":{"rendered":"<p>L\u00e9gislation de l\u2019enseignement sup\u00e9rieur L\u00e9gislation sur l&rsquo;enseignement sup\u00e9rieur universitaire en Catalogne L\u00e9gislation de l\u2019Universit\u00e9 de Girona R\u00e9glementations et proc\u00e9dures UdG Bourses et aides Plan d\u2019urgence COVID-19 &nbsp; L\u00e9gislation propre EUSES R\u00e8glement interne pour l&rsquo;organisation du projet de dipl\u00f4me et de master de fin d&rsquo;\u00e9tudes R\u00e8glement int\u00e9rieur pour l&rsquo;organisation de stages externes Code d&rsquo;\u00e9thique Mobilit\u00e9 R\u00e8gles [&hellip;]<\/p>\n","protected":false},"author":1,"featured_media":0,"parent":0,"menu_order":0,"comment_status":"closed","ping_status":"closed","template":"page-pagina.php","meta":{"_acf_changed":false,"inline_featured_image":false,"_joinchat":[],"footnotes":""},"class_list":["post-7464","page","type-page","status-publish","hentry"],"acf":[],"yoast_head":"<!-- This site is optimized with the Yoast SEO plugin v27.4 - https:\/\/yoast.com\/product\/yoast-seo-wordpress\/ -->\n<title>R\u00e9glementation | Euses - Campus de Bellvitge (Barcelone)<\/title>\n<meta name=\"robots\" content=\"index, follow, max-snippet:-1, max-image-preview:large, max-video-preview:-1\" \/>\n<link rel=\"canonical\" href=\"https:\/\/barcelona.euses.cat\/fr\/reglementation\/\" \/>\n<meta property=\"og:locale\" content=\"fr_FR\" \/>\n<meta property=\"og:type\" content=\"article\" \/>\n<meta property=\"og:title\" content=\"R\u00e9glementation | Euses - Campus de Bellvitge (Barcelone)\" \/>\n<meta property=\"og:description\" content=\"L\u00e9gislation de l\u2019enseignement sup\u00e9rieur L\u00e9gislation sur l&rsquo;enseignement sup\u00e9rieur universitaire en Catalogne L\u00e9gislation de l\u2019Universit\u00e9 de Girona R\u00e9glementations et proc\u00e9dures UdG Bourses et aides Plan d\u2019urgence COVID-19 &nbsp; L\u00e9gislation propre EUSES R\u00e8glement interne pour l&rsquo;organisation du projet de dipl\u00f4me et de master de fin d&rsquo;\u00e9tudes R\u00e8glement int\u00e9rieur pour l&rsquo;organisation de stages externes Code d&rsquo;\u00e9thique Mobilit\u00e9 R\u00e8gles [&hellip;]\" \/>\n<meta property=\"og:url\" content=\"https:\/\/barcelona.euses.cat\/fr\/reglementation\/\" \/>\n<meta property=\"og:site_name\" content=\"EUSES - Campus de Bellvitge (Barcelona)\" \/>\n<meta property=\"article:publisher\" content=\"https:\/\/www.facebook.com\/PhysioBCN\/\" \/>\n<meta property=\"article:modified_time\" content=\"2025-07-18T11:38:33+00:00\" \/>\n<meta name=\"twitter:card\" content=\"summary_large_image\" \/>\n<meta name=\"twitter:label1\" content=\"Dur\u00e9e de lecture estim\u00e9e\" \/>\n\t<meta name=\"twitter:data1\" content=\"1 minute\" \/>\n<script type=\"application\/ld+json\" class=\"yoast-schema-graph\">{\"@context\":\"https:\\\/\\\/schema.org\",\"@graph\":[{\"@type\":\"WebPage\",\"@id\":\"https:\\\/\\\/barcelona.euses.cat\\\/fr\\\/reglementation\\\/\",\"url\":\"https:\\\/\\\/barcelona.euses.cat\\\/fr\\\/reglementation\\\/\",\"name\":\"R\u00e9glementation | Euses - Campus de Bellvitge (Barcelone)\",\"isPartOf\":{\"@id\":\"https:\\\/\\\/barcelona.euses.cat\\\/ca\\\/#website\"},\"datePublished\":\"2019-06-17T07:51:58+00:00\",\"dateModified\":\"2025-07-18T11:38:33+00:00\",\"breadcrumb\":{\"@id\":\"https:\\\/\\\/barcelona.euses.cat\\\/fr\\\/reglementation\\\/#breadcrumb\"},\"inLanguage\":\"fr-FR\",\"potentialAction\":[{\"@type\":\"ReadAction\",\"target\":[\"https:\\\/\\\/barcelona.euses.cat\\\/fr\\\/reglementation\\\/\"]}]},{\"@type\":\"BreadcrumbList\",\"@id\":\"https:\\\/\\\/barcelona.euses.cat\\\/fr\\\/reglementation\\\/#breadcrumb\",\"itemListElement\":[{\"@type\":\"ListItem\",\"position\":1,\"name\":\"Portada\",\"item\":\"https:\\\/\\\/barcelona.euses.cat\\\/fr\\\/\"},{\"@type\":\"ListItem\",\"position\":2,\"name\":\"R\u00e9glementation\"}]},{\"@type\":\"WebSite\",\"@id\":\"https:\\\/\\\/barcelona.euses.cat\\\/ca\\\/#website\",\"url\":\"https:\\\/\\\/barcelona.euses.cat\\\/ca\\\/\",\"name\":\"EUSES - Campus de Bellvitge (Barcelona)\",\"description\":\"EUSES, Ecole Universitaire de Physioth\u00e9rapie Internationale \u00e0 Barcelone\",\"potentialAction\":[{\"@type\":\"SearchAction\",\"target\":{\"@type\":\"EntryPoint\",\"urlTemplate\":\"https:\\\/\\\/barcelona.euses.cat\\\/ca\\\/?s={search_term_string}\"},\"query-input\":{\"@type\":\"PropertyValueSpecification\",\"valueRequired\":true,\"valueName\":\"search_term_string\"}}],\"inLanguage\":\"fr-FR\"}]}<\/script>\n<!-- \/ Yoast SEO plugin. -->","yoast_head_json":{"title":"R\u00e9glementation | Euses - Campus de Bellvitge (Barcelone)","robots":{"index":"index","follow":"follow","max-snippet":"max-snippet:-1","max-image-preview":"max-image-preview:large","max-video-preview":"max-video-preview:-1"},"canonical":"https:\/\/barcelona.euses.cat\/fr\/reglementation\/","og_locale":"fr_FR","og_type":"article","og_title":"R\u00e9glementation | Euses - Campus de Bellvitge (Barcelone)","og_description":"L\u00e9gislation de l\u2019enseignement sup\u00e9rieur L\u00e9gislation sur l&rsquo;enseignement sup\u00e9rieur universitaire en Catalogne L\u00e9gislation de l\u2019Universit\u00e9 de Girona R\u00e9glementations et proc\u00e9dures UdG Bourses et aides Plan d\u2019urgence COVID-19 &nbsp; L\u00e9gislation propre EUSES R\u00e8glement interne pour l&rsquo;organisation du projet de dipl\u00f4me et de master de fin d&rsquo;\u00e9tudes R\u00e8glement int\u00e9rieur pour l&rsquo;organisation de stages externes Code d&rsquo;\u00e9thique Mobilit\u00e9 R\u00e8gles [&hellip;]","og_url":"https:\/\/barcelona.euses.cat\/fr\/reglementation\/","og_site_name":"EUSES - Campus de Bellvitge (Barcelona)","article_publisher":"https:\/\/www.facebook.com\/PhysioBCN\/","article_modified_time":"2025-07-18T11:38:33+00:00","twitter_card":"summary_large_image","twitter_misc":{"Dur\u00e9e de lecture estim\u00e9e":"1 minute"},"schema":{"@context":"https:\/\/schema.org","@graph":[{"@type":"WebPage","@id":"https:\/\/barcelona.euses.cat\/fr\/reglementation\/","url":"https:\/\/barcelona.euses.cat\/fr\/reglementation\/","name":"R\u00e9glementation | Euses - Campus de Bellvitge (Barcelone)","isPartOf":{"@id":"https:\/\/barcelona.euses.cat\/ca\/#website"},"datePublished":"2019-06-17T07:51:58+00:00","dateModified":"2025-07-18T11:38:33+00:00","breadcrumb":{"@id":"https:\/\/barcelona.euses.cat\/fr\/reglementation\/#breadcrumb"},"inLanguage":"fr-FR","potentialAction":[{"@type":"ReadAction","target":["https:\/\/barcelona.euses.cat\/fr\/reglementation\/"]}]},{"@type":"BreadcrumbList","@id":"https:\/\/barcelona.euses.cat\/fr\/reglementation\/#breadcrumb","itemListElement":[{"@type":"ListItem","position":1,"name":"Portada","item":"https:\/\/barcelona.euses.cat\/fr\/"},{"@type":"ListItem","position":2,"name":"R\u00e9glementation"}]},{"@type":"WebSite","@id":"https:\/\/barcelona.euses.cat\/ca\/#website","url":"https:\/\/barcelona.euses.cat\/ca\/","name":"EUSES - Campus de Bellvitge (Barcelona)","description":"EUSES, Ecole Universitaire de Physioth\u00e9rapie Internationale \u00e0 Barcelone","potentialAction":[{"@type":"SearchAction","target":{"@type":"EntryPoint","urlTemplate":"https:\/\/barcelona.euses.cat\/ca\/?s={search_term_string}"},"query-input":{"@type":"PropertyValueSpecification","valueRequired":true,"valueName":"search_term_string"}}],"inLanguage":"fr-FR"}]}},"_links":{"self":[{"href":"https:\/\/barcelona.euses.cat\/fr\/wp-json\/wp\/v2\/pages\/7464","targetHints":{"allow":["GET"]}}],"collection":[{"href":"https:\/\/barcelona.euses.cat\/fr\/wp-json\/wp\/v2\/pages"}],"about":[{"href":"https:\/\/barcelona.euses.cat\/fr\/wp-json\/wp\/v2\/types\/page"}],"author":[{"embeddable":true,"href":"https:\/\/barcelona.euses.cat\/fr\/wp-json\/wp\/v2\/users\/1"}],"replies":[{"embeddable":true,"href":"https:\/\/barcelona.euses.cat\/fr\/wp-json\/wp\/v2\/comments?post=7464"}],"version-history":[{"count":17,"href":"https:\/\/barcelona.euses.cat\/fr\/wp-json\/wp\/v2\/pages\/7464\/revisions"}],"predecessor-version":[{"id":12637,"href":"https:\/\/barcelona.euses.cat\/fr\/wp-json\/wp\/v2\/pages\/7464\/revisions\/12637"}],"wp:attachment":[{"href":"https:\/\/barcelona.euses.cat\/fr\/wp-json\/wp\/v2\/media?parent=7464"}],"curies":[{"name":"wp","href":"https:\/\/api.w.org\/{rel}","templated":true}]}}