{"id":7456,"date":"2019-06-17T10:02:41","date_gmt":"2019-06-17T08:02:41","guid":{"rendered":"https:\/\/barcelona.euses.cat\/calidad\/"},"modified":"2025-03-28T13:27:23","modified_gmt":"2025-03-28T12:27:23","slug":"qualite","status":"publish","type":"page","link":"https:\/\/barcelona.euses.cat\/fr\/qualite\/","title":{"rendered":"Qualit\u00e9"},"content":{"rendered":"<h3><strong>QUALIT\u00c9<\/strong><\/h3>\n<ul>\n<li><a href=\"https:\/\/www.udg.edu\/ca\/udgqualitat\/centres-adscrits\/compromis-de-qualitat?centre=CENT3159\" target=\"_blank\" rel=\"noopener noreferrer\">Engagement qualit\u00e9<\/a><\/li>\n<li><a href=\"https:\/\/www.udg.edu\/ca\/udgqualitat\/politica-de-qualitat\" target=\"_blank\" rel=\"noopener noreferrer\">Politique en mati\u00e8re de qualit\u00e9<\/a><\/li>\n<li><a href=\"https:\/\/girona.euses.cat\/wp-content\/uploads\/2021\/11\/Poli\u0301tica-de-qualitat-dEUSES-v.1.pdf\" target=\"_blank\" rel=\"noopener noreferrer\">Politique Qualit\u00e9 EUSES<\/a><\/li>\n<li><a href=\"https:\/\/www.udg.edu\/ca\/udgqualitat\/centres-adscrits\/comissio-de-qualitat?centre=CENT3159\" target=\"_blank\" rel=\"noopener noreferrer\">Commission de qualit\u00e9 EUSES<\/a><\/li>\n<\/ul>\n<p>&nbsp;<\/p>\n<h3><strong>SGIQ (Syst\u00e8me interne d&rsquo;assurance qualit\u00e9)<\/strong><\/h3>\n<ul>\n<li><a href=\"https:\/\/www.udg.edu\/ca\/udgqualitat\/sistema-de-garantia-intern-de-qualitat\" target=\"_blank\" rel=\"noopener noreferrer\">SGIQ \u00e0 l&rsquo;UDG<\/a><\/li>\n<li><a href=\"https:\/\/www.udg.edu\/ca\/udgqualitat\/centres-adscrits\/sistema-de-garantia-intern-de-qualitat?centre=CENT3159\" target=\"_blank\" rel=\"noopener noreferrer\">SGIQ \u00e0 EUSES<\/a><\/li>\n<li><a href=\"https:\/\/www.udg.edu\/ca\/udgqualitat\/centres-adscrits\/qualitat-de-les-titulacions?centre=CENT3159\" target=\"_blank\" rel=\"noopener noreferrer\">Qualit\u00e9 des dipl\u00f4mes<\/a><\/li>\n<li><a href=\"https:\/\/www.udg.edu\/ca\/udgqualitat\/centres-adscrits\/pla-de-millora?centre=CENT3159\" target=\"_blank\" rel=\"noopener noreferrer\">Plan d&rsquo;am\u00e9lioration<\/a><\/li>\n<\/ul>\n<p>&nbsp;<\/p>\n<h3><strong>Rapports de l&rsquo;AQU de dipl\u00f4mes et masters<\/strong><\/h3>\n<p><strong>Dipl\u00f4me en Kin\u00e9sith\u00e9rapie<\/strong><\/p>\n<ul>\n<li><a href=\"https:\/\/girona.euses.cat\/wp-content\/uploads\/2019\/06\/FISIO-Verificacio-Memoria-2009.pdf\" target=\"_blank\" rel=\"noopener noreferrer\">Rapport de v\u00e9rification (2009)<\/a><\/li>\n<li><a href=\"https:\/\/aserv2.udg.edu\/apps\/Portals\/15\/qdocs\/FISIO_i_CAFE_Acreditaci%C3%B3_Autoinforme_17092014.pdf?_ga=2.159968829.1023053081.1582536375-636626616.1523958377\" target=\"_blank\" rel=\"noopener noreferrer\">Auto-rapport du Certification (2014\/15)<\/a><\/li>\n<li><a href=\"https:\/\/girona.euses.cat\/wp-content\/uploads\/2022\/03\/AIA-EUSES-19-20.pdf\" target=\"_blank\" rel=\"noopener noreferrer\">Auto-rapport du Certification (2019\/20)<\/a><\/li>\n<li>Rapports d\u2019\u00e9valuation\n<ul>\n<li><a href=\"https:\/\/aserv2.udg.edu\/apps\/Portals\/15\/qdocs\/FISIO_Verificacio_ANECA_27042009.pdf?_ga=2.167308478.1023053081.1582536375-636626616.1523958377\" target=\"_blank\" rel=\"noopener noreferrer\">V\u00e9rification<\/a><\/li>\n<li><a href=\"https:\/\/girona.euses.cat\/wp-content\/uploads\/2022\/03\/Acreditacio_Fisioterapia_19-20.pdf\" target=\"_blank\" rel=\"noopener noreferrer\">Certification<\/a><\/li>\n<\/ul>\n<\/li>\n<li><a href=\"https:\/\/girona.euses.cat\/wp-content\/uploads\/2019\/06\/RESOLUCI%C3%93N-FISIO.pdf\" target=\"_blank\" rel=\"noopener noreferrer\">R\u00e9solution du Comit\u00e9 Universit\u00e9s<\/a><\/li>\n<li><a href=\"https:\/\/www.educacion.gob.es\/ruct\/estudiocentro.action?codigoCiclo=SC&amp;codigoEstudio=2500698&amp;actual=estudios\" target=\"_blank\" rel=\"noopener noreferrer\">RUCT<\/a><\/li>\n<li><a href=\"http:\/\/estudis.aqu.cat\/euc\/es\/estudi\/530\" target=\"_blank\" rel=\"noopener noreferrer\">Informations sur le dipl\u00f4me \u00e0 EUC (\u00c9tudes Universitaires de Catalogne)<\/a><\/li>\n<\/ul>\n<p>&nbsp;<\/p>\n<p><strong>Dipl\u00f4me en Kin\u00e9sith\u00e9rapie &#8211; Physiotherapy Barcelone (interuniversitaire)<\/strong><\/p>\n<ul>\n<li><a href=\"https:\/\/girona.euses.cat\/wp-content\/uploads\/2019\/06\/MEM\u00d2RIA-VERIFICACI\u00d3-PHYSIOTHERAPY.pdf\" target=\"_blank\" rel=\"noopener noreferrer\">Rapport de v\u00e9rification (2015)<\/a><\/li>\n<li>Rapports d\u2019\u00e9valuation\n<ul>\n<li><a href=\"https:\/\/aserv2.udg.edu\/apps\/Portals\/15\/qdocs\/FISIO_Verificacio_ANECA_27042009.pdf?_ga=2.167308478.1023053081.1582536375-636626616.1523958377\" target=\"_blank\" rel=\"noopener noreferrer\">V\u00e9rification<\/a><\/li>\n<li><a href=\"https:\/\/girona.euses.cat\/wp-content\/uploads\/2022\/03\/Acreditacio_Fisioterapia_INT_19-20.pdf\" target=\"_blank\" rel=\"noopener noreferrer\">Certification<\/a><\/li>\n<\/ul>\n<\/li>\n<li><a href=\"https:\/\/girona.euses.cat\/wp-content\/uploads\/2019\/06\/RESOLUCION-CONSEJO-UNIVERSIDADES-PHYSIO.pdf\" target=\"_blank\" rel=\"noopener noreferrer\">R\u00e9solution du Comit\u00e9 Universit\u00e9s<\/a><\/li>\n<li><a href=\"https:\/\/www.educacion.gob.es\/ruct\/estudiocentro.action?codigoCiclo=SC&amp;codigoEstudio=2503269&amp;actual=estudios\" target=\"_blank\" rel=\"noopener noreferrer\">RUCT<\/a><\/li>\n<li><a href=\"https:\/\/girona.euses.cat\/wp-content\/uploads\/2019\/06\/CONVENI-COL.LABORACI\u00d3-UDG-UB.pdf\" target=\"_blank\" rel=\"noopener noreferrer\">Accord de collaboration UdG-UB<\/a><\/li>\n<li><a href=\"http:\/\/estudis.aqu.cat\/euc\/estudi\/2693\" target=\"_blank\" rel=\"noopener noreferrer\">Informations sur le dipl\u00f4me \u00e0 EUC<\/a><\/li>\n<\/ul>\n<p>&nbsp;<\/p>\n<p><strong>Dipl\u00f4me en Sciences et Techniques des Activit\u00e9s Physiques et Sportives (STAPS)<\/strong><\/p>\n<ul>\n<li><a href=\"https:\/\/girona.euses.cat\/wp-content\/uploads\/2019\/06\/MEM%C3%92RIA-VERIFICACI%C3%93-CAFiE.pdf\" target=\"_blank\" rel=\"noopener noreferrer\">Rapport de v\u00e9rification (2009)<\/a><\/li>\n<li><a href=\"https:\/\/aserv2.udg.edu\/apps\/Portals\/15\/qdocs\/FISIO_i_CAFE_Acreditaci%C3%B3_Autoinforme_17092014.pdf?_ga=2.159968829.1023053081.1582536375-636626616.1523958377\" target=\"_blank\" rel=\"noopener noreferrer\">Auto-rapport du Certification (2014\/15)<\/a><\/li>\n<li><a href=\"https:\/\/girona.euses.cat\/wp-content\/uploads\/2022\/03\/AIA-EUSES-19-20.pdf\" target=\"_blank\" rel=\"noopener noreferrer\">Auto-rapport du Certification (2019\/20)<\/a><\/li>\n<li>Rapport d\u2019\u00e9valuation\n<ul>\n<li><a href=\"https:\/\/girona.euses.cat\/wp-content\/uploads\/2022\/03\/Acreditacio_Fisioterapia_19-20.pdf\" target=\"_blank\" rel=\"noopener noreferrer\">Certification<\/a><\/li>\n<\/ul>\n<\/li>\n<li><a href=\"https:\/\/girona.euses.cat\/wp-content\/uploads\/2021\/03\/CAFE_Modificacio_2015_Memoria_10072015-4dbcc7e5-a4a1-4d7e-b90c-dcf54a65faa3.pdf\" target=\"_blank\" rel=\"noopener noreferrer\">M\u00e9moire modifi\u00e9e (2015)<\/a><\/li>\n<li>Rapport d&rsquo;\u00e9valuation\n<ul>\n<li><a href=\"https:\/\/girona.euses.cat\/wp-content\/uploads\/2019\/06\/INFORME-AVALUACI%C3%93-CAFiE-MODIFICACI%C3%93.pdf\" target=\"_blank\" rel=\"noopener noreferrer\">Modification<\/a><\/li>\n<\/ul>\n<\/li>\n<li><a href=\"https:\/\/girona.euses.cat\/wp-content\/uploads\/2019\/06\/RESOLUCI%C3%93N-CAFiE.pdf\" target=\"_blank\" rel=\"noopener noreferrer\">R\u00e9solution du Comit\u00e9 Universit\u00e9s<\/a><\/li>\n<li><a href=\"https:\/\/www.educacion.gob.es\/ruct\/estudiocentro.action?codigoCiclo=SC&amp;codigoEstudio=2501047&amp;actual=estudios\" target=\"_blank\" rel=\"noopener noreferrer\">RUCT<\/a><\/li>\n<li><a href=\"http:\/\/estudis.aqu.cat\/euc\/estudi\/531\" target=\"_blank\" rel=\"noopener noreferrer\">Informations sur le dipl\u00f4me \u00e0 EUC<\/a><\/li>\n<\/ul>\n<p>&nbsp;<\/p>\n<h3><strong>Insertion professionnelle et satisfaction des dipl\u00f4m\u00e9s<\/strong><\/h3>\n<ul>\n<li><a href=\"https:\/\/estudis.aqu.cat\/dades\/Web\/Grau\/InsercioLaboral\" target=\"_blank\" rel=\"noopener noreferrer\">Insertion professionnalle<\/a><\/li>\n<li><a href=\"https:\/\/estudis.aqu.cat\/dades\/Web\/Grau\/Satisfaccio\" target=\"_blank\" rel=\"noopener noreferrer\">Satisfaction<\/a><\/li>\n<\/ul>\n<p>&nbsp;<\/p>\n<h3><strong>Rapports de suivi et certification des dipl\u00f4mes et masters<\/strong><\/h3>\n<p><strong>Ann\u00e9e acad\u00e9mique 2016-2017<\/strong><\/p>\n<ul>\n<li><a href=\"https:\/\/girona.euses.cat\/wp-content\/uploads\/2019\/06\/INFORME-DE-SEGUIMENT-2016-2017-EUSES-DEF.pdf\" target=\"_blank\" rel=\"noopener noreferrer\">Rapport de suivi 2016-2017<\/a><\/li>\n<li>Tableaux et graphiques\n<ul>\n<li><a href=\"https:\/\/girona.euses.cat\/wp-content\/uploads\/2019\/07\/TAULES-FISIO-SALT-PHYSIO-BCN-16-17.xlsx\" target=\"_blank\" rel=\"noopener noreferrer\">Dipl\u00f4me en Kin\u00e9sith\u00e9rapie (Salt) + Physiotherapy Barcelona (interuniversitaire)<\/a><\/li>\n<li><a href=\"https:\/\/girona.euses.cat\/wp-content\/uploads\/2019\/07\/TAULES-CAFiE-16-17.xlsx\" target=\"_blank\" rel=\"noopener noreferrer\">Dipl\u00f4me en Sciences et Techniques des Activit\u00e9s Physiques et Sportives<\/a><\/li>\n<\/ul>\n<\/li>\n<\/ul>\n<p><strong>Ann\u00e9e acad\u00e9mique 2017-2018<\/strong><\/p>\n<ul>\n<li><a href=\"https:\/\/girona.euses.cat\/wp-content\/uploads\/2020\/03\/Informe-de-seguiment-EUSES-17-18-v.1.pdf\" target=\"_blank\" rel=\"noopener noreferrer\">Rapport de suivi 2017-2018<\/a><\/li>\n<li>Tableaux et graphiques\n<ul>\n<li><a href=\"https:\/\/girona.euses.cat\/wp-content\/uploads\/2019\/06\/Fisioter\u00e0pia-TAULES-SALT.xlsx\" target=\"_blank\" rel=\"noopener noreferrer\">Dipl\u00f4me en Kin\u00e9sith\u00e9rapie<\/a><\/li>\n<li><a href=\"https:\/\/girona.euses.cat\/wp-content\/uploads\/2019\/06\/Fisioter\u00e0pia-561-BCN.xlsx\" target=\"_blank\" rel=\"noopener noreferrer\">Dipl\u00f4me en Kin\u00e9sith\u00e9rapie &#8211; Physiotherapy Barcelona (interuniversitaire)<\/a><\/li>\n<li><a href=\"https:\/\/girona.euses.cat\/wp-content\/uploads\/2019\/06\/CAFE-FINAL-TAULES-INFORME-SEGUIMENT.xlsx\" target=\"_blank\" rel=\"noopener noreferrer\">Dipl\u00f4me en Sciences et Techniques des Activit\u00e9s Physiques et Sportives<\/a><\/li>\n<li><a href=\"https:\/\/girona.euses.cat\/wp-content\/uploads\/2019\/06\/DTG-TAULES.xlsx\" target=\"_blank\" rel=\"noopener noreferrer\">Double dipl\u00f4me en Kin\u00e9sith\u00e9rapie et STAPS<\/a><\/li>\n<\/ul>\n<\/li>\n<\/ul>\n<p><strong>Ann\u00e9e acad\u00e9mique 2018-2019<\/strong><\/p>\n<ul>\n<li><a href=\"https:\/\/girona.euses.cat\/wp-content\/uploads\/2020\/03\/ISC-18-19-v1.pdf\" target=\"_blank\" rel=\"noopener noreferrer\">Rapport de suivi 2018-2019<\/a><\/li>\n<li>Tableaux et graphiques\n<ul>\n<li><a href=\"https:\/\/girona.euses.cat\/wp-content\/uploads\/2020\/02\/GRAU0245-Fisio-def-2.xlsx\" target=\"_blank\" rel=\"noopener noreferrer\">Dipl\u00f4me en Kin\u00e9sith\u00e9rapie<\/a><\/li>\n<li><a href=\"https:\/\/girona.euses.cat\/wp-content\/uploads\/2020\/02\/GRAU0561-Physio-3159-def-2.xlsx\" target=\"_blank\" rel=\"noopener noreferrer\">Dipl\u00f4me en Kin\u00e9sith\u00e9rapie &#8211; Physiotherapy Barcelona (interuniversitaire)<\/a><\/li>\n<li><a href=\"https:\/\/girona.euses.cat\/wp-content\/uploads\/2020\/02\/GRAU0244-Cie\u0300ncies-Activitat-Esport-def-2.xlsx\" target=\"_blank\" rel=\"noopener noreferrer\">Dipl\u00f4me en Sciences et Techniques des Activit\u00e9s Physiques et Sportives<\/a><\/li>\n<li><a href=\"https:\/\/girona.euses.cat\/wp-content\/uploads\/2020\/02\/3159GD116-CAFE-Fisio-def-2.xlsx\" target=\"_blank\" rel=\"noopener noreferrer\">Double dipl\u00f4me en Kin\u00e9sith\u00e9rapie et STAPS<\/a><\/li>\n<\/ul>\n<\/li>\n<li><a href=\"https:\/\/girona.euses.cat\/wp-content\/uploads\/2020\/05\/Pla-de-Millora-EUSES-2018-2019-2.pdf\" target=\"_blank\" rel=\"noopener noreferrer\">Plan d\u2019am\u00e9lioration<\/a><\/li>\n<\/ul>\n<p><strong>Ann\u00e9e acad\u00e9mique 2019-2020<\/strong><\/p>\n<ul>\n<li><a href=\"https:\/\/girona.euses.cat\/wp-content\/uploads\/2021\/03\/AIA-EUSES-v.1.-1.pdf\" target=\"_blank\" rel=\"noopener noreferrer\">Auto-rapport du Certification (2019\/20)<\/a><\/li>\n<li><a href=\"https:\/\/girona.euses.cat\/wp-content\/uploads\/2021\/03\/3.3.1.a.-Pla-de-millora-del-centre.pdf\" target=\"_blank\" rel=\"noopener noreferrer\">Plan d&rsquo;am\u00e9lioration de l&rsquo;\u00e9cole<\/a><\/li>\n<\/ul>\n<p><strong>Ann\u00e9e acad\u00e9mique 2021-2022<\/strong><\/p>\n<ul>\n<li><a href=\"https:\/\/girona.euses.cat\/wp-content\/uploads\/2023\/04\/Informe-de-Seguiment-EUSES-2022-aprovat-CQC-28_03_2023.pdf\">Rapport de suivi 2021-2022<\/a><\/li>\n<li>Tableaux et graphiques\n<ul>\n<li><a href=\"https:\/\/girona.euses.cat\/wp-content\/uploads\/2023\/04\/DGU1937-Readaptacia-2122-230126.xlsx\">Master en R\u00e9adaptation, activit\u00e9 physique et comp\u00e9tition sportive<\/a><\/li>\n<\/ul>\n<\/li>\n<li><a href=\"https:\/\/girona.euses.cat\/wp-content\/uploads\/2023\/04\/Pla-de-millora-EUSES-a-9-de-mar\u2021-de-2023.pdf\">Plan d\u2019am\u00e9lioration<\/a><\/li>\n<\/ul>\n<p><strong>Ann\u00e9e acad\u00e9mique 2022-2023<\/strong><\/p>\n<ul>\n<li><a href=\"https:\/\/barcelona.euses.cat\/wp-content\/uploads\/2024\/02\/EUSES-Seguiment-22-23-v7-x-web.pdf\" target=\"_blank\" rel=\"noopener\">Rapport de suivi 2022-2023<\/a><\/li>\n<li>Tableaux et graphiques\n<ul>\n<li><a href=\"https:\/\/girona.euses.cat\/wp-content\/uploads\/2024\/02\/DGU1937_Master_readaptacio_2223_v2_x_web.xlsx\">Master en R\u00e9adaptation, activit\u00e9 physique et comp\u00e9tition sportive<\/a><\/li>\n<\/ul>\n<\/li>\n<li><a href=\"https:\/\/girona.euses.cat\/wp-content\/uploads\/2024\/02\/DOC0001631_PM_EUSES_21-22_i_22-23.pdf\" target=\"_blank\" rel=\"noopener\">Plan d\u2019am\u00e9lioration<\/a><\/li>\n<\/ul>\n<p><strong>Ann\u00e9e acad\u00e9mique 2023-2024<\/strong><\/p>\n<ul>\n<li><a href=\"https:\/\/girona.euses.cat\/wp-content\/uploads\/2025\/03\/ISC-Master-23-24-v10.pdf\" target=\"_blank\" rel=\"noopener\">Rapport de suivi 2023-2024<\/a><\/li>\n<li>Tableaux et graphiques\n<ul>\n<li><a href=\"https:\/\/lameva.udg.edu\/Aplicacions\/Data-UdG?reportId=ded953ee-3a46-4ba4-9b03-9d2930e7e5c6&amp;sid=60bcf38f-62c1-4077-9038-020609fce3b3\" target=\"_blank\" rel=\"noopener\">Master en R\u00e9adaptation, activit\u00e9 physique et comp\u00e9tition sportive<\/a><\/li>\n<\/ul>\n<\/li>\n<li><a href=\"https:\/\/girona.euses.cat\/wp-content\/uploads\/2025\/03\/Resum-del-pla-de-millora-dEUSES-13-de-febrer-de-2025.pdf\" target=\"_blank\" rel=\"noopener\">Plan d\u2019am\u00e9lioration<\/a><\/li>\n<\/ul>\n<h3><strong>Documents<\/strong><\/h3>\n<ul>\n<li><a href=\"https:\/\/girona.euses.cat\/wp-content\/uploads\/2021\/04\/Informacio\u0301-per-passar-de-CAFE-a-FISIO-2021-DEF.pdf\" target=\"_blank\" rel=\"noopener noreferrer\">Acc\u00e8s au dipl\u00f4me en kin\u00e9sith\u00e9rapie \u00e0 partir des \u00e9tudes en STAPS 2021\/22<\/a><\/li>\n<\/ul>\n<p>&nbsp;<\/p>\n<h3><strong>Liens<\/strong><\/h3>\n<ul>\n<li><a href=\"http:\/\/www.aqu.cat\/index_es.html\" target=\"_blank\" rel=\"noopener noreferrer\">AQU, Agence de qualit\u00e9 du syst\u00e8me universitaire de Catalogne<\/a><\/li>\n<li><a href=\"https:\/\/estudis.aqu.cat\/euc\/ca\/Comu\/Inici\/\" target=\"_blank\" rel=\"noopener noreferrer\"><u>EUC<\/u><\/a><\/li>\n<li><a href=\"https:\/\/www.udg.edu\/es\/udgqualitat\/\" target=\"_blank\" rel=\"noopener noreferrer\">Site web de qualit\u00e9 de l&rsquo;UdG<\/a><\/li>\n<li><a href=\"https:\/\/www.udg.edu\/es\/viu\/biblioteca\" target=\"_blank\" rel=\"noopener noreferrer\">Biblioth\u00e8que<\/a><\/li>\n<li><a href=\"https:\/\/www.ub.edu\/portal\/web\/politiques-qualitat\" target=\"_blank\" rel=\"noopener noreferrer\">APQUB, Agence de politiques et de qualit\u00e9 de l&rsquo;UB<\/a><\/li>\n<li><a href=\"http:\/\/www.ub.edu\/gestio-ensenyaments\/\" target=\"_blank\" rel=\"noopener noreferrer\">Gestion de l&rsquo;enseignement<\/a><\/li>\n<li><a href=\"https:\/\/www.udg.edu\/es\/estudia\/Acces\" target=\"_blank\" rel=\"noopener noreferrer\">Acc\u00e8s (UdG)<\/a><\/li>\n<li><a href=\"https:\/\/www.ub.edu\/web\/ub\/es\/estudis\/estudiar_UB\/admissions\/admissions_grau\/admissions_grau.html?\" target=\"_blank\" rel=\"noopener noreferrer\">Admission \u00e0 l&rsquo;enseignement universitaire(UB)<\/a><\/li>\n<\/ul>\n<p>&nbsp;<\/p>\n","protected":false},"excerpt":{"rendered":"<p>QUALIT\u00c9 Engagement qualit\u00e9 Politique en mati\u00e8re de qualit\u00e9 Politique Qualit\u00e9 EUSES Commission de qualit\u00e9 EUSES &nbsp; SGIQ (Syst\u00e8me interne d&rsquo;assurance qualit\u00e9) SGIQ \u00e0 l&rsquo;UDG SGIQ \u00e0 EUSES Qualit\u00e9 des dipl\u00f4mes Plan d&rsquo;am\u00e9lioration &nbsp; Rapports de l&rsquo;AQU de dipl\u00f4mes et masters Dipl\u00f4me en Kin\u00e9sith\u00e9rapie Rapport de v\u00e9rification (2009) Auto-rapport du Certification (2014\/15) Auto-rapport du Certification (2019\/20) [&hellip;]<\/p>\n","protected":false},"author":1,"featured_media":0,"parent":0,"menu_order":0,"comment_status":"closed","ping_status":"closed","template":"page-pagina.php","meta":{"_acf_changed":false,"inline_featured_image":false,"_joinchat":[],"footnotes":""},"class_list":["post-7456","page","type-page","status-publish","hentry"],"acf":[],"yoast_head":"<!-- This site is optimized with the Yoast SEO plugin v27.4 - https:\/\/yoast.com\/product\/yoast-seo-wordpress\/ -->\n<title>Qualit\u00e9 | Euses - Campus de Bellvitge (Barcelone)<\/title>\n<meta name=\"robots\" content=\"index, follow, max-snippet:-1, max-image-preview:large, max-video-preview:-1\" \/>\n<link rel=\"canonical\" href=\"https:\/\/barcelona.euses.cat\/fr\/qualite\/\" \/>\n<meta property=\"og:locale\" content=\"fr_FR\" \/>\n<meta property=\"og:type\" content=\"article\" \/>\n<meta property=\"og:title\" content=\"Qualit\u00e9 | Euses - Campus de Bellvitge (Barcelone)\" \/>\n<meta property=\"og:description\" content=\"QUALIT\u00c9 Engagement qualit\u00e9 Politique en mati\u00e8re de qualit\u00e9 Politique Qualit\u00e9 EUSES Commission de qualit\u00e9 EUSES &nbsp; SGIQ (Syst\u00e8me interne d&rsquo;assurance qualit\u00e9) SGIQ \u00e0 l&rsquo;UDG SGIQ \u00e0 EUSES Qualit\u00e9 des dipl\u00f4mes Plan d&rsquo;am\u00e9lioration &nbsp; Rapports de l&rsquo;AQU de dipl\u00f4mes et masters Dipl\u00f4me en Kin\u00e9sith\u00e9rapie Rapport de v\u00e9rification (2009) Auto-rapport du Certification (2014\/15) Auto-rapport du Certification (2019\/20) [&hellip;]\" \/>\n<meta property=\"og:url\" content=\"https:\/\/barcelona.euses.cat\/fr\/qualite\/\" \/>\n<meta property=\"og:site_name\" content=\"EUSES - Campus de Bellvitge (Barcelona)\" \/>\n<meta property=\"article:publisher\" content=\"https:\/\/www.facebook.com\/PhysioBCN\/\" \/>\n<meta property=\"article:modified_time\" content=\"2025-03-28T12:27:23+00:00\" \/>\n<meta name=\"twitter:card\" content=\"summary_large_image\" \/>\n<meta name=\"twitter:label1\" content=\"Dur\u00e9e de lecture estim\u00e9e\" \/>\n\t<meta name=\"twitter:data1\" content=\"2 minutes\" \/>\n<script type=\"application\/ld+json\" class=\"yoast-schema-graph\">{\"@context\":\"https:\\\/\\\/schema.org\",\"@graph\":[{\"@type\":\"WebPage\",\"@id\":\"https:\\\/\\\/barcelona.euses.cat\\\/fr\\\/qualite\\\/\",\"url\":\"https:\\\/\\\/barcelona.euses.cat\\\/fr\\\/qualite\\\/\",\"name\":\"Qualit\u00e9 | Euses - Campus de Bellvitge (Barcelone)\",\"isPartOf\":{\"@id\":\"https:\\\/\\\/barcelona.euses.cat\\\/ca\\\/#website\"},\"datePublished\":\"2019-06-17T08:02:41+00:00\",\"dateModified\":\"2025-03-28T12:27:23+00:00\",\"breadcrumb\":{\"@id\":\"https:\\\/\\\/barcelona.euses.cat\\\/fr\\\/qualite\\\/#breadcrumb\"},\"inLanguage\":\"fr-FR\",\"potentialAction\":[{\"@type\":\"ReadAction\",\"target\":[\"https:\\\/\\\/barcelona.euses.cat\\\/fr\\\/qualite\\\/\"]}]},{\"@type\":\"BreadcrumbList\",\"@id\":\"https:\\\/\\\/barcelona.euses.cat\\\/fr\\\/qualite\\\/#breadcrumb\",\"itemListElement\":[{\"@type\":\"ListItem\",\"position\":1,\"name\":\"Portada\",\"item\":\"https:\\\/\\\/barcelona.euses.cat\\\/fr\\\/\"},{\"@type\":\"ListItem\",\"position\":2,\"name\":\"Qualit\u00e9\"}]},{\"@type\":\"WebSite\",\"@id\":\"https:\\\/\\\/barcelona.euses.cat\\\/ca\\\/#website\",\"url\":\"https:\\\/\\\/barcelona.euses.cat\\\/ca\\\/\",\"name\":\"EUSES - Campus de Bellvitge (Barcelona)\",\"description\":\"EUSES, Ecole Universitaire de Physioth\u00e9rapie Internationale \u00e0 Barcelone\",\"potentialAction\":[{\"@type\":\"SearchAction\",\"target\":{\"@type\":\"EntryPoint\",\"urlTemplate\":\"https:\\\/\\\/barcelona.euses.cat\\\/ca\\\/?s={search_term_string}\"},\"query-input\":{\"@type\":\"PropertyValueSpecification\",\"valueRequired\":true,\"valueName\":\"search_term_string\"}}],\"inLanguage\":\"fr-FR\"}]}<\/script>\n<!-- \/ Yoast SEO plugin. -->","yoast_head_json":{"title":"Qualit\u00e9 | Euses - Campus de Bellvitge (Barcelone)","robots":{"index":"index","follow":"follow","max-snippet":"max-snippet:-1","max-image-preview":"max-image-preview:large","max-video-preview":"max-video-preview:-1"},"canonical":"https:\/\/barcelona.euses.cat\/fr\/qualite\/","og_locale":"fr_FR","og_type":"article","og_title":"Qualit\u00e9 | Euses - Campus de Bellvitge (Barcelone)","og_description":"QUALIT\u00c9 Engagement qualit\u00e9 Politique en mati\u00e8re de qualit\u00e9 Politique Qualit\u00e9 EUSES Commission de qualit\u00e9 EUSES &nbsp; SGIQ (Syst\u00e8me interne d&rsquo;assurance qualit\u00e9) SGIQ \u00e0 l&rsquo;UDG SGIQ \u00e0 EUSES Qualit\u00e9 des dipl\u00f4mes Plan d&rsquo;am\u00e9lioration &nbsp; Rapports de l&rsquo;AQU de dipl\u00f4mes et masters Dipl\u00f4me en Kin\u00e9sith\u00e9rapie Rapport de v\u00e9rification (2009) Auto-rapport du Certification (2014\/15) Auto-rapport du Certification (2019\/20) [&hellip;]","og_url":"https:\/\/barcelona.euses.cat\/fr\/qualite\/","og_site_name":"EUSES - Campus de Bellvitge (Barcelona)","article_publisher":"https:\/\/www.facebook.com\/PhysioBCN\/","article_modified_time":"2025-03-28T12:27:23+00:00","twitter_card":"summary_large_image","twitter_misc":{"Dur\u00e9e de lecture estim\u00e9e":"2 minutes"},"schema":{"@context":"https:\/\/schema.org","@graph":[{"@type":"WebPage","@id":"https:\/\/barcelona.euses.cat\/fr\/qualite\/","url":"https:\/\/barcelona.euses.cat\/fr\/qualite\/","name":"Qualit\u00e9 | Euses - Campus de Bellvitge (Barcelone)","isPartOf":{"@id":"https:\/\/barcelona.euses.cat\/ca\/#website"},"datePublished":"2019-06-17T08:02:41+00:00","dateModified":"2025-03-28T12:27:23+00:00","breadcrumb":{"@id":"https:\/\/barcelona.euses.cat\/fr\/qualite\/#breadcrumb"},"inLanguage":"fr-FR","potentialAction":[{"@type":"ReadAction","target":["https:\/\/barcelona.euses.cat\/fr\/qualite\/"]}]},{"@type":"BreadcrumbList","@id":"https:\/\/barcelona.euses.cat\/fr\/qualite\/#breadcrumb","itemListElement":[{"@type":"ListItem","position":1,"name":"Portada","item":"https:\/\/barcelona.euses.cat\/fr\/"},{"@type":"ListItem","position":2,"name":"Qualit\u00e9"}]},{"@type":"WebSite","@id":"https:\/\/barcelona.euses.cat\/ca\/#website","url":"https:\/\/barcelona.euses.cat\/ca\/","name":"EUSES - Campus de Bellvitge (Barcelona)","description":"EUSES, Ecole Universitaire de Physioth\u00e9rapie Internationale \u00e0 Barcelone","potentialAction":[{"@type":"SearchAction","target":{"@type":"EntryPoint","urlTemplate":"https:\/\/barcelona.euses.cat\/ca\/?s={search_term_string}"},"query-input":{"@type":"PropertyValueSpecification","valueRequired":true,"valueName":"search_term_string"}}],"inLanguage":"fr-FR"}]}},"_links":{"self":[{"href":"https:\/\/barcelona.euses.cat\/fr\/wp-json\/wp\/v2\/pages\/7456","targetHints":{"allow":["GET"]}}],"collection":[{"href":"https:\/\/barcelona.euses.cat\/fr\/wp-json\/wp\/v2\/pages"}],"about":[{"href":"https:\/\/barcelona.euses.cat\/fr\/wp-json\/wp\/v2\/types\/page"}],"author":[{"embeddable":true,"href":"https:\/\/barcelona.euses.cat\/fr\/wp-json\/wp\/v2\/users\/1"}],"replies":[{"embeddable":true,"href":"https:\/\/barcelona.euses.cat\/fr\/wp-json\/wp\/v2\/comments?post=7456"}],"version-history":[{"count":21,"href":"https:\/\/barcelona.euses.cat\/fr\/wp-json\/wp\/v2\/pages\/7456\/revisions"}],"predecessor-version":[{"id":12470,"href":"https:\/\/barcelona.euses.cat\/fr\/wp-json\/wp\/v2\/pages\/7456\/revisions\/12470"}],"wp:attachment":[{"href":"https:\/\/barcelona.euses.cat\/fr\/wp-json\/wp\/v2\/media?parent=7456"}],"curies":[{"name":"wp","href":"https:\/\/api.w.org\/{rel}","templated":true}]}}