{"id":7451,"date":"2019-01-29T15:11:42","date_gmt":"2019-01-29T14:11:42","guid":{"rendered":"https:\/\/barcelona.euses.cat\/aviso-legal\/"},"modified":"2019-12-02T11:48:23","modified_gmt":"2019-12-02T10:48:23","slug":"avis-legal","status":"publish","type":"page","link":"https:\/\/barcelona.euses.cat\/fr\/avis-legal\/","title":{"rendered":"Avis l\u00e9gal"},"content":{"rendered":"<p><strong>Informations g\u00e9n\u00e9rales &#8211; Propri\u00e9t\u00e9 du site<\/strong><\/p>\n<p>Conform\u00e9ment aux dispositions de l&rsquo;article 10 de la loi n \u00b0 34\/2002 du 11 juillet sur les Services de la Soci\u00e9t\u00e9 de l&rsquo;Information et le Commerce \u00c9lectronique, il est signal\u00e9 que www.euses.cat est une propi\u00e9t\u00e9 d&rsquo;ESCOLA SALUT I ESPORT SL (ci-apr\u00e8s d\u00e9nomm\u00e9 EUSES), CIF B17568023, si\u00e8ge social situ\u00e9 Calle President Maci\u00e0, 65 \u2022 17190 Salt (Girona), email <a href=\"mailto:protecciodades@euses.cat\">protecciodades@euses.cat<\/a> et num\u00e9ro de t\u00e9l\u00e9phone 972 405 130.<br \/>\nLe site Web www.euses.cat a pour objectif de mettre \u00e0 la disposition des \u00e9tudiants et \/ ou des utilisateurs d\u2019EUSES et du public int\u00e9ress\u00e9 des renseignements actualis\u00e9es \u00e0 propos d&rsquo;EUSES.<\/p>\n<p>&nbsp;<\/p>\n<p><strong>CONDITIONS GENERALES D&rsquo;UTILISATION<\/strong><\/p>\n<p>Cet Avis Juridique, ainsi que la politique de confidentialit\u00e9, r\u00e9gissent l&rsquo;acc\u00e8s et l&rsquo;utilisation par l&rsquo;utilisateur du site web www.euses.cat, et r\u00e9gissent express\u00e9ment les relations entre EUSES et les \u00abutilisateurs\u00bb, ainsi que les informations et les services offerts sur son site web.<br \/>\nPar l&rsquo;acceptation des pr\u00e9sentes conditions g\u00e9n\u00e9rales d&rsquo;utilisation, l&rsquo;utilisateur d\u00e9clare:<br \/>\na. Avoir lu et compris ce qui est ici expos\u00e9.<br \/>\nb. Assumer toutes les obligations ici pr\u00e9sentes.<br \/>\nLe propri\u00e9taire du site se r\u00e9serve le droit, \u00e0 tout moment et sans pr\u00e9avis, de modifier ou mettre \u00e0 jour son contenu et ses services des pr\u00e9sentes Conditions g\u00e9n\u00e9rales et, en g\u00e9n\u00e9ral, des \u00e9l\u00e9ments composant la conception et configuration du site web.<\/p>\n<p>&nbsp;<\/p>\n<p><strong>1.- <\/strong><strong>Contenu du site web<\/strong><\/p>\n<p>www.euses.cat donne acc\u00e8s \u00e0 une multitude d&rsquo;informations, services, ou donn\u00e9es (ci-apr\u00e8s \u00ab\u00a0le contenu\u00a0\u00bb) sur Internet appartenant \u00e0 EUSES ou \u00e0 ses conc\u00e9dants auxquels l&rsquo;UTILISATEUR peut avoir acc\u00e8s. L&rsquo;UTILISATEUR assume la responsabilit\u00e9 de l&rsquo;utilisation du site.<br \/>\nL&rsquo;utilisateur acc\u00e8de de mani\u00e8re volontaire \u00e0 ce site. L&rsquo;acc\u00e8s et la navigation sur ce site implique l&rsquo;acceptation et la connaissance des avertissements l\u00e9gaux, des conditions et des termes d&rsquo;utilisation qu&rsquo;il contient. Le simple acc\u00e8s n&rsquo;implique aucune relation commerciale entre EUSES et l&rsquo;utilisateur.<\/p>\n<p>EUSES n\u2019est pas responsable du mauvais usage du contenu de notre site web, cela rel\u00e8ve de la seule responsabilit\u00e9 de la personne qui acc\u00e8de aux contenus ou les utilise. La soci\u00e9t\u00e9 n&rsquo;assume \u00e9galement aucune responsabilit\u00e9 quant aux informations contenues sur les sites web de tiers accessibles via des liens inclus dans le site web www.euses.cat. La pr\u00e9sence de ces liens sur le site a un but informatif et ne constitue en aucun cas une invitation \u00e0 sous-traiter des produits ou services propos\u00e9s sur le site internet de destination.<\/p>\n<p>EUSES se r\u00e9serve le droit de mettre \u00e0 jour, modifier ou supprimer les informations contenues sur son site web, ainsi que sa configuration ou sa pr\u00e9sentation, \u00e0 tout moment, sans pr\u00e9avis et sans en assumer la responsabilit\u00e9.<\/p>\n<p>&nbsp;<\/p>\n<p><strong>2.- <\/strong><strong>Acc\u00e8s au site web<\/strong><\/p>\n<p>UTILISATEURS: L&rsquo;acc\u00e8s \u00e0 et\/ou l&rsquo;utilisation du site de EUSES accorde la condition d&rsquo;UTILISATEUR, lequel accepte, avec cet acc\u00e8s et\/ou utilisation, les Conditions g\u00e9n\u00e9rales d&rsquo;utilisation ici expos\u00e9es.<\/p>\n<p>L&rsquo;acc\u00e8s au site web est gratuit, \u00e0 l&rsquo;exception du co\u00fbt de la connexion \u00e0 travers le r\u00e9seau de t\u00e9l\u00e9communications fourni par le fournisseur d&rsquo;acc\u00e8s sous contrat avec l&rsquo;Utilisateur.<\/p>\n<p>&nbsp;<\/p>\n<p><strong>3.- Enregistrement<\/strong><\/p>\n<p>En g\u00e9n\u00e9ral, pour acc\u00e9der au contenu du site web et le parcourir, il n\u2019est pas n\u00e9cessaire l&rsquo;enregistrement de l\u2019utilisateur. Cependant, l&rsquo;utilisation de certains services et contenus peut \u00eatre soumise \u00e0 un enregistrement pr\u00e9alable de l&rsquo;Utilisateur.<\/p>\n<p>Les donn\u00e9es saisies par l&rsquo;Utilisateur doivent \u00eatre exactes, \u00e0 jour et v\u00e9ridiques. L&rsquo;Utilisateur inscrit sera responsable \u00e0 tout moment de la protection de son mot de passe, assumant par cons\u00e9quent les dommages et pr\u00e9judices r\u00e9sultant de toute utilisation abusive, de toute cession, divulgation ou perte de celui-ci. \u00c0 cette fin, l&rsquo;acc\u00e8s aux domaines restreints et\/ou l&rsquo;utilisation des services et contenus effectu\u00e9s avec le mot de passe d&rsquo;un utilisateur inscrit seront consid\u00e9r\u00e9s comme effectu\u00e9s par tel utilisateur inscrit, qui sera responsable dans tous les cas de cet acc\u00e8s et utilisation.<\/p>\n<p>&nbsp;<\/p>\n<p><strong>4.- <\/strong><strong>R\u00e8gles d&rsquo;utilisation du site web<\/strong><\/p>\n<p>L&rsquo;Utilisateur accepte d&rsquo;utiliser le site web et l&rsquo;ensemble de son contenu et services conform\u00e9ment aux prescriptions pr\u00e9vues par la loi, la morale, l&rsquo;ordre public et les pr\u00e9sentes Conditions g\u00e9n\u00e9rales. Il s&rsquo;engage \u00e9galement \u00e0 faire un usage appropri\u00e9 des services et\/ou contenus du site web et ne pas l&rsquo;utiliser pour r\u00e9aliser des activit\u00e9s ill\u00e9gales ou criminelles violant les droits d&rsquo;autrui et\/ou violant la r\u00e9glementation sur la propri\u00e9t\u00e9 intellectuelle, ou toute autre r\u00e8gle du droit applicable.<\/p>\n<p>L&rsquo;Utilisateur s&rsquo;engage \u00e0 ne pas transmettre, pr\u00e9senter, diffuser et mettre \u00e0 la disposition de tiers tout type de mat\u00e9riel et information (donn\u00e9es, contenus, messages, dessins, fichiers sonores et images, photographies, logiciels, etc.) allant \u00e0 l&rsquo;encontre de la loi, la morale, l&rsquo;ordre public et les pr\u00e9sentes Conditions G\u00e9n\u00e9rales.<\/p>\n<p>&nbsp;<\/p>\n<p><strong>5.- Responsabilit\u00e9<\/strong><\/p>\n<p>EUSES n&rsquo;assume aucune responsabilit\u00e9 pouvant d\u00e9couler de probl\u00e8mes techniques ou de pannes d&rsquo;\u00e9quipement informatique, non imputables \u00e0 notre soci\u00e9t\u00e9, survenant pendant la connexion au r\u00e9seau Internet, ni de dommages pouvant \u00eatre caus\u00e9s par des tiers par interf\u00e9rences ill\u00e9gales hors du contr\u00f4le d&rsquo;EUSES. Nous ne sommes pas responsables non plus de toute utilisation abusive de ce site. Chez EUSES, nous ne garantissons pas l\u2019absence de virus ou d\u2019autres \u00e9l\u00e9ments susceptibles d\u2019endommager les syst\u00e8mes informatiques, les documents \u00e9lectroniques ou les fichiers d\u2019utilisateurs de ce site web ou de sites web de tiers; par cons\u00e9quent, nous ne sommes donc pas responsables des dommages que cela pourrait causer. Nous sommes \u00e9galement exon\u00e9r\u00e9s de toute responsabilit\u00e9 pour les dommages \u00e9ventuels ou les pr\u00e9judices que l&rsquo;utilisateur pourrait subir en raison d&rsquo;erreurs, d\u00e9fauts ou omissions dans les informations fournies par nous, si elles proviennent de sources.<\/p>\n<p>EUSES n&rsquo;assume aucune responsabilit\u00e9 quant \u00e0 l&rsquo;\u00e9ventuelle absence de mise \u00e0 jour de ce site web, ni ne garantit que les informations publi\u00e9es sont exactes ou compl\u00e8tes. Par cons\u00e9quent, l&rsquo;Utilisateur doit confirmer que les informations publi\u00e9es sont exactes et compl\u00e8tes avant de prendre toute d\u00e9cision relative \u00e0 un service ou contenu d\u00e9crit sur ce site web.<\/p>\n<p>&nbsp;<\/p>\n<p><strong>6.- <\/strong><strong>Propri\u00e9t\u00e9 intellectuelle et industrielle<\/strong><\/p>\n<p>EUSES est le propri\u00e9taire et \/ ou le propri\u00e9taire l\u00e9gitime du site web et de son contenu. Tout le contenu du site web, ce qui inclut, sans limitation, les textes, photographies, graphiques, images, ic\u00f4nes, technologie, logiciel, liens et autres contenus audiovisuels ou audio, ainsi que sa conception graphique et ses codes source sont la propri\u00e9t\u00e9 intellectuelle d&rsquo;EUSES ou de tiers, sans que les droits d&rsquo;exploitation sur ceux-ci reconnus par la l\u00e9gislation en vigueur sur la propri\u00e9t\u00e9 intellectuelle puissent \u00eatre consid\u00e9r\u00e9s comme c\u00e9d\u00e9s \u00e0 l&rsquo;Utilisateur.<\/p>\n<p>Le site web et son contenu sont prot\u00e9g\u00e9s, entre autres, par les lois sur la propri\u00e9t\u00e9 intellectuelle, industrielle et publicitaire. La distribution, modification, cession, communication publique et tout autre acte non express\u00e9ment autoris\u00e9 par EUSES, titulaire des droits d&rsquo;exploitation, sont express\u00e9ment interdits et cette derni\u00e8re peut exercer les actions qu&rsquo;elle juge appropri\u00e9es pour la d\u00e9fense de ses droits.<\/p>\n<p>En ce qui concerne son contenu, en vertu des dispositions des articles 8 et 32.1, deuxi\u00e8me alin\u00e9a, de la loi sur la propri\u00e9t\u00e9 intellectuelle, il est express\u00e9ment interdit:<\/p>\n<p>Sa reproduction, diffusion ou modification, \u00e0 moins d\u2019\u00eatre autoris\u00e9e par ses propri\u00e9taires l\u00e9gitimes ou l\u00e9galement autoris\u00e9e, \u00e0 condition qu\u2019elle ait l\u2019autorisation d\u2019EUSES. Son utilisation \u00e0 des fins commerciales ou publicitaires autres que celles strictement autoris\u00e9es. Toute tentative visant \u00e0 obtenir le contenu du site par tout autre moyen que ceux mis \u00e0 la disposition des utilisateurs, ainsi que ceux habituellement utilis\u00e9s sur le r\u00e9seau.<\/p>\n<p>Les marques de commerce, noms commerciaux ou logos sont la propri\u00e9t\u00e9 d\u2019EUSES ou de tiers sans qu&rsquo;il puisse \u00eatre consid\u00e9r\u00e9 que l&rsquo;acc\u00e8s au site web conf\u00e8re un droit quelconque sur eux.<\/p>\n<p>Sur tous les contenus librement publi\u00e9s par l&rsquo;utilisateur sur le site web, tels que vid\u00e9os, photographies et commentaires, opinions ou descriptions (ci-apr\u00e8s d\u00e9nomm\u00e9s \u00able contenu\u00bb), l&rsquo;utilisateur accorde \u00e0 EUSES une licence gratuite pour une utilisation sans limitation temporelle ni territoriale. Sur la base de cette licence, EUSES peut exploiter librement les droits de reproduction, transformation, distribution et communication publique des contenus, dans le seul but de pouvoir fournir les services demand\u00e9s par l&rsquo;utilisateur.<\/p>\n<p>&nbsp;<\/p>\n<p><strong>7- <\/strong><strong>Nullit\u00e9 et inefficacit\u00e9 des clauses<\/strong><\/p>\n<p>Si une quelconque clause des pr\u00e9sentes Conditions G\u00e9n\u00e9rales est d\u00e9clar\u00e9e totalement ou partiellement invalide ou inapplicable, cette invalidit\u00e9 ou inapplicabilit\u00e9 n&rsquo;affectera que cette clause ou portion de celle-ci qui serait invalide ou inapplicable, toutes les autres clauses des Conditions G\u00e9n\u00e9rales demeurant. Cette clause sera consid\u00e9r\u00e9e comme totalement ou partiellement non incluse.<\/p>\n<p>&nbsp;<\/p>\n<p><strong>8.- <\/strong><strong>L\u00e9gislation et juridiction<\/strong><\/p>\n<p>En r\u00e8gle g\u00e9n\u00e9rale, les relations avec nos clients, qui d\u00e9coulent de la fourniture des services contenus sur notre site web, sont soumises \u00e0 la l\u00e9gislation et \u00e0 la juridiction espagnole.<\/p>\n<p>Au cas o\u00f9 il serait n\u00e9cessaire de saisir un tribunal pour se conformer ou interpr\u00e9ter de ce qui est convenu dans le pr\u00e9sent contrat, les deux parties conviennent de se soumettre aux tribunaux de G\u00e9rone, en renon\u00e7ant express\u00e9ment aux parties de toute autre juridiction qui pourrait correspondre.<\/p>\n","protected":false},"excerpt":{"rendered":"<p>Informations g\u00e9n\u00e9rales &#8211; Propri\u00e9t\u00e9 du site Conform\u00e9ment aux dispositions de l&rsquo;article 10 de la loi n \u00b0 34\/2002 du 11 juillet sur les Services de la Soci\u00e9t\u00e9 de l&rsquo;Information et le Commerce \u00c9lectronique, il est signal\u00e9 que www.euses.cat est une propi\u00e9t\u00e9 d&rsquo;ESCOLA SALUT I ESPORT SL (ci-apr\u00e8s d\u00e9nomm\u00e9 EUSES), CIF B17568023, si\u00e8ge social situ\u00e9 Calle [&hellip;]<\/p>\n","protected":false},"author":1,"featured_media":0,"parent":0,"menu_order":0,"comment_status":"closed","ping_status":"closed","template":"page-pagina.php","meta":{"_acf_changed":false,"inline_featured_image":false,"_joinchat":[],"footnotes":""},"class_list":["post-7451","page","type-page","status-publish","hentry"],"acf":[],"yoast_head":"<!-- This site is optimized with the Yoast SEO plugin v27.4 - https:\/\/yoast.com\/product\/yoast-seo-wordpress\/ -->\n<title>Avis l\u00e9gal | Euses - Campus de Bellvitge (Barcelone)<\/title>\n<meta name=\"robots\" content=\"noindex, follow\" \/>\n<meta property=\"og:locale\" content=\"fr_FR\" \/>\n<meta property=\"og:type\" content=\"article\" \/>\n<meta property=\"og:title\" content=\"Avis l\u00e9gal | Euses - Campus de Bellvitge (Barcelone)\" \/>\n<meta property=\"og:description\" content=\"Informations g\u00e9n\u00e9rales &#8211; Propri\u00e9t\u00e9 du site Conform\u00e9ment aux dispositions de l&rsquo;article 10 de la loi n \u00b0 34\/2002 du 11 juillet sur les Services de la Soci\u00e9t\u00e9 de l&rsquo;Information et le Commerce \u00c9lectronique, il est signal\u00e9 que www.euses.cat est une propi\u00e9t\u00e9 d&rsquo;ESCOLA SALUT I ESPORT SL (ci-apr\u00e8s d\u00e9nomm\u00e9 EUSES), CIF B17568023, si\u00e8ge social situ\u00e9 Calle [&hellip;]\" \/>\n<meta property=\"og:url\" content=\"https:\/\/barcelona.euses.cat\/fr\/avis-legal\/\" \/>\n<meta property=\"og:site_name\" content=\"EUSES - Campus de Bellvitge (Barcelona)\" \/>\n<meta property=\"article:publisher\" content=\"https:\/\/www.facebook.com\/PhysioBCN\/\" \/>\n<meta property=\"article:modified_time\" content=\"2019-12-02T10:48:23+00:00\" \/>\n<meta name=\"twitter:card\" content=\"summary_large_image\" \/>\n<meta name=\"twitter:label1\" content=\"Dur\u00e9e de lecture estim\u00e9e\" \/>\n\t<meta name=\"twitter:data1\" content=\"8 minutes\" \/>\n<script type=\"application\/ld+json\" class=\"yoast-schema-graph\">{\"@context\":\"https:\\\/\\\/schema.org\",\"@graph\":[{\"@type\":\"WebPage\",\"@id\":\"https:\\\/\\\/barcelona.euses.cat\\\/fr\\\/avis-legal\\\/\",\"url\":\"https:\\\/\\\/barcelona.euses.cat\\\/fr\\\/avis-legal\\\/\",\"name\":\"Avis l\u00e9gal | Euses - Campus de Bellvitge (Barcelone)\",\"isPartOf\":{\"@id\":\"https:\\\/\\\/barcelona.euses.cat\\\/ca\\\/#website\"},\"datePublished\":\"2019-01-29T14:11:42+00:00\",\"dateModified\":\"2019-12-02T10:48:23+00:00\",\"breadcrumb\":{\"@id\":\"https:\\\/\\\/barcelona.euses.cat\\\/fr\\\/avis-legal\\\/#breadcrumb\"},\"inLanguage\":\"fr-FR\",\"potentialAction\":[{\"@type\":\"ReadAction\",\"target\":[\"https:\\\/\\\/barcelona.euses.cat\\\/fr\\\/avis-legal\\\/\"]}]},{\"@type\":\"BreadcrumbList\",\"@id\":\"https:\\\/\\\/barcelona.euses.cat\\\/fr\\\/avis-legal\\\/#breadcrumb\",\"itemListElement\":[{\"@type\":\"ListItem\",\"position\":1,\"name\":\"Portada\",\"item\":\"https:\\\/\\\/barcelona.euses.cat\\\/fr\\\/\"},{\"@type\":\"ListItem\",\"position\":2,\"name\":\"Avis l\u00e9gal\"}]},{\"@type\":\"WebSite\",\"@id\":\"https:\\\/\\\/barcelona.euses.cat\\\/ca\\\/#website\",\"url\":\"https:\\\/\\\/barcelona.euses.cat\\\/ca\\\/\",\"name\":\"EUSES - Campus de Bellvitge (Barcelona)\",\"description\":\"EUSES, Ecole Universitaire de Physioth\u00e9rapie Internationale \u00e0 Barcelone\",\"potentialAction\":[{\"@type\":\"SearchAction\",\"target\":{\"@type\":\"EntryPoint\",\"urlTemplate\":\"https:\\\/\\\/barcelona.euses.cat\\\/ca\\\/?s={search_term_string}\"},\"query-input\":{\"@type\":\"PropertyValueSpecification\",\"valueRequired\":true,\"valueName\":\"search_term_string\"}}],\"inLanguage\":\"fr-FR\"}]}<\/script>\n<!-- \/ Yoast SEO plugin. -->","yoast_head_json":{"title":"Avis l\u00e9gal | Euses - Campus de Bellvitge (Barcelone)","robots":{"index":"noindex","follow":"follow"},"og_locale":"fr_FR","og_type":"article","og_title":"Avis l\u00e9gal | Euses - Campus de Bellvitge (Barcelone)","og_description":"Informations g\u00e9n\u00e9rales &#8211; Propri\u00e9t\u00e9 du site Conform\u00e9ment aux dispositions de l&rsquo;article 10 de la loi n \u00b0 34\/2002 du 11 juillet sur les Services de la Soci\u00e9t\u00e9 de l&rsquo;Information et le Commerce \u00c9lectronique, il est signal\u00e9 que www.euses.cat est une propi\u00e9t\u00e9 d&rsquo;ESCOLA SALUT I ESPORT SL (ci-apr\u00e8s d\u00e9nomm\u00e9 EUSES), CIF B17568023, si\u00e8ge social situ\u00e9 Calle [&hellip;]","og_url":"https:\/\/barcelona.euses.cat\/fr\/avis-legal\/","og_site_name":"EUSES - Campus de Bellvitge (Barcelona)","article_publisher":"https:\/\/www.facebook.com\/PhysioBCN\/","article_modified_time":"2019-12-02T10:48:23+00:00","twitter_card":"summary_large_image","twitter_misc":{"Dur\u00e9e de lecture estim\u00e9e":"8 minutes"},"schema":{"@context":"https:\/\/schema.org","@graph":[{"@type":"WebPage","@id":"https:\/\/barcelona.euses.cat\/fr\/avis-legal\/","url":"https:\/\/barcelona.euses.cat\/fr\/avis-legal\/","name":"Avis l\u00e9gal | Euses - Campus de Bellvitge (Barcelone)","isPartOf":{"@id":"https:\/\/barcelona.euses.cat\/ca\/#website"},"datePublished":"2019-01-29T14:11:42+00:00","dateModified":"2019-12-02T10:48:23+00:00","breadcrumb":{"@id":"https:\/\/barcelona.euses.cat\/fr\/avis-legal\/#breadcrumb"},"inLanguage":"fr-FR","potentialAction":[{"@type":"ReadAction","target":["https:\/\/barcelona.euses.cat\/fr\/avis-legal\/"]}]},{"@type":"BreadcrumbList","@id":"https:\/\/barcelona.euses.cat\/fr\/avis-legal\/#breadcrumb","itemListElement":[{"@type":"ListItem","position":1,"name":"Portada","item":"https:\/\/barcelona.euses.cat\/fr\/"},{"@type":"ListItem","position":2,"name":"Avis l\u00e9gal"}]},{"@type":"WebSite","@id":"https:\/\/barcelona.euses.cat\/ca\/#website","url":"https:\/\/barcelona.euses.cat\/ca\/","name":"EUSES - Campus de Bellvitge (Barcelona)","description":"EUSES, Ecole Universitaire de Physioth\u00e9rapie Internationale \u00e0 Barcelone","potentialAction":[{"@type":"SearchAction","target":{"@type":"EntryPoint","urlTemplate":"https:\/\/barcelona.euses.cat\/ca\/?s={search_term_string}"},"query-input":{"@type":"PropertyValueSpecification","valueRequired":true,"valueName":"search_term_string"}}],"inLanguage":"fr-FR"}]}},"_links":{"self":[{"href":"https:\/\/barcelona.euses.cat\/fr\/wp-json\/wp\/v2\/pages\/7451","targetHints":{"allow":["GET"]}}],"collection":[{"href":"https:\/\/barcelona.euses.cat\/fr\/wp-json\/wp\/v2\/pages"}],"about":[{"href":"https:\/\/barcelona.euses.cat\/fr\/wp-json\/wp\/v2\/types\/page"}],"author":[{"embeddable":true,"href":"https:\/\/barcelona.euses.cat\/fr\/wp-json\/wp\/v2\/users\/1"}],"replies":[{"embeddable":true,"href":"https:\/\/barcelona.euses.cat\/fr\/wp-json\/wp\/v2\/comments?post=7451"}],"version-history":[{"count":4,"href":"https:\/\/barcelona.euses.cat\/fr\/wp-json\/wp\/v2\/pages\/7451\/revisions"}],"predecessor-version":[{"id":7491,"href":"https:\/\/barcelona.euses.cat\/fr\/wp-json\/wp\/v2\/pages\/7451\/revisions\/7491"}],"wp:attachment":[{"href":"https:\/\/barcelona.euses.cat\/fr\/wp-json\/wp\/v2\/media?parent=7451"}],"curies":[{"name":"wp","href":"https:\/\/api.w.org\/{rel}","templated":true}]}}