{"id":7447,"date":"2019-01-14T15:31:34","date_gmt":"2019-01-14T15:31:34","guid":{"rendered":"https:\/\/barcelona.euses.cat\/actualidad-euses-barcelona\/"},"modified":"2020-02-24T14:59:24","modified_gmt":"2020-02-24T13:59:24","slug":"actualite-euses","status":"publish","type":"page","link":"https:\/\/barcelona.euses.cat\/fr\/actualite-euses\/","title":{"rendered":"Actualit\u00e9"},"content":{"rendered":"","protected":false},"excerpt":{"rendered":"","protected":false},"author":1,"featured_media":0,"parent":0,"menu_order":0,"comment_status":"closed","ping_status":"closed","template":"page-actualidad.php","meta":{"_acf_changed":false,"inline_featured_image":false,"_joinchat":[],"footnotes":""},"class_list":["post-7447","page","type-page","status-publish","hentry"],"acf":[],"yoast_head":"<!-- This site is optimized with the Yoast SEO plugin v27.4 - https:\/\/yoast.com\/product\/yoast-seo-wordpress\/ -->\n<title>Actualit\u00e9 et nouvelles d&#039;Euses - Campus Bellvitge | Euses<\/title>\n<meta name=\"description\" content=\"Compilation des conf\u00e9rences et des actes de Euses Campus Campus Bellvitge, et des derni\u00e8res nouvelles dans les domaines de la kin\u00e9sith\u00e9rapie et du sport.\" \/>\n<meta name=\"robots\" content=\"index, follow, max-snippet:-1, max-image-preview:large, max-video-preview:-1\" \/>\n<link rel=\"canonical\" href=\"https:\/\/barcelona.euses.cat\/fr\/actualite-euses\/\" \/>\n<meta property=\"og:locale\" content=\"fr_FR\" \/>\n<meta property=\"og:type\" content=\"article\" \/>\n<meta property=\"og:title\" content=\"Actualit\u00e9 et nouvelles d&#039;Euses - Campus Bellvitge | Euses\" \/>\n<meta property=\"og:description\" content=\"Compilation des conf\u00e9rences et des actes de Euses Campus Campus Bellvitge, et des derni\u00e8res nouvelles dans les domaines de la kin\u00e9sith\u00e9rapie et du sport.\" \/>\n<meta property=\"og:url\" content=\"https:\/\/barcelona.euses.cat\/fr\/actualite-euses\/\" \/>\n<meta property=\"og:site_name\" content=\"EUSES - Campus de Bellvitge (Barcelona)\" \/>\n<meta property=\"article:publisher\" content=\"https:\/\/www.facebook.com\/PhysioBCN\/\" \/>\n<meta property=\"article:modified_time\" content=\"2020-02-24T13:59:24+00:00\" \/>\n<meta name=\"twitter:card\" content=\"summary_large_image\" \/>\n<script type=\"application\/ld+json\" class=\"yoast-schema-graph\">{\"@context\":\"https:\\\/\\\/schema.org\",\"@graph\":[{\"@type\":\"WebPage\",\"@id\":\"https:\\\/\\\/barcelona.euses.cat\\\/fr\\\/actualite-euses\\\/\",\"url\":\"https:\\\/\\\/barcelona.euses.cat\\\/fr\\\/actualite-euses\\\/\",\"name\":\"Actualit\u00e9 et nouvelles d'Euses - Campus Bellvitge | Euses\",\"isPartOf\":{\"@id\":\"https:\\\/\\\/barcelona.euses.cat\\\/ca\\\/#website\"},\"datePublished\":\"2019-01-14T15:31:34+00:00\",\"dateModified\":\"2020-02-24T13:59:24+00:00\",\"description\":\"Compilation des conf\u00e9rences et des actes de Euses Campus Campus Bellvitge, et des derni\u00e8res nouvelles dans les domaines de la kin\u00e9sith\u00e9rapie et du sport.\",\"breadcrumb\":{\"@id\":\"https:\\\/\\\/barcelona.euses.cat\\\/fr\\\/actualite-euses\\\/#breadcrumb\"},\"inLanguage\":\"fr-FR\",\"potentialAction\":[{\"@type\":\"ReadAction\",\"target\":[\"https:\\\/\\\/barcelona.euses.cat\\\/fr\\\/actualite-euses\\\/\"]}]},{\"@type\":\"BreadcrumbList\",\"@id\":\"https:\\\/\\\/barcelona.euses.cat\\\/fr\\\/actualite-euses\\\/#breadcrumb\",\"itemListElement\":[{\"@type\":\"ListItem\",\"position\":1,\"name\":\"Portada\",\"item\":\"https:\\\/\\\/barcelona.euses.cat\\\/fr\\\/\"},{\"@type\":\"ListItem\",\"position\":2,\"name\":\"Actualit\u00e9\"}]},{\"@type\":\"WebSite\",\"@id\":\"https:\\\/\\\/barcelona.euses.cat\\\/ca\\\/#website\",\"url\":\"https:\\\/\\\/barcelona.euses.cat\\\/ca\\\/\",\"name\":\"EUSES - Campus de Bellvitge (Barcelona)\",\"description\":\"EUSES, Ecole Universitaire de Physioth\u00e9rapie Internationale \u00e0 Barcelone\",\"potentialAction\":[{\"@type\":\"SearchAction\",\"target\":{\"@type\":\"EntryPoint\",\"urlTemplate\":\"https:\\\/\\\/barcelona.euses.cat\\\/ca\\\/?s={search_term_string}\"},\"query-input\":{\"@type\":\"PropertyValueSpecification\",\"valueRequired\":true,\"valueName\":\"search_term_string\"}}],\"inLanguage\":\"fr-FR\"}]}<\/script>\n<!-- \/ Yoast SEO plugin. -->","yoast_head_json":{"title":"Actualit\u00e9 et nouvelles d'Euses - Campus Bellvitge | Euses","description":"Compilation des conf\u00e9rences et des actes de Euses Campus Campus Bellvitge, et des derni\u00e8res nouvelles dans les domaines de la kin\u00e9sith\u00e9rapie et du sport.","robots":{"index":"index","follow":"follow","max-snippet":"max-snippet:-1","max-image-preview":"max-image-preview:large","max-video-preview":"max-video-preview:-1"},"canonical":"https:\/\/barcelona.euses.cat\/fr\/actualite-euses\/","og_locale":"fr_FR","og_type":"article","og_title":"Actualit\u00e9 et nouvelles d'Euses - Campus Bellvitge | Euses","og_description":"Compilation des conf\u00e9rences et des actes de Euses Campus Campus Bellvitge, et des derni\u00e8res nouvelles dans les domaines de la kin\u00e9sith\u00e9rapie et du sport.","og_url":"https:\/\/barcelona.euses.cat\/fr\/actualite-euses\/","og_site_name":"EUSES - Campus de Bellvitge (Barcelona)","article_publisher":"https:\/\/www.facebook.com\/PhysioBCN\/","article_modified_time":"2020-02-24T13:59:24+00:00","twitter_card":"summary_large_image","schema":{"@context":"https:\/\/schema.org","@graph":[{"@type":"WebPage","@id":"https:\/\/barcelona.euses.cat\/fr\/actualite-euses\/","url":"https:\/\/barcelona.euses.cat\/fr\/actualite-euses\/","name":"Actualit\u00e9 et nouvelles d'Euses - Campus Bellvitge | Euses","isPartOf":{"@id":"https:\/\/barcelona.euses.cat\/ca\/#website"},"datePublished":"2019-01-14T15:31:34+00:00","dateModified":"2020-02-24T13:59:24+00:00","description":"Compilation des conf\u00e9rences et des actes de Euses Campus Campus Bellvitge, et des derni\u00e8res nouvelles dans les domaines de la kin\u00e9sith\u00e9rapie et du sport.","breadcrumb":{"@id":"https:\/\/barcelona.euses.cat\/fr\/actualite-euses\/#breadcrumb"},"inLanguage":"fr-FR","potentialAction":[{"@type":"ReadAction","target":["https:\/\/barcelona.euses.cat\/fr\/actualite-euses\/"]}]},{"@type":"BreadcrumbList","@id":"https:\/\/barcelona.euses.cat\/fr\/actualite-euses\/#breadcrumb","itemListElement":[{"@type":"ListItem","position":1,"name":"Portada","item":"https:\/\/barcelona.euses.cat\/fr\/"},{"@type":"ListItem","position":2,"name":"Actualit\u00e9"}]},{"@type":"WebSite","@id":"https:\/\/barcelona.euses.cat\/ca\/#website","url":"https:\/\/barcelona.euses.cat\/ca\/","name":"EUSES - Campus de Bellvitge (Barcelona)","description":"EUSES, Ecole Universitaire de Physioth\u00e9rapie Internationale \u00e0 Barcelone","potentialAction":[{"@type":"SearchAction","target":{"@type":"EntryPoint","urlTemplate":"https:\/\/barcelona.euses.cat\/ca\/?s={search_term_string}"},"query-input":{"@type":"PropertyValueSpecification","valueRequired":true,"valueName":"search_term_string"}}],"inLanguage":"fr-FR"}]}},"_links":{"self":[{"href":"https:\/\/barcelona.euses.cat\/fr\/wp-json\/wp\/v2\/pages\/7447","targetHints":{"allow":["GET"]}}],"collection":[{"href":"https:\/\/barcelona.euses.cat\/fr\/wp-json\/wp\/v2\/pages"}],"about":[{"href":"https:\/\/barcelona.euses.cat\/fr\/wp-json\/wp\/v2\/types\/page"}],"author":[{"embeddable":true,"href":"https:\/\/barcelona.euses.cat\/fr\/wp-json\/wp\/v2\/users\/1"}],"replies":[{"embeddable":true,"href":"https:\/\/barcelona.euses.cat\/fr\/wp-json\/wp\/v2\/comments?post=7447"}],"version-history":[{"count":1,"href":"https:\/\/barcelona.euses.cat\/fr\/wp-json\/wp\/v2\/pages\/7447\/revisions"}],"predecessor-version":[{"id":7450,"href":"https:\/\/barcelona.euses.cat\/fr\/wp-json\/wp\/v2\/pages\/7447\/revisions\/7450"}],"wp:attachment":[{"href":"https:\/\/barcelona.euses.cat\/fr\/wp-json\/wp\/v2\/media?parent=7447"}],"curies":[{"name":"wp","href":"https:\/\/api.w.org\/{rel}","templated":true}]}}