{"id":7426,"date":"2019-11-29T12:30:49","date_gmt":"2019-11-29T11:30:49","guid":{"rendered":"https:\/\/barcelona.euses.cat\/?page_id=7426"},"modified":"2025-04-09T13:14:49","modified_gmt":"2025-04-09T11:14:49","slug":"contact","status":"publish","type":"page","link":"https:\/\/barcelona.euses.cat\/fr\/contact\/","title":{"rendered":"Contact"},"content":{"rendered":"","protected":false},"excerpt":{"rendered":"","protected":false},"author":1,"featured_media":0,"parent":0,"menu_order":0,"comment_status":"closed","ping_status":"closed","template":"page-contacto.php","meta":{"_acf_changed":false,"inline_featured_image":false,"_joinchat":[],"footnotes":""},"class_list":["post-7426","page","type-page","status-publish","hentry"],"acf":[],"yoast_head":"<!-- This site is optimized with the Yoast SEO plugin v27.5 - https:\/\/yoast.com\/product\/yoast-seo-wordpress\/ -->\n<title>Contacter Euses - Campus de Bellvitge (Barcelone) | Euses<\/title>\n<meta name=\"description\" content=\"Nous vous expliquons tout ce que vous devez savoir sur Euses Campus de Bellvitge, Barcelone. Centre associ\u00e9 \u00e0 l&#039;Universit\u00e9 de G\u00e9rone (EUSES-UdG) et l\u2019\u00c9cole des Nouvelles Technologies Interactives (ENTI-UB).\" \/>\n<meta name=\"robots\" content=\"index, follow, max-snippet:-1, max-image-preview:large, max-video-preview:-1\" \/>\n<link rel=\"canonical\" href=\"https:\/\/barcelona.euses.cat\/fr\/contact\/\" \/>\n<meta property=\"og:locale\" content=\"fr_FR\" \/>\n<meta property=\"og:type\" content=\"article\" \/>\n<meta property=\"og:title\" content=\"Contacter Euses - Campus de Bellvitge (Barcelone) | Euses\" \/>\n<meta property=\"og:description\" content=\"Nous vous expliquons tout ce que vous devez savoir sur Euses Campus de Bellvitge, Barcelone. Centre associ\u00e9 \u00e0 l&#039;Universit\u00e9 de G\u00e9rone (EUSES-UdG) et l\u2019\u00c9cole des Nouvelles Technologies Interactives (ENTI-UB).\" \/>\n<meta property=\"og:url\" content=\"https:\/\/barcelona.euses.cat\/fr\/contact\/\" \/>\n<meta property=\"og:site_name\" content=\"EUSES - Campus de Bellvitge (Barcelona)\" \/>\n<meta property=\"article:publisher\" content=\"https:\/\/www.facebook.com\/PhysioBCN\/\" \/>\n<meta property=\"article:modified_time\" content=\"2025-04-09T11:14:49+00:00\" \/>\n<meta name=\"twitter:card\" content=\"summary_large_image\" \/>\n<script type=\"application\/ld+json\" class=\"yoast-schema-graph\">{\"@context\":\"https:\\\/\\\/schema.org\",\"@graph\":[{\"@type\":\"WebPage\",\"@id\":\"https:\\\/\\\/barcelona.euses.cat\\\/fr\\\/contact\\\/\",\"url\":\"https:\\\/\\\/barcelona.euses.cat\\\/fr\\\/contact\\\/\",\"name\":\"Contacter Euses - Campus de Bellvitge (Barcelone) | Euses\",\"isPartOf\":{\"@id\":\"https:\\\/\\\/barcelona.euses.cat\\\/ca\\\/#website\"},\"datePublished\":\"2019-11-29T11:30:49+00:00\",\"dateModified\":\"2025-04-09T11:14:49+00:00\",\"description\":\"Nous vous expliquons tout ce que vous devez savoir sur Euses Campus de Bellvitge, Barcelone. Centre associ\u00e9 \u00e0 l'Universit\u00e9 de G\u00e9rone (EUSES-UdG) et l\u2019\u00c9cole des Nouvelles Technologies Interactives (ENTI-UB).\",\"breadcrumb\":{\"@id\":\"https:\\\/\\\/barcelona.euses.cat\\\/fr\\\/contact\\\/#breadcrumb\"},\"inLanguage\":\"fr-FR\",\"potentialAction\":[{\"@type\":\"ReadAction\",\"target\":[\"https:\\\/\\\/barcelona.euses.cat\\\/fr\\\/contact\\\/\"]}]},{\"@type\":\"BreadcrumbList\",\"@id\":\"https:\\\/\\\/barcelona.euses.cat\\\/fr\\\/contact\\\/#breadcrumb\",\"itemListElement\":[{\"@type\":\"ListItem\",\"position\":1,\"name\":\"Portada\",\"item\":\"https:\\\/\\\/barcelona.euses.cat\\\/fr\\\/\"},{\"@type\":\"ListItem\",\"position\":2,\"name\":\"Contact\"}]},{\"@type\":\"WebSite\",\"@id\":\"https:\\\/\\\/barcelona.euses.cat\\\/ca\\\/#website\",\"url\":\"https:\\\/\\\/barcelona.euses.cat\\\/ca\\\/\",\"name\":\"EUSES - Campus de Bellvitge (Barcelona)\",\"description\":\"EUSES, Ecole Universitaire de Physioth\u00e9rapie Internationale \u00e0 Barcelone\",\"potentialAction\":[{\"@type\":\"SearchAction\",\"target\":{\"@type\":\"EntryPoint\",\"urlTemplate\":\"https:\\\/\\\/barcelona.euses.cat\\\/ca\\\/?s={search_term_string}\"},\"query-input\":{\"@type\":\"PropertyValueSpecification\",\"valueRequired\":true,\"valueName\":\"search_term_string\"}}],\"inLanguage\":\"fr-FR\"}]}<\/script>\n<!-- \/ Yoast SEO plugin. -->","yoast_head_json":{"title":"Contacter Euses - Campus de Bellvitge (Barcelone) | Euses","description":"Nous vous expliquons tout ce que vous devez savoir sur Euses Campus de Bellvitge, Barcelone. Centre associ\u00e9 \u00e0 l'Universit\u00e9 de G\u00e9rone (EUSES-UdG) et l\u2019\u00c9cole des Nouvelles Technologies Interactives (ENTI-UB).","robots":{"index":"index","follow":"follow","max-snippet":"max-snippet:-1","max-image-preview":"max-image-preview:large","max-video-preview":"max-video-preview:-1"},"canonical":"https:\/\/barcelona.euses.cat\/fr\/contact\/","og_locale":"fr_FR","og_type":"article","og_title":"Contacter Euses - Campus de Bellvitge (Barcelone) | Euses","og_description":"Nous vous expliquons tout ce que vous devez savoir sur Euses Campus de Bellvitge, Barcelone. Centre associ\u00e9 \u00e0 l'Universit\u00e9 de G\u00e9rone (EUSES-UdG) et l\u2019\u00c9cole des Nouvelles Technologies Interactives (ENTI-UB).","og_url":"https:\/\/barcelona.euses.cat\/fr\/contact\/","og_site_name":"EUSES - Campus de Bellvitge (Barcelona)","article_publisher":"https:\/\/www.facebook.com\/PhysioBCN\/","article_modified_time":"2025-04-09T11:14:49+00:00","twitter_card":"summary_large_image","schema":{"@context":"https:\/\/schema.org","@graph":[{"@type":"WebPage","@id":"https:\/\/barcelona.euses.cat\/fr\/contact\/","url":"https:\/\/barcelona.euses.cat\/fr\/contact\/","name":"Contacter Euses - Campus de Bellvitge (Barcelone) | Euses","isPartOf":{"@id":"https:\/\/barcelona.euses.cat\/ca\/#website"},"datePublished":"2019-11-29T11:30:49+00:00","dateModified":"2025-04-09T11:14:49+00:00","description":"Nous vous expliquons tout ce que vous devez savoir sur Euses Campus de Bellvitge, Barcelone. Centre associ\u00e9 \u00e0 l'Universit\u00e9 de G\u00e9rone (EUSES-UdG) et l\u2019\u00c9cole des Nouvelles Technologies Interactives (ENTI-UB).","breadcrumb":{"@id":"https:\/\/barcelona.euses.cat\/fr\/contact\/#breadcrumb"},"inLanguage":"fr-FR","potentialAction":[{"@type":"ReadAction","target":["https:\/\/barcelona.euses.cat\/fr\/contact\/"]}]},{"@type":"BreadcrumbList","@id":"https:\/\/barcelona.euses.cat\/fr\/contact\/#breadcrumb","itemListElement":[{"@type":"ListItem","position":1,"name":"Portada","item":"https:\/\/barcelona.euses.cat\/fr\/"},{"@type":"ListItem","position":2,"name":"Contact"}]},{"@type":"WebSite","@id":"https:\/\/barcelona.euses.cat\/ca\/#website","url":"https:\/\/barcelona.euses.cat\/ca\/","name":"EUSES - Campus de Bellvitge (Barcelona)","description":"EUSES, Ecole Universitaire de Physioth\u00e9rapie Internationale \u00e0 Barcelone","potentialAction":[{"@type":"SearchAction","target":{"@type":"EntryPoint","urlTemplate":"https:\/\/barcelona.euses.cat\/ca\/?s={search_term_string}"},"query-input":{"@type":"PropertyValueSpecification","valueRequired":true,"valueName":"search_term_string"}}],"inLanguage":"fr-FR"}]}},"_links":{"self":[{"href":"https:\/\/barcelona.euses.cat\/fr\/wp-json\/wp\/v2\/pages\/7426","targetHints":{"allow":["GET"]}}],"collection":[{"href":"https:\/\/barcelona.euses.cat\/fr\/wp-json\/wp\/v2\/pages"}],"about":[{"href":"https:\/\/barcelona.euses.cat\/fr\/wp-json\/wp\/v2\/types\/page"}],"author":[{"embeddable":true,"href":"https:\/\/barcelona.euses.cat\/fr\/wp-json\/wp\/v2\/users\/1"}],"replies":[{"embeddable":true,"href":"https:\/\/barcelona.euses.cat\/fr\/wp-json\/wp\/v2\/comments?post=7426"}],"version-history":[{"count":6,"href":"https:\/\/barcelona.euses.cat\/fr\/wp-json\/wp\/v2\/pages\/7426\/revisions"}],"predecessor-version":[{"id":12475,"href":"https:\/\/barcelona.euses.cat\/fr\/wp-json\/wp\/v2\/pages\/7426\/revisions\/12475"}],"wp:attachment":[{"href":"https:\/\/barcelona.euses.cat\/fr\/wp-json\/wp\/v2\/media?parent=7426"}],"curies":[{"name":"wp","href":"https:\/\/api.w.org\/{rel}","templated":true}]}}