{"id":105,"date":"2019-01-14T14:21:25","date_gmt":"2019-01-14T14:21:25","guid":{"rendered":"http:\/\/eusesgirona.neorgvirtual.com\/salidas-profesionales\/"},"modified":"2020-02-24T15:27:36","modified_gmt":"2020-02-24T14:27:36","slug":"debouches-professionnels-kinesitherapie-staps","status":"publish","type":"page","link":"https:\/\/barcelona.euses.cat\/fr\/debouches-professionnels-kinesitherapie-staps\/","title":{"rendered":"D\u00e9bouch\u00e9s professionnels"},"content":{"rendered":"","protected":false},"excerpt":{"rendered":"","protected":false},"author":1,"featured_media":0,"parent":0,"menu_order":0,"comment_status":"closed","ping_status":"closed","template":"page-salidas.php","meta":{"_acf_changed":false,"inline_featured_image":false,"_joinchat":[],"footnotes":""},"class_list":["post-105","page","type-page","status-publish","hentry"],"acf":[],"yoast_head":"<!-- This site is optimized with the Yoast SEO plugin v27.4 - https:\/\/yoast.com\/product\/yoast-seo-wordpress\/ -->\n<title>D\u00e9bouch\u00e9s professionnels Kin\u00e9sth\u00e9rapie et STAPS | Euses<\/title>\n<meta name=\"description\" content=\"D\u00e9couvrez les opportunit\u00e9s professionnelles en kin\u00e9sith\u00e9rapie et STAPS offertes par les dipl\u00f4mes, masters et cycles de formation d&#039;EUSES - Bellvitge Campus.\" \/>\n<meta name=\"robots\" content=\"index, follow, max-snippet:-1, max-image-preview:large, max-video-preview:-1\" \/>\n<link rel=\"canonical\" href=\"https:\/\/barcelona.euses.cat\/fr\/debouches-professionnels-kinesitherapie-staps\/\" \/>\n<meta property=\"og:locale\" content=\"fr_FR\" \/>\n<meta property=\"og:type\" content=\"article\" \/>\n<meta property=\"og:title\" content=\"D\u00e9bouch\u00e9s professionnels Kin\u00e9sth\u00e9rapie et STAPS | Euses\" \/>\n<meta property=\"og:description\" content=\"D\u00e9couvrez les opportunit\u00e9s professionnelles en kin\u00e9sith\u00e9rapie et STAPS offertes par les dipl\u00f4mes, masters et cycles de formation d&#039;EUSES - Bellvitge Campus.\" \/>\n<meta property=\"og:url\" content=\"https:\/\/barcelona.euses.cat\/fr\/debouches-professionnels-kinesitherapie-staps\/\" \/>\n<meta property=\"og:site_name\" content=\"EUSES - Campus de Bellvitge (Barcelona)\" \/>\n<meta property=\"article:publisher\" content=\"https:\/\/www.facebook.com\/PhysioBCN\/\" \/>\n<meta property=\"article:modified_time\" content=\"2020-02-24T14:27:36+00:00\" \/>\n<meta name=\"twitter:card\" content=\"summary_large_image\" \/>\n<script type=\"application\/ld+json\" class=\"yoast-schema-graph\">{\"@context\":\"https:\\\/\\\/schema.org\",\"@graph\":[{\"@type\":\"WebPage\",\"@id\":\"https:\\\/\\\/barcelona.euses.cat\\\/fr\\\/debouches-professionnels-kinesitherapie-staps\\\/\",\"url\":\"https:\\\/\\\/barcelona.euses.cat\\\/fr\\\/debouches-professionnels-kinesitherapie-staps\\\/\",\"name\":\"D\u00e9bouch\u00e9s professionnels Kin\u00e9sth\u00e9rapie et STAPS | Euses\",\"isPartOf\":{\"@id\":\"https:\\\/\\\/barcelona.euses.cat\\\/ca\\\/#website\"},\"datePublished\":\"2019-01-14T14:21:25+00:00\",\"dateModified\":\"2020-02-24T14:27:36+00:00\",\"description\":\"D\u00e9couvrez les opportunit\u00e9s professionnelles en kin\u00e9sith\u00e9rapie et STAPS offertes par les dipl\u00f4mes, masters et cycles de formation d'EUSES - Bellvitge Campus.\",\"breadcrumb\":{\"@id\":\"https:\\\/\\\/barcelona.euses.cat\\\/fr\\\/debouches-professionnels-kinesitherapie-staps\\\/#breadcrumb\"},\"inLanguage\":\"fr-FR\",\"potentialAction\":[{\"@type\":\"ReadAction\",\"target\":[\"https:\\\/\\\/barcelona.euses.cat\\\/fr\\\/debouches-professionnels-kinesitherapie-staps\\\/\"]}]},{\"@type\":\"BreadcrumbList\",\"@id\":\"https:\\\/\\\/barcelona.euses.cat\\\/fr\\\/debouches-professionnels-kinesitherapie-staps\\\/#breadcrumb\",\"itemListElement\":[{\"@type\":\"ListItem\",\"position\":1,\"name\":\"Portada\",\"item\":\"https:\\\/\\\/barcelona.euses.cat\\\/fr\\\/\"},{\"@type\":\"ListItem\",\"position\":2,\"name\":\"D\u00e9bouch\u00e9s professionnels\"}]},{\"@type\":\"WebSite\",\"@id\":\"https:\\\/\\\/barcelona.euses.cat\\\/ca\\\/#website\",\"url\":\"https:\\\/\\\/barcelona.euses.cat\\\/ca\\\/\",\"name\":\"EUSES - Campus de Bellvitge (Barcelona)\",\"description\":\"EUSES, Ecole Universitaire de Physioth\u00e9rapie Internationale \u00e0 Barcelone\",\"potentialAction\":[{\"@type\":\"SearchAction\",\"target\":{\"@type\":\"EntryPoint\",\"urlTemplate\":\"https:\\\/\\\/barcelona.euses.cat\\\/ca\\\/?s={search_term_string}\"},\"query-input\":{\"@type\":\"PropertyValueSpecification\",\"valueRequired\":true,\"valueName\":\"search_term_string\"}}],\"inLanguage\":\"fr-FR\"}]}<\/script>\n<!-- \/ Yoast SEO plugin. -->","yoast_head_json":{"title":"D\u00e9bouch\u00e9s professionnels Kin\u00e9sth\u00e9rapie et STAPS | Euses","description":"D\u00e9couvrez les opportunit\u00e9s professionnelles en kin\u00e9sith\u00e9rapie et STAPS offertes par les dipl\u00f4mes, masters et cycles de formation d'EUSES - Bellvitge Campus.","robots":{"index":"index","follow":"follow","max-snippet":"max-snippet:-1","max-image-preview":"max-image-preview:large","max-video-preview":"max-video-preview:-1"},"canonical":"https:\/\/barcelona.euses.cat\/fr\/debouches-professionnels-kinesitherapie-staps\/","og_locale":"fr_FR","og_type":"article","og_title":"D\u00e9bouch\u00e9s professionnels Kin\u00e9sth\u00e9rapie et STAPS | Euses","og_description":"D\u00e9couvrez les opportunit\u00e9s professionnelles en kin\u00e9sith\u00e9rapie et STAPS offertes par les dipl\u00f4mes, masters et cycles de formation d'EUSES - Bellvitge Campus.","og_url":"https:\/\/barcelona.euses.cat\/fr\/debouches-professionnels-kinesitherapie-staps\/","og_site_name":"EUSES - Campus de Bellvitge (Barcelona)","article_publisher":"https:\/\/www.facebook.com\/PhysioBCN\/","article_modified_time":"2020-02-24T14:27:36+00:00","twitter_card":"summary_large_image","schema":{"@context":"https:\/\/schema.org","@graph":[{"@type":"WebPage","@id":"https:\/\/barcelona.euses.cat\/fr\/debouches-professionnels-kinesitherapie-staps\/","url":"https:\/\/barcelona.euses.cat\/fr\/debouches-professionnels-kinesitherapie-staps\/","name":"D\u00e9bouch\u00e9s professionnels Kin\u00e9sth\u00e9rapie et STAPS | Euses","isPartOf":{"@id":"https:\/\/barcelona.euses.cat\/ca\/#website"},"datePublished":"2019-01-14T14:21:25+00:00","dateModified":"2020-02-24T14:27:36+00:00","description":"D\u00e9couvrez les opportunit\u00e9s professionnelles en kin\u00e9sith\u00e9rapie et STAPS offertes par les dipl\u00f4mes, masters et cycles de formation d'EUSES - Bellvitge Campus.","breadcrumb":{"@id":"https:\/\/barcelona.euses.cat\/fr\/debouches-professionnels-kinesitherapie-staps\/#breadcrumb"},"inLanguage":"fr-FR","potentialAction":[{"@type":"ReadAction","target":["https:\/\/barcelona.euses.cat\/fr\/debouches-professionnels-kinesitherapie-staps\/"]}]},{"@type":"BreadcrumbList","@id":"https:\/\/barcelona.euses.cat\/fr\/debouches-professionnels-kinesitherapie-staps\/#breadcrumb","itemListElement":[{"@type":"ListItem","position":1,"name":"Portada","item":"https:\/\/barcelona.euses.cat\/fr\/"},{"@type":"ListItem","position":2,"name":"D\u00e9bouch\u00e9s professionnels"}]},{"@type":"WebSite","@id":"https:\/\/barcelona.euses.cat\/ca\/#website","url":"https:\/\/barcelona.euses.cat\/ca\/","name":"EUSES - Campus de Bellvitge (Barcelona)","description":"EUSES, Ecole Universitaire de Physioth\u00e9rapie Internationale \u00e0 Barcelone","potentialAction":[{"@type":"SearchAction","target":{"@type":"EntryPoint","urlTemplate":"https:\/\/barcelona.euses.cat\/ca\/?s={search_term_string}"},"query-input":{"@type":"PropertyValueSpecification","valueRequired":true,"valueName":"search_term_string"}}],"inLanguage":"fr-FR"}]}},"_links":{"self":[{"href":"https:\/\/barcelona.euses.cat\/fr\/wp-json\/wp\/v2\/pages\/105","targetHints":{"allow":["GET"]}}],"collection":[{"href":"https:\/\/barcelona.euses.cat\/fr\/wp-json\/wp\/v2\/pages"}],"about":[{"href":"https:\/\/barcelona.euses.cat\/fr\/wp-json\/wp\/v2\/types\/page"}],"author":[{"embeddable":true,"href":"https:\/\/barcelona.euses.cat\/fr\/wp-json\/wp\/v2\/users\/1"}],"replies":[{"embeddable":true,"href":"https:\/\/barcelona.euses.cat\/fr\/wp-json\/wp\/v2\/comments?post=105"}],"version-history":[{"count":5,"href":"https:\/\/barcelona.euses.cat\/fr\/wp-json\/wp\/v2\/pages\/105\/revisions"}],"predecessor-version":[{"id":7689,"href":"https:\/\/barcelona.euses.cat\/fr\/wp-json\/wp\/v2\/pages\/105\/revisions\/7689"}],"wp:attachment":[{"href":"https:\/\/barcelona.euses.cat\/fr\/wp-json\/wp\/v2\/media?parent=105"}],"curies":[{"name":"wp","href":"https:\/\/api.w.org\/{rel}","templated":true}]}}