{"id":10187,"date":"2021-11-23T15:16:35","date_gmt":"2021-11-23T14:16:35","guid":{"rendered":"https:\/\/barcelona.euses.cat\/visita-campus-bellvitge\/"},"modified":"2025-01-15T16:50:47","modified_gmt":"2025-01-15T15:50:47","slug":"visiter-le-campus-bellvitge","status":"publish","type":"page","link":"https:\/\/barcelona.euses.cat\/fr\/visiter-le-campus-bellvitge\/","title":{"rendered":"Visiter le campus"},"content":{"rendered":"\n<div class=\"wpcf7 no-js\" id=\"wpcf7-f10185-o1\" lang=\"es-ES\" dir=\"ltr\" data-wpcf7-id=\"10185\">\n<div class=\"screen-reader-response\"><p role=\"status\" aria-live=\"polite\" aria-atomic=\"true\"><\/p> <ul><\/ul><\/div>\n<form action=\"\/fr\/wp-json\/wp\/v2\/pages\/10187#wpcf7-f10185-o1\" method=\"post\" class=\"wpcf7-form init\" aria-label=\"Formulario de contacto\" novalidate=\"novalidate\" data-status=\"init\">\n<fieldset class=\"hidden-fields-container\"><input type=\"hidden\" name=\"_wpcf7\" value=\"10185\" \/><input type=\"hidden\" name=\"_wpcf7_version\" value=\"6.1.5\" \/><input type=\"hidden\" name=\"_wpcf7_locale\" value=\"es_ES\" \/><input type=\"hidden\" name=\"_wpcf7_unit_tag\" value=\"wpcf7-f10185-o1\" \/><input type=\"hidden\" name=\"_wpcf7_container_post\" value=\"0\" \/><input type=\"hidden\" name=\"_wpcf7_posted_data_hash\" value=\"\" \/><input type=\"hidden\" name=\"_wpcf7cf_hidden_group_fields\" value=\"[]\" \/><input type=\"hidden\" name=\"_wpcf7cf_hidden_groups\" value=\"[]\" \/><input type=\"hidden\" name=\"_wpcf7cf_visible_groups\" value=\"[]\" \/><input type=\"hidden\" name=\"_wpcf7cf_repeaters\" value=\"[]\" \/><input type=\"hidden\" name=\"_wpcf7cf_steps\" value=\"{}\" \/><input type=\"hidden\" name=\"_wpcf7cf_options\" value=\"{&quot;form_id&quot;:10185,&quot;conditions&quot;:[],&quot;settings&quot;:{&quot;animation&quot;:&quot;yes&quot;,&quot;animation_intime&quot;:200,&quot;animation_outtime&quot;:200,&quot;conditions_ui&quot;:&quot;normal&quot;,&quot;notice_dismissed&quot;:false}}\" \/><input type=\"hidden\" name=\"_wpcf7_recaptcha_response\" value=\"\" \/>\n<\/fieldset>\n<p><span class=\"wpcf7-form-control-wrap id_lead\"><input class=\"wpcf7-form-control wpcf7-shortcodehidden wpcf7-validates-as-shortcodefield\" id=\"id_lead\" type=\"hidden\" value=\"\" name=\"id_lead\" \/><\/span>\n<\/p>\n<p><span class=\"wpcf7-form-control-wrap\" data-name=\"estudis-JPO\"><input size=\"40\" maxlength=\"400\" class=\"wpcf7-form-control wpcf7-text\" id=\"estudis-JPO\" aria-invalid=\"false\" value=\"\" type=\"text\" name=\"estudis-JPO\" \/><\/span><br \/>\n<input type=\"hidden\" name=\"Etiquetas\" value=\"visita-bcn\" \/><br \/>\n<label><span class=\"wpcf7-form-control-wrap\" data-name=\"your-name\"><input size=\"40\" maxlength=\"400\" class=\"wpcf7-form-control wpcf7-text wpcf7-validates-as-required\" aria-required=\"true\" aria-invalid=\"false\" placeholder=\"Pr\u00e9nom et nom\" value=\"\" type=\"text\" name=\"your-name\" \/><\/span><\/label>\n<\/p>\n<p><label><span class=\"wpcf7-form-control-wrap\" data-name=\"ciutat\"><input size=\"40\" maxlength=\"400\" class=\"wpcf7-form-control wpcf7-text wpcf7-validates-as-required\" aria-required=\"true\" aria-invalid=\"false\" placeholder=\"Ville\" value=\"\" type=\"text\" name=\"ciutat\" \/><\/span><\/label>\n<\/p>\n<p><label><span class=\"wpcf7-form-control-wrap\" data-name=\"your-email\"><input size=\"40\" maxlength=\"400\" class=\"wpcf7-form-control wpcf7-email wpcf7-validates-as-required wpcf7-text wpcf7-validates-as-email\" aria-required=\"true\" aria-invalid=\"false\" placeholder=\"Mail\" value=\"\" type=\"email\" name=\"your-email\" \/><\/span><\/label>\n<\/p>\n<p><label><span class=\"wpcf7-form-control-wrap\" data-name=\"telefon\"><input size=\"40\" maxlength=\"400\" class=\"wpcf7-form-control wpcf7-text wpcf7-validates-as-required\" aria-required=\"true\" aria-invalid=\"false\" placeholder=\"T\u00e9l\u00e9phone\" value=\"\" type=\"text\" name=\"telefon\" \/><\/span><\/label>\n<\/p>\n<p class=\"info\"><br \/>\n<span>Vous souhaitez recevoir des informations de :<\/span><br \/>\nIndiquez l'\u00e9tude sur laquelle vous souhaitez vous renseigner\n<\/p>\n<p><span class=\"wpcf7-form-control-wrap\" data-name=\"radio-info\"><span class=\"wpcf7-form-control wpcf7-radio\"><span class=\"wpcf7-list-item first last\"><input type=\"radio\" name=\"radio-info\" value=\"Dipl\u00f4me en Kin\u00e9sith\u00e9rapie - UdG (Campus de Salt)\" checked=\"checked\" \/><span class=\"wpcf7-list-item-label\">Dipl\u00f4me en Kin\u00e9sith\u00e9rapie - UdG (Campus de Salt)<\/span><\/span><\/span><\/span>\n<\/p>\n<div class=\"visita-date\">\n\t<p>Quel jour vouliez-vous visiter? (Lundi - Vendredi)\n\t<\/p>\n\t<p>\u00c0 quelle heure? (9 - 13h \/ 15 - 17h)\n\t<\/p>\n<\/div>\n<p><span class=\"wpcf7-form-control-wrap\" data-name=\"data-picker\"><input size=\"40\" maxlength=\"400\" class=\"wpcf7-form-control wpcf7-text avdp-start-datetime\" aria-invalid=\"false\" value=\"\" type=\"text\" name=\"data-picker\" \/><\/span>\n<\/p>\n<p style=\"font-size:12px;\"><br \/>\nESCUELA SALUD Y DEPORTE, S.L. en tant que responsable du traitement, elle traitera vos donn\u00e9es dans le but de g\u00e9rer le demandes d'informations effectu\u00e9es via le site Web et cr\u00e9ation de profils d'utilisateurs pour les envoyer communications commerciales des programmes de formation (dipl\u00f4mes, masters, cycles sup\u00e9rieurs, cours, conf\u00e9rences, s\u00e9minaires, etc.), des activit\u00e9s et des services susceptibles de vous int\u00e9resser. Vous pouvez acc\u00e9der, rectifier et supprimer vos donn\u00e9es, ainsi que d'exercer d'autres droits en consultant les informations compl\u00e9mentaires et d\u00e9taill\u00e9es sur la protection des donn\u00e9es dans notre politique de confidentialit\u00e9.\n<\/p>\n<p><span class=\"wpcf7-form-control-wrap\" data-name=\"acceptance-852\"><span class=\"wpcf7-form-control wpcf7-acceptance\"><span class=\"wpcf7-list-item\"><label><input type=\"checkbox\" name=\"acceptance-852\" value=\"1\" aria-invalid=\"false\" \/><span class=\"wpcf7-list-item-label\">J'accepte le traitement des donn\u00e9es conform\u00e9ment \u00e0 la <a href=\"https:\/\/barcelona.euses.cat\/fr\/politique-de-confidentialite\" target=\"_blank\">Politique de Confidentialit\u00e9<\/a>, notamment le profilage et le transfert de donn\u00e9es en dehors de l'UE<\/span><\/label><\/span><\/span><\/span>\n<\/p>\n<p><span class=\"wpcf7-form-control-wrap\" data-name=\"acceptance-905\"><span class=\"wpcf7-form-control wpcf7-acceptance\"><span class=\"wpcf7-list-item\"><label><input type=\"checkbox\" name=\"acceptance-905\" value=\"1\" aria-invalid=\"false\" \/><span class=\"wpcf7-list-item-label\">Je d\u00e9clare, sous ma responsabilit\u00e9, avoir plus de 14 ans<\/span><\/label><\/span><\/span><\/span>\n<\/p>\n<p><span class=\"wpcf7-form-control-wrap\" data-name=\"checkbox-686\"><span class=\"wpcf7-form-control wpcf7-checkbox\"><span class=\"wpcf7-list-item first last\"><input type=\"checkbox\" name=\"checkbox-686[]\" value=\"J&#039;accepte l&#039;envoi de communications \u00e0 caract\u00e8re informatif\" \/><span class=\"wpcf7-list-item-label\">J&#039;accepte l&#039;envoi de communications \u00e0 caract\u00e8re informatif<\/span><\/span><\/span><\/span>\n<\/p>\n<p><span id=\"send_estudis-visita-radio\"><input class=\"wpcf7-form-control wpcf7-submit has-spinner\" type=\"submit\" value=\"Envoyer\" \/><\/span>\n<\/p><div class=\"wpcf7-response-output\" aria-hidden=\"true\"><\/div>\n<\/form>\n<\/div>\n\n","protected":false},"excerpt":{"rendered":"","protected":false},"author":1,"featured_media":0,"parent":0,"menu_order":0,"comment_status":"closed","ping_status":"closed","template":"page-visites-escola.php","meta":{"_acf_changed":false,"inline_featured_image":false,"_joinchat":[],"footnotes":""},"class_list":["post-10187","page","type-page","status-publish","hentry"],"acf":[],"yoast_head":"<!-- This site is optimized with the Yoast SEO plugin v27.1.1 - https:\/\/yoast.com\/product\/yoast-seo-wordpress\/ -->\n<title>Visiter le campus | EUSES - Campus de Bellvitge (Barcelona)<\/title>\n<meta name=\"robots\" content=\"index, follow, max-snippet:-1, max-image-preview:large, max-video-preview:-1\" \/>\n<link rel=\"canonical\" href=\"https:\/\/barcelona.euses.cat\/fr\/visiter-le-campus-bellvitge\/\" \/>\n<meta property=\"og:locale\" content=\"fr_FR\" \/>\n<meta property=\"og:type\" content=\"article\" \/>\n<meta property=\"og:title\" content=\"Visiter le campus | EUSES - Campus de Bellvitge (Barcelona)\" \/>\n<meta property=\"og:url\" content=\"https:\/\/barcelona.euses.cat\/fr\/visiter-le-campus-bellvitge\/\" \/>\n<meta property=\"og:site_name\" content=\"EUSES - Campus de Bellvitge (Barcelona)\" \/>\n<meta property=\"article:publisher\" content=\"https:\/\/www.facebook.com\/PhysioBCN\/\" \/>\n<meta property=\"article:modified_time\" content=\"2025-01-15T15:50:47+00:00\" \/>\n<meta name=\"twitter:card\" content=\"summary_large_image\" \/>\n<meta name=\"twitter:label1\" content=\"Dur\u00e9e de lecture estim\u00e9e\" \/>\n\t<meta name=\"twitter:data1\" content=\"1 minute\" \/>\n<script type=\"application\/ld+json\" class=\"yoast-schema-graph\">{\"@context\":\"https:\/\/schema.org\",\"@graph\":[{\"@type\":\"WebPage\",\"@id\":\"https:\/\/barcelona.euses.cat\/fr\/visiter-le-campus-bellvitge\/\",\"url\":\"https:\/\/barcelona.euses.cat\/fr\/visiter-le-campus-bellvitge\/\",\"name\":\"Visiter le campus | EUSES - Campus de Bellvitge (Barcelona)\",\"isPartOf\":{\"@id\":\"https:\/\/barcelona.euses.cat\/ca\/#website\"},\"datePublished\":\"2021-11-23T14:16:35+00:00\",\"dateModified\":\"2025-01-15T15:50:47+00:00\",\"breadcrumb\":{\"@id\":\"https:\/\/barcelona.euses.cat\/fr\/visiter-le-campus-bellvitge\/#breadcrumb\"},\"inLanguage\":\"fr-FR\",\"potentialAction\":[{\"@type\":\"ReadAction\",\"target\":[\"https:\/\/barcelona.euses.cat\/fr\/visiter-le-campus-bellvitge\/\"]}]},{\"@type\":\"BreadcrumbList\",\"@id\":\"https:\/\/barcelona.euses.cat\/fr\/visiter-le-campus-bellvitge\/#breadcrumb\",\"itemListElement\":[{\"@type\":\"ListItem\",\"position\":1,\"name\":\"Portada\",\"item\":\"https:\/\/barcelona.euses.cat\/fr\/\"},{\"@type\":\"ListItem\",\"position\":2,\"name\":\"Visiter le campus\"}]},{\"@type\":\"WebSite\",\"@id\":\"https:\/\/barcelona.euses.cat\/ca\/#website\",\"url\":\"https:\/\/barcelona.euses.cat\/ca\/\",\"name\":\"EUSES - Campus de Bellvitge (Barcelona)\",\"description\":\"EUSES, Ecole Universitaire de Physioth\u00e9rapie Internationale \u00e0 Barcelone\",\"potentialAction\":[{\"@type\":\"SearchAction\",\"target\":{\"@type\":\"EntryPoint\",\"urlTemplate\":\"https:\/\/barcelona.euses.cat\/ca\/?s={search_term_string}\"},\"query-input\":{\"@type\":\"PropertyValueSpecification\",\"valueRequired\":true,\"valueName\":\"search_term_string\"}}],\"inLanguage\":\"fr-FR\"}]}<\/script>\n<!-- \/ Yoast SEO plugin. -->","yoast_head_json":{"title":"Visiter le campus | EUSES - Campus de Bellvitge (Barcelona)","robots":{"index":"index","follow":"follow","max-snippet":"max-snippet:-1","max-image-preview":"max-image-preview:large","max-video-preview":"max-video-preview:-1"},"canonical":"https:\/\/barcelona.euses.cat\/fr\/visiter-le-campus-bellvitge\/","og_locale":"fr_FR","og_type":"article","og_title":"Visiter le campus | EUSES - Campus de Bellvitge (Barcelona)","og_url":"https:\/\/barcelona.euses.cat\/fr\/visiter-le-campus-bellvitge\/","og_site_name":"EUSES - Campus de Bellvitge (Barcelona)","article_publisher":"https:\/\/www.facebook.com\/PhysioBCN\/","article_modified_time":"2025-01-15T15:50:47+00:00","twitter_card":"summary_large_image","twitter_misc":{"Dur\u00e9e de lecture estim\u00e9e":"1 minute"},"schema":{"@context":"https:\/\/schema.org","@graph":[{"@type":"WebPage","@id":"https:\/\/barcelona.euses.cat\/fr\/visiter-le-campus-bellvitge\/","url":"https:\/\/barcelona.euses.cat\/fr\/visiter-le-campus-bellvitge\/","name":"Visiter le campus | EUSES - Campus de Bellvitge (Barcelona)","isPartOf":{"@id":"https:\/\/barcelona.euses.cat\/ca\/#website"},"datePublished":"2021-11-23T14:16:35+00:00","dateModified":"2025-01-15T15:50:47+00:00","breadcrumb":{"@id":"https:\/\/barcelona.euses.cat\/fr\/visiter-le-campus-bellvitge\/#breadcrumb"},"inLanguage":"fr-FR","potentialAction":[{"@type":"ReadAction","target":["https:\/\/barcelona.euses.cat\/fr\/visiter-le-campus-bellvitge\/"]}]},{"@type":"BreadcrumbList","@id":"https:\/\/barcelona.euses.cat\/fr\/visiter-le-campus-bellvitge\/#breadcrumb","itemListElement":[{"@type":"ListItem","position":1,"name":"Portada","item":"https:\/\/barcelona.euses.cat\/fr\/"},{"@type":"ListItem","position":2,"name":"Visiter le campus"}]},{"@type":"WebSite","@id":"https:\/\/barcelona.euses.cat\/ca\/#website","url":"https:\/\/barcelona.euses.cat\/ca\/","name":"EUSES - Campus de Bellvitge (Barcelona)","description":"EUSES, Ecole Universitaire de Physioth\u00e9rapie Internationale \u00e0 Barcelone","potentialAction":[{"@type":"SearchAction","target":{"@type":"EntryPoint","urlTemplate":"https:\/\/barcelona.euses.cat\/ca\/?s={search_term_string}"},"query-input":{"@type":"PropertyValueSpecification","valueRequired":true,"valueName":"search_term_string"}}],"inLanguage":"fr-FR"}]}},"_links":{"self":[{"href":"https:\/\/barcelona.euses.cat\/fr\/wp-json\/wp\/v2\/pages\/10187","targetHints":{"allow":["GET"]}}],"collection":[{"href":"https:\/\/barcelona.euses.cat\/fr\/wp-json\/wp\/v2\/pages"}],"about":[{"href":"https:\/\/barcelona.euses.cat\/fr\/wp-json\/wp\/v2\/types\/page"}],"author":[{"embeddable":true,"href":"https:\/\/barcelona.euses.cat\/fr\/wp-json\/wp\/v2\/users\/1"}],"replies":[{"embeddable":true,"href":"https:\/\/barcelona.euses.cat\/fr\/wp-json\/wp\/v2\/comments?post=10187"}],"version-history":[{"count":4,"href":"https:\/\/barcelona.euses.cat\/fr\/wp-json\/wp\/v2\/pages\/10187\/revisions"}],"predecessor-version":[{"id":12306,"href":"https:\/\/barcelona.euses.cat\/fr\/wp-json\/wp\/v2\/pages\/10187\/revisions\/12306"}],"wp:attachment":[{"href":"https:\/\/barcelona.euses.cat\/fr\/wp-json\/wp\/v2\/media?parent=10187"}],"curies":[{"name":"wp","href":"https:\/\/api.w.org\/{rel}","templated":true}]}}