{"id":9900,"date":"2021-05-24T12:53:02","date_gmt":"2021-05-24T10:53:02","guid":{"rendered":"https:\/\/barcelona.euses.cat\/?page_id=9900"},"modified":"2021-05-24T12:53:17","modified_gmt":"2021-05-24T10:53:17","slug":"canal-etico","status":"publish","type":"page","link":"https:\/\/barcelona.euses.cat\/es\/canal-etico\/","title":{"rendered":"Canal \u00e9tico"},"content":{"rendered":"<p><b>Introducci\u00f3n<\/b><\/p>\n<p><b><br \/>\n<\/b>ESCOLA SALUT I ESPORT, S.L. (en lo sucesivo,\u00a0<span class=\"il\">EUSES<\/span>, o bien la empresa), cree que el comportamiento en el puesto de trabajo define tanto a las personas como la empresa, y es por eso que espera que la conducta de la organizaci\u00f3n y de las personas vinculadas a ella, no tan solo respete la legislaci\u00f3n vigente y su gobierno corporativo, sino que tambi\u00e9n responda a los principios \u00e9ticos y de responsabilidad sociales de aceptaci\u00f3n general.<\/p>\n<p>&nbsp;<\/p>\n<p><b>Compromiso y principios<\/b><\/p>\n<p>En este c\u00f3digo \u00e9tico se recoge el compromiso de <span class=\"il\">EUSES<\/span>\u00a0con los principios de cumplimiento, \u00e9tica y transparencia empresarial en todos los \u00e1mbitos de actuaci\u00f3n, estableciendo un conjunto de principios y pautas de conducta dirigidos a garantizar el comportamiento justo y responsable de todos los trabajadores de la empresa, independientemente de su posici\u00f3n jer\u00e1rquica, y ubicaci\u00f3n geogr\u00e1fica o funcional.<\/p>\n<p>Os pod\u00e9is descargar la \u00faltima versi\u00f3n del documento del C\u00f3digo \u00c9tico en este enlace: <a href=\"https:\/\/barcelona.euses.cat\/wp-content\/uploads\/2021\/05\/Codi-Etic.pdf\">C\u00f3digo \u00e9tico<\/a><\/p>\n<p>&nbsp;<\/p>\n<p><b>El Canal \u00c9tico<\/b><\/p>\n<p>El Canal \u00c9tico tiene como objetivo fomentar el cumplimiento de la legalidad y las normas de conducta establecidas en el C\u00f3digo \u00c9tico y en el reglamento interno del Comit\u00e9 de Compliance.<\/p>\n<p>La creaci\u00f3n del Canal \u00c9tico se entiende sin perjuicio de cualquier otro mecanismo o canal que se establezcan conforme el sistema de gobierno corporativo.<\/p>\n<p>El Canal \u00c9tico es un canal transparente para comunicar, por parte de los trabajadores o terceros interesados, conductas que puedan implicar la comisi\u00f3n de alguna irregularidad o de alg\u00fan acto contrario a la legalidad o a las normas, o bien para consultar dudas que puedan surgir sobre su interpretaci\u00f3n.<\/p>\n<p><span class=\"il\">EUSES<\/span>\u00a0se compromete a tratar en todo momento los datos de car\u00e1cter personal recibidos a trav\u00e9s del Canal \u00c9tico de forma absolutamente confidencial y de acuerdo con las finalidades previstas.<\/p>\n<p>Para dirigir vuestras preguntas, dudas, quejas de malas conductas, discriminaci\u00f3n, acoso, u otras cuestiones al Canal \u00c9tico, pod\u00e9is dirigiros por email al correo:<\/p>\n<p><a href=\"mailto:canaletico@euses.cat\" target=\"_blank\" rel=\"noopener noreferrer\">canaletico@<span class=\"il\">euses<\/span>.cat<\/a><\/p>\n<p>Este correo lo controla nuestro Compliance Officer y las quejas se tratan an\u00f3nimamente.<\/p>\n","protected":false},"excerpt":{"rendered":"<p>Introducci\u00f3n ESCOLA SALUT I ESPORT, S.L. (en lo sucesivo,\u00a0EUSES, o bien la empresa), cree que el comportamiento en el puesto de trabajo define tanto a las personas como la empresa, y es por eso que espera que la conducta de la organizaci\u00f3n y de las personas vinculadas a ella, no tan solo respete la legislaci\u00f3n [&hellip;]<\/p>\n","protected":false},"author":1,"featured_media":0,"parent":0,"menu_order":0,"comment_status":"closed","ping_status":"closed","template":"page-pagina.php","meta":{"_acf_changed":false,"inline_featured_image":false,"_joinchat":[],"footnotes":""},"class_list":["post-9900","page","type-page","status-publish","hentry"],"acf":[],"yoast_head":"<!-- This site is optimized with the Yoast SEO plugin v27.4 - https:\/\/yoast.com\/product\/yoast-seo-wordpress\/ -->\n<title>Canal \u00e9tico | EUSES - Campus de Bellvitge (Barcelona)<\/title>\n<meta name=\"robots\" content=\"index, follow, max-snippet:-1, max-image-preview:large, max-video-preview:-1\" \/>\n<link rel=\"canonical\" href=\"https:\/\/barcelona.euses.cat\/es\/canal-etico\/\" \/>\n<meta property=\"og:locale\" content=\"es_ES\" \/>\n<meta property=\"og:type\" content=\"article\" \/>\n<meta property=\"og:title\" content=\"Canal \u00e9tico | EUSES - Campus de Bellvitge (Barcelona)\" \/>\n<meta property=\"og:description\" content=\"Introducci\u00f3n ESCOLA SALUT I ESPORT, S.L. (en lo sucesivo,\u00a0EUSES, o bien la empresa), cree que el comportamiento en el puesto de trabajo define tanto a las personas como la empresa, y es por eso que espera que la conducta de la organizaci\u00f3n y de las personas vinculadas a ella, no tan solo respete la legislaci\u00f3n [&hellip;]\" \/>\n<meta property=\"og:url\" content=\"https:\/\/barcelona.euses.cat\/es\/canal-etico\/\" \/>\n<meta property=\"og:site_name\" content=\"EUSES - Campus de Bellvitge (Barcelona)\" \/>\n<meta property=\"article:publisher\" content=\"https:\/\/www.facebook.com\/PhysioBCN\/\" \/>\n<meta property=\"article:modified_time\" content=\"2021-05-24T10:53:17+00:00\" \/>\n<meta name=\"twitter:card\" content=\"summary_large_image\" \/>\n<meta name=\"twitter:label1\" content=\"Tiempo de lectura\" \/>\n\t<meta name=\"twitter:data1\" content=\"2 minutos\" \/>\n<script type=\"application\/ld+json\" class=\"yoast-schema-graph\">{\"@context\":\"https:\\\/\\\/schema.org\",\"@graph\":[{\"@type\":\"WebPage\",\"@id\":\"https:\\\/\\\/barcelona.euses.cat\\\/es\\\/canal-etico\\\/\",\"url\":\"https:\\\/\\\/barcelona.euses.cat\\\/es\\\/canal-etico\\\/\",\"name\":\"Canal \u00e9tico | EUSES - Campus de Bellvitge (Barcelona)\",\"isPartOf\":{\"@id\":\"https:\\\/\\\/barcelona.euses.cat\\\/ca\\\/#website\"},\"datePublished\":\"2021-05-24T10:53:02+00:00\",\"dateModified\":\"2021-05-24T10:53:17+00:00\",\"breadcrumb\":{\"@id\":\"https:\\\/\\\/barcelona.euses.cat\\\/es\\\/canal-etico\\\/#breadcrumb\"},\"inLanguage\":\"es\",\"potentialAction\":[{\"@type\":\"ReadAction\",\"target\":[\"https:\\\/\\\/barcelona.euses.cat\\\/es\\\/canal-etico\\\/\"]}]},{\"@type\":\"BreadcrumbList\",\"@id\":\"https:\\\/\\\/barcelona.euses.cat\\\/es\\\/canal-etico\\\/#breadcrumb\",\"itemListElement\":[{\"@type\":\"ListItem\",\"position\":1,\"name\":\"Portada\",\"item\":\"https:\\\/\\\/barcelona.euses.cat\\\/es\\\/\"},{\"@type\":\"ListItem\",\"position\":2,\"name\":\"Canal \u00e9tico\"}]},{\"@type\":\"WebSite\",\"@id\":\"https:\\\/\\\/barcelona.euses.cat\\\/ca\\\/#website\",\"url\":\"https:\\\/\\\/barcelona.euses.cat\\\/ca\\\/\",\"name\":\"EUSES - Campus de Bellvitge (Barcelona)\",\"description\":\"EUSES, Escuela Universitaria de Fisioterapia Internacional en Barcelona\",\"potentialAction\":[{\"@type\":\"SearchAction\",\"target\":{\"@type\":\"EntryPoint\",\"urlTemplate\":\"https:\\\/\\\/barcelona.euses.cat\\\/ca\\\/?s={search_term_string}\"},\"query-input\":{\"@type\":\"PropertyValueSpecification\",\"valueRequired\":true,\"valueName\":\"search_term_string\"}}],\"inLanguage\":\"es\"}]}<\/script>\n<!-- \/ Yoast SEO plugin. -->","yoast_head_json":{"title":"Canal \u00e9tico | EUSES - Campus de Bellvitge (Barcelona)","robots":{"index":"index","follow":"follow","max-snippet":"max-snippet:-1","max-image-preview":"max-image-preview:large","max-video-preview":"max-video-preview:-1"},"canonical":"https:\/\/barcelona.euses.cat\/es\/canal-etico\/","og_locale":"es_ES","og_type":"article","og_title":"Canal \u00e9tico | EUSES - Campus de Bellvitge (Barcelona)","og_description":"Introducci\u00f3n ESCOLA SALUT I ESPORT, S.L. (en lo sucesivo,\u00a0EUSES, o bien la empresa), cree que el comportamiento en el puesto de trabajo define tanto a las personas como la empresa, y es por eso que espera que la conducta de la organizaci\u00f3n y de las personas vinculadas a ella, no tan solo respete la legislaci\u00f3n [&hellip;]","og_url":"https:\/\/barcelona.euses.cat\/es\/canal-etico\/","og_site_name":"EUSES - Campus de Bellvitge (Barcelona)","article_publisher":"https:\/\/www.facebook.com\/PhysioBCN\/","article_modified_time":"2021-05-24T10:53:17+00:00","twitter_card":"summary_large_image","twitter_misc":{"Tiempo de lectura":"2 minutos"},"schema":{"@context":"https:\/\/schema.org","@graph":[{"@type":"WebPage","@id":"https:\/\/barcelona.euses.cat\/es\/canal-etico\/","url":"https:\/\/barcelona.euses.cat\/es\/canal-etico\/","name":"Canal \u00e9tico | EUSES - Campus de Bellvitge (Barcelona)","isPartOf":{"@id":"https:\/\/barcelona.euses.cat\/ca\/#website"},"datePublished":"2021-05-24T10:53:02+00:00","dateModified":"2021-05-24T10:53:17+00:00","breadcrumb":{"@id":"https:\/\/barcelona.euses.cat\/es\/canal-etico\/#breadcrumb"},"inLanguage":"es","potentialAction":[{"@type":"ReadAction","target":["https:\/\/barcelona.euses.cat\/es\/canal-etico\/"]}]},{"@type":"BreadcrumbList","@id":"https:\/\/barcelona.euses.cat\/es\/canal-etico\/#breadcrumb","itemListElement":[{"@type":"ListItem","position":1,"name":"Portada","item":"https:\/\/barcelona.euses.cat\/es\/"},{"@type":"ListItem","position":2,"name":"Canal \u00e9tico"}]},{"@type":"WebSite","@id":"https:\/\/barcelona.euses.cat\/ca\/#website","url":"https:\/\/barcelona.euses.cat\/ca\/","name":"EUSES - Campus de Bellvitge (Barcelona)","description":"EUSES, Escuela Universitaria de Fisioterapia Internacional en Barcelona","potentialAction":[{"@type":"SearchAction","target":{"@type":"EntryPoint","urlTemplate":"https:\/\/barcelona.euses.cat\/ca\/?s={search_term_string}"},"query-input":{"@type":"PropertyValueSpecification","valueRequired":true,"valueName":"search_term_string"}}],"inLanguage":"es"}]}},"_links":{"self":[{"href":"https:\/\/barcelona.euses.cat\/es\/wp-json\/wp\/v2\/pages\/9900","targetHints":{"allow":["GET"]}}],"collection":[{"href":"https:\/\/barcelona.euses.cat\/es\/wp-json\/wp\/v2\/pages"}],"about":[{"href":"https:\/\/barcelona.euses.cat\/es\/wp-json\/wp\/v2\/types\/page"}],"author":[{"embeddable":true,"href":"https:\/\/barcelona.euses.cat\/es\/wp-json\/wp\/v2\/users\/1"}],"replies":[{"embeddable":true,"href":"https:\/\/barcelona.euses.cat\/es\/wp-json\/wp\/v2\/comments?post=9900"}],"version-history":[{"count":1,"href":"https:\/\/barcelona.euses.cat\/es\/wp-json\/wp\/v2\/pages\/9900\/revisions"}],"predecessor-version":[{"id":9901,"href":"https:\/\/barcelona.euses.cat\/es\/wp-json\/wp\/v2\/pages\/9900\/revisions\/9901"}],"wp:attachment":[{"href":"https:\/\/barcelona.euses.cat\/es\/wp-json\/wp\/v2\/media?parent=9900"}],"curies":[{"name":"wp","href":"https:\/\/api.w.org\/{rel}","templated":true}]}}