{"id":916,"date":"2019-01-29T15:41:52","date_gmt":"2019-01-29T14:41:52","guid":{"rendered":"http:\/\/eusesgirona.neorgvirtual.com\/?page_id=916"},"modified":"2021-09-15T12:19:04","modified_gmt":"2021-09-15T10:19:04","slug":"proteccion-de-datos","status":"publish","type":"page","link":"https:\/\/barcelona.euses.cat\/es\/proteccion-de-datos\/","title":{"rendered":"Protecci\u00f3n de datos"},"content":{"rendered":"<p><strong>POL\u00cdTICA DE PRIVACIDAD<\/strong><\/p>\n<p>&nbsp;<\/p>\n<p><strong>\u00bfQui\u00e9n es el Responsable del Tratamiento de sus datos personales<span class=\"hiddenGrammarError\">?<\/span><\/strong><\/p>\n<p>&nbsp;<\/p>\n<p>Identidad: ESCOLA SALUT I ESPORT, S.L. (en adelante\u00a0<span class=\"hiddenSpellError\">EUSES<\/span>)<\/p>\n<p>C.I.<span class=\"hiddenSpellError\">F<\/span>.: B-17568023<\/p>\n<p>Domicilio: C\/ Francesc\u00a0<span class=\"hiddenSpellError\">Maci\u00e0<\/span>\u00a065 17190 Salt (Girona)<\/p>\n<p><span class=\"hiddenSpellError\">E-mail<\/span>: protecciodades@euses.cat<\/p>\n<p><span class=\"hiddenSpellError\">Tel\u00e8fon<\/span>: (+34) 972 405 130<\/p>\n<p>DPD: <a href=\"mailto:dpo.euses@rebledbellvehiadvocats.com\">dpo.euses@rebledbellvehiadvocats.com<\/a><\/p>\n<p>&nbsp;<\/p>\n<p>Identidad: U.COLLEGE OF NEW TECHNOLOGIES, S.L. (en adelante <span class=\"hiddenSpellError\">ENTI<\/span>)<\/p>\n<p>C.I.<span class=\"hiddenSpellError\">F<\/span>.: B-55140453<\/p>\n<p>Domicilio: C\/ Francesc\u00a0<span class=\"hiddenSpellError\">Maci\u00e0<\/span>\u00a065 17190 Salt (Girona)<\/p>\n<p><span class=\"hiddenSpellError\">E-mail: <a href=\"mailto:protecciodades@enti.cat\">protecciodades@enti.cat<\/a><\/span><\/p>\n<p><span class=\"hiddenSpellError\">Tel\u00e8fon<\/span>: (+34) 932 630 224<\/p>\n<p>DPD: <a href=\"mailto:dpo.enti@bellvehi.com\">dpo.enti@bellvehi.com<\/a><\/p>\n<p>&nbsp;<\/p>\n<p><strong>\u00bfCon qu\u00e9 finalidades tratamos sus datos personales<span class=\"hiddenGrammarError\">?<\/span><\/strong><\/p>\n<p>&nbsp;<\/p>\n<p>Tratamos la informaci\u00f3n que nos facilita el usuario con el fin de gestionar las solicitudes de informaci\u00f3n realizadas a trav\u00e9s de la web y la elaboraci\u00f3n de perfiles de los usuarios para enviarlos comunicaciones comerciales de los programas de formaci\u00f3n (grados, m\u00e1steres, posgrados, cursos, jornadas, seminarios, etc), actividades y servicios que puedan ser de su inter\u00e9s. Las elaboraciones de perfil se elaboran teniendo en cuenta la edad, c\u00f3digo postal, poblaci\u00f3n, estudios actuales, como nos ha conocido, informaci\u00f3n solicitada, para acotar la informaci\u00f3n que se enviar\u00e1 al solicitante para enviarle comunicaciones informativas que mejor se adapten a sus intereses.<\/p>\n<p>&nbsp;<\/p>\n<p><strong>\u00bfPor cu\u00e1nto tiempo conservaremos sus datos personales<span class=\"hiddenGrammarError\">?<\/span><\/strong><\/p>\n<p>&nbsp;<\/p>\n<p>Los datos personales proporcionados se conservar\u00e1n mientras no se solicite su supresi\u00f3n por el usuario para poderle enviar comunicaciones informativas.<\/p>\n<p>&nbsp;<\/p>\n<p><strong>\u00bfCu\u00e1l es la legitimaci\u00f3n para el tratamiento de sus datos personales<span class=\"hiddenGrammarError\">?<\/span><\/strong><\/p>\n<p>&nbsp;<\/p>\n<p>La base legal para el tratamiento de datos es el consentimiento expl\u00edcito del usuario prestado mediante la aceptaci\u00f3n de esta Pol\u00edtica de Privacidad. El usuario tendr\u00e1 que comunicarnos sus datos personales actuales para que la informaci\u00f3n contenida en nuestros ficheros est\u00e9 actualizada y sin errores.<\/p>\n<p>&nbsp;<\/p>\n<p><strong>\u00bfA qu\u00e9 destinatarios se comunicar\u00e1n sus datos personales<span class=\"hiddenGrammarError\">?<\/span><\/strong><\/p>\n<p>&nbsp;<\/p>\n<p>Los datos pueden comunicarse a empresas del Grupo, para las mismas finalidades referidas anteriormente. Adem\u00e1s, podr\u00e1n ser comunicadas a los proveedores que realizan servicios jur\u00eddicos, de auditor\u00eda,\u00a0<span class=\"hiddenSpellError\">gestor\u00eda<\/span>, servicios inform\u00e1ticos y servicios de comunicaci\u00f3n, marketing a\u00a0<span class=\"hiddenSpellError\">EUSES y ENTI<\/span>, as\u00ed como a las empresas RECUPERACIONES\u00a0<span class=\"hiddenSpellError\">AULADELL<\/span>,\u00a0<span class=\"hiddenSpellError\">SL<\/span>,\u00a0 <span class=\"hiddenSpellError\">DOLMI<\/span>\u00a02000,\u00a0<span class=\"hiddenSpellError\">SL<\/span> y\u00a0 PESA 4040, <span class=\"hiddenSpellError\">SL<\/span>. Finalmente informarlos que los datos podr\u00e1n alojarse en proveedores de los\u00a0<span class=\"hiddenSpellError\">EE<\/span>.<span class=\"hiddenSpellError\">UU<\/span>\u00a0adheridos al \u201cPrivacyShield\u201d y en Chile, Singapur y\u00a0<span class=\"hiddenSpellError\">Taiw\u00e1n<\/span>, en condiciones de m\u00e1xima seguridad y confidencialidad. Al efecto, se podr\u00e1n utilizar\u00a0<span class=\"hiddenSpellError\">cookies<\/span>\u00a0de terceros para hacer seguimiento de las comunicaciones informativas.<\/p>\n<p>&nbsp;<\/p>\n<p><strong>\u00bfCu\u00e1les son sus derechos cuando nos facilita sus datos personales<span class=\"hiddenGrammarError\">?<\/span><\/strong><\/p>\n<p>&nbsp;<\/p>\n<p>El usuario puede ejercer su derecho de acceso a los datos personales, as\u00ed como solicitar la rectificaci\u00f3n de los datos inexactos o, si procede, solicitar su supresi\u00f3n cuando los datos ya no sean necesarias para las finalidades por las que fueron recogidas. Tambi\u00e9n podr\u00e1 solicitar la limitaci\u00f3n, portabilidad y oposici\u00f3n del tratamiento de sus datos, en determinadas circunstancias y por motivos relacionados con su situaci\u00f3n particular.Igualmente, tiene derecho a revocar su consentimiento en cualquier momento sin que esto afecte de forma retroactiva al tratamiento de datos personales realizado hasta el momento.El usuario podr\u00e1 ejercer los derechos referidos anteriormente, en los t\u00e9rminos y condiciones previstos en la legislaci\u00f3n vigente, en el domicilio social de\u00a0<span class=\"hiddenSpellError\">EUSES y ENTI<\/span> o bien solicitarlo por correo electr\u00f3nico a dpo.euses@rebledbellvehiadvocats.com\/dpo.enti@bellvehi.com. En el supuesto de que no obtenga una respuesta satisfactoria y desee formular una reclamaci\u00f3n u obtener mayor informaci\u00f3n en lo referente a cualquier de estos derechos, se podr\u00e1 acudir a la Autoridad Catalana de Protecci\u00f3n de Datos (www.apdcat.cat \u2013 C\/ <span class=\"hiddenSpellError\">Rossell\u00f3<\/span>,\u00a0<span class=\"hiddenSpellError\">n<\/span>.<span class=\"hiddenSpellError\">\u00ba<\/span>\u00a0214,\u00a0<span class=\"hiddenSpellError\">esc<\/span>. A, 1.<span class=\"hiddenSpellError\">\u00ba<\/span>\u00a01.<span class=\"hiddenSpellError\">\u00aa<\/span>, 08008 Barcelona).<\/p>\n","protected":false},"excerpt":{"rendered":"<p>POL\u00cdTICA DE PRIVACIDAD &nbsp; \u00bfQui\u00e9n es el Responsable del Tratamiento de sus datos personales? &nbsp; Identidad: ESCOLA SALUT I ESPORT, S.L. (en adelante\u00a0EUSES) C.I.F.: B-17568023 Domicilio: C\/ Francesc\u00a0Maci\u00e0\u00a065 17190 Salt (Girona) E-mail: protecciodades@euses.cat Tel\u00e8fon: (+34) 972 405 130 DPD: dpo.euses@rebledbellvehiadvocats.com &nbsp; Identidad: U.COLLEGE OF NEW TECHNOLOGIES, S.L. (en adelante ENTI) C.I.F.: B-55140453 Domicilio: C\/ Francesc\u00a0Maci\u00e0\u00a065 [&hellip;]<\/p>\n","protected":false},"author":1,"featured_media":0,"parent":0,"menu_order":0,"comment_status":"closed","ping_status":"closed","template":"page-pagina.php","meta":{"_acf_changed":false,"inline_featured_image":false,"_joinchat":[],"footnotes":""},"class_list":["post-916","page","type-page","status-publish","hentry"],"acf":[],"yoast_head":"<!-- This site is optimized with the Yoast SEO plugin v27.4 - https:\/\/yoast.com\/product\/yoast-seo-wordpress\/ -->\n<title>Protecci\u00f3n de datos | EUSES - Campus de Bellvitge (Barcelona)<\/title>\n<meta name=\"robots\" content=\"noindex, follow\" \/>\n<meta property=\"og:locale\" content=\"es_ES\" \/>\n<meta property=\"og:type\" content=\"article\" \/>\n<meta property=\"og:title\" content=\"Protecci\u00f3n de datos | EUSES - Campus de Bellvitge (Barcelona)\" \/>\n<meta property=\"og:description\" content=\"POL\u00cdTICA DE PRIVACIDAD &nbsp; \u00bfQui\u00e9n es el Responsable del Tratamiento de sus datos personales? &nbsp; Identidad: ESCOLA SALUT I ESPORT, S.L. (en adelante\u00a0EUSES) C.I.F.: B-17568023 Domicilio: C\/ Francesc\u00a0Maci\u00e0\u00a065 17190 Salt (Girona) E-mail: protecciodades@euses.cat Tel\u00e8fon: (+34) 972 405 130 DPD: dpo.euses@rebledbellvehiadvocats.com &nbsp; Identidad: U.COLLEGE OF NEW TECHNOLOGIES, S.L. (en adelante ENTI) C.I.F.: B-55140453 Domicilio: C\/ Francesc\u00a0Maci\u00e0\u00a065 [&hellip;]\" \/>\n<meta property=\"og:url\" content=\"https:\/\/barcelona.euses.cat\/es\/proteccion-de-datos\/\" \/>\n<meta property=\"og:site_name\" content=\"EUSES - Campus de Bellvitge (Barcelona)\" \/>\n<meta property=\"article:publisher\" content=\"https:\/\/www.facebook.com\/PhysioBCN\/\" \/>\n<meta property=\"article:modified_time\" content=\"2021-09-15T10:19:04+00:00\" \/>\n<meta name=\"twitter:card\" content=\"summary_large_image\" \/>\n<meta name=\"twitter:label1\" content=\"Tiempo de lectura\" \/>\n\t<meta name=\"twitter:data1\" content=\"3 minutos\" \/>\n<script type=\"application\/ld+json\" class=\"yoast-schema-graph\">{\"@context\":\"https:\\\/\\\/schema.org\",\"@graph\":[{\"@type\":\"WebPage\",\"@id\":\"https:\\\/\\\/barcelona.euses.cat\\\/es\\\/proteccion-de-datos\\\/\",\"url\":\"https:\\\/\\\/barcelona.euses.cat\\\/es\\\/proteccion-de-datos\\\/\",\"name\":\"Protecci\u00f3n de datos | EUSES - Campus de Bellvitge (Barcelona)\",\"isPartOf\":{\"@id\":\"https:\\\/\\\/barcelona.euses.cat\\\/ca\\\/#website\"},\"datePublished\":\"2019-01-29T14:41:52+00:00\",\"dateModified\":\"2021-09-15T10:19:04+00:00\",\"breadcrumb\":{\"@id\":\"https:\\\/\\\/barcelona.euses.cat\\\/es\\\/proteccion-de-datos\\\/#breadcrumb\"},\"inLanguage\":\"es\",\"potentialAction\":[{\"@type\":\"ReadAction\",\"target\":[\"https:\\\/\\\/barcelona.euses.cat\\\/es\\\/proteccion-de-datos\\\/\"]}]},{\"@type\":\"BreadcrumbList\",\"@id\":\"https:\\\/\\\/barcelona.euses.cat\\\/es\\\/proteccion-de-datos\\\/#breadcrumb\",\"itemListElement\":[{\"@type\":\"ListItem\",\"position\":1,\"name\":\"Portada\",\"item\":\"https:\\\/\\\/barcelona.euses.cat\\\/es\\\/\"},{\"@type\":\"ListItem\",\"position\":2,\"name\":\"Protecci\u00f3n de datos\"}]},{\"@type\":\"WebSite\",\"@id\":\"https:\\\/\\\/barcelona.euses.cat\\\/ca\\\/#website\",\"url\":\"https:\\\/\\\/barcelona.euses.cat\\\/ca\\\/\",\"name\":\"EUSES - Campus de Bellvitge (Barcelona)\",\"description\":\"EUSES, Escuela Universitaria de Fisioterapia Internacional en Barcelona\",\"potentialAction\":[{\"@type\":\"SearchAction\",\"target\":{\"@type\":\"EntryPoint\",\"urlTemplate\":\"https:\\\/\\\/barcelona.euses.cat\\\/ca\\\/?s={search_term_string}\"},\"query-input\":{\"@type\":\"PropertyValueSpecification\",\"valueRequired\":true,\"valueName\":\"search_term_string\"}}],\"inLanguage\":\"es\"}]}<\/script>\n<!-- \/ Yoast SEO plugin. -->","yoast_head_json":{"title":"Protecci\u00f3n de datos | EUSES - Campus de Bellvitge (Barcelona)","robots":{"index":"noindex","follow":"follow"},"og_locale":"es_ES","og_type":"article","og_title":"Protecci\u00f3n de datos | EUSES - Campus de Bellvitge (Barcelona)","og_description":"POL\u00cdTICA DE PRIVACIDAD &nbsp; \u00bfQui\u00e9n es el Responsable del Tratamiento de sus datos personales? &nbsp; Identidad: ESCOLA SALUT I ESPORT, S.L. (en adelante\u00a0EUSES) C.I.F.: B-17568023 Domicilio: C\/ Francesc\u00a0Maci\u00e0\u00a065 17190 Salt (Girona) E-mail: protecciodades@euses.cat Tel\u00e8fon: (+34) 972 405 130 DPD: dpo.euses@rebledbellvehiadvocats.com &nbsp; Identidad: U.COLLEGE OF NEW TECHNOLOGIES, S.L. (en adelante ENTI) C.I.F.: B-55140453 Domicilio: C\/ Francesc\u00a0Maci\u00e0\u00a065 [&hellip;]","og_url":"https:\/\/barcelona.euses.cat\/es\/proteccion-de-datos\/","og_site_name":"EUSES - Campus de Bellvitge (Barcelona)","article_publisher":"https:\/\/www.facebook.com\/PhysioBCN\/","article_modified_time":"2021-09-15T10:19:04+00:00","twitter_card":"summary_large_image","twitter_misc":{"Tiempo de lectura":"3 minutos"},"schema":{"@context":"https:\/\/schema.org","@graph":[{"@type":"WebPage","@id":"https:\/\/barcelona.euses.cat\/es\/proteccion-de-datos\/","url":"https:\/\/barcelona.euses.cat\/es\/proteccion-de-datos\/","name":"Protecci\u00f3n de datos | EUSES - Campus de Bellvitge (Barcelona)","isPartOf":{"@id":"https:\/\/barcelona.euses.cat\/ca\/#website"},"datePublished":"2019-01-29T14:41:52+00:00","dateModified":"2021-09-15T10:19:04+00:00","breadcrumb":{"@id":"https:\/\/barcelona.euses.cat\/es\/proteccion-de-datos\/#breadcrumb"},"inLanguage":"es","potentialAction":[{"@type":"ReadAction","target":["https:\/\/barcelona.euses.cat\/es\/proteccion-de-datos\/"]}]},{"@type":"BreadcrumbList","@id":"https:\/\/barcelona.euses.cat\/es\/proteccion-de-datos\/#breadcrumb","itemListElement":[{"@type":"ListItem","position":1,"name":"Portada","item":"https:\/\/barcelona.euses.cat\/es\/"},{"@type":"ListItem","position":2,"name":"Protecci\u00f3n de datos"}]},{"@type":"WebSite","@id":"https:\/\/barcelona.euses.cat\/ca\/#website","url":"https:\/\/barcelona.euses.cat\/ca\/","name":"EUSES - Campus de Bellvitge (Barcelona)","description":"EUSES, Escuela Universitaria de Fisioterapia Internacional en Barcelona","potentialAction":[{"@type":"SearchAction","target":{"@type":"EntryPoint","urlTemplate":"https:\/\/barcelona.euses.cat\/ca\/?s={search_term_string}"},"query-input":{"@type":"PropertyValueSpecification","valueRequired":true,"valueName":"search_term_string"}}],"inLanguage":"es"}]}},"_links":{"self":[{"href":"https:\/\/barcelona.euses.cat\/es\/wp-json\/wp\/v2\/pages\/916","targetHints":{"allow":["GET"]}}],"collection":[{"href":"https:\/\/barcelona.euses.cat\/es\/wp-json\/wp\/v2\/pages"}],"about":[{"href":"https:\/\/barcelona.euses.cat\/es\/wp-json\/wp\/v2\/types\/page"}],"author":[{"embeddable":true,"href":"https:\/\/barcelona.euses.cat\/es\/wp-json\/wp\/v2\/users\/1"}],"replies":[{"embeddable":true,"href":"https:\/\/barcelona.euses.cat\/es\/wp-json\/wp\/v2\/comments?post=916"}],"version-history":[{"count":13,"href":"https:\/\/barcelona.euses.cat\/es\/wp-json\/wp\/v2\/pages\/916\/revisions"}],"predecessor-version":[{"id":6409,"href":"https:\/\/barcelona.euses.cat\/es\/wp-json\/wp\/v2\/pages\/916\/revisions\/6409"}],"wp:attachment":[{"href":"https:\/\/barcelona.euses.cat\/es\/wp-json\/wp\/v2\/media?parent=916"}],"curies":[{"name":"wp","href":"https:\/\/api.w.org\/{rel}","templated":true}]}}