{"id":7175,"date":"2019-06-17T10:02:41","date_gmt":"2019-06-17T08:02:41","guid":{"rendered":"https:\/\/barcelona.euses.cat\/qualitat\/"},"modified":"2025-03-28T13:24:24","modified_gmt":"2025-03-28T12:24:24","slug":"calidad","status":"publish","type":"page","link":"https:\/\/barcelona.euses.cat\/es\/calidad\/","title":{"rendered":"Calidad"},"content":{"rendered":"<h3><strong>CALIDAD<\/strong><\/h3>\n<ul>\n<li><a href=\"https:\/\/www.udg.edu\/ca\/udgqualitat\/centres-adscrits\/compromis-de-qualitat?centre=CENT3159\" target=\"_blank\" rel=\"noopener noreferrer\">Compromiso de calidad<\/a><\/li>\n<li><a href=\"https:\/\/www.udg.edu\/ca\/udgqualitat\/politica-de-qualitat\" target=\"_blank\" rel=\"noopener noreferrer\">Pol\u00edtica de calidad<\/a><\/li>\n<li><a href=\"https:\/\/girona.euses.cat\/wp-content\/uploads\/2021\/11\/Poli\u0301tica-de-qualitat-dEUSES-v.1.pdf\" target=\"_blank\" rel=\"noopener noreferrer\">Pol\u00edtica de calidad de EUSES<\/a><\/li>\n<li><a href=\"https:\/\/www.udg.edu\/ca\/udgqualitat\/centres-adscrits\/comissio-de-qualitat?centre=CENT3159\" target=\"_blank\" rel=\"noopener noreferrer\">Comisi\u00f3n de Calidad EUSES<\/a><\/li>\n<\/ul>\n<p>&nbsp;<\/p>\n<h3><strong>Sistema de Garant\u00eda Interna de Calidad (SGIC)<\/strong><\/h3>\n<ul>\n<li><a href=\"https:\/\/www.udg.edu\/ca\/udgqualitat\/sistema-de-garantia-intern-de-qualitat\" target=\"_blank\" rel=\"noopener noreferrer\">SGIQ en la UDG<\/a><\/li>\n<li><a href=\"https:\/\/www.udg.edu\/ca\/udgqualitat\/centres-adscrits\/sistema-de-garantia-intern-de-qualitat?centre=CENT3159\" target=\"_blank\" rel=\"noopener noreferrer\">SGIQ en EUSES<\/a><\/li>\n<li><a href=\"https:\/\/www.udg.edu\/ca\/udgqualitat\/centres-adscrits\/qualitat-de-les-titulacions?centre=CENT3159\" target=\"_blank\" rel=\"noopener noreferrer\">Calidad de las titulaciones<\/a><\/li>\n<li><a href=\"https:\/\/www.udg.edu\/ca\/udgqualitat\/centres-adscrits\/pla-de-millora?centre=CENT3159\" target=\"_blank\" rel=\"noopener noreferrer\">Plan de mejora<\/a><\/li>\n<\/ul>\n<p>&nbsp;<\/p>\n<h3><strong>Memorias e Informes de AQU de Grados y M\u00e1steres<\/strong><\/h3>\n<p><strong>Grado en Fisioterapia<\/strong><\/p>\n<ul>\n<li><a href=\"https:\/\/girona.euses.cat\/wp-content\/uploads\/2019\/06\/FISIO-Verificacio-Memoria-2009.pdf\" target=\"_blank\" rel=\"noopener noreferrer\">Memoria de verificaci\u00f3n (2009)<\/a><\/li>\n<li><a href=\"https:\/\/aserv2.udg.edu\/apps\/Portals\/15\/qdocs\/FISIO_i_CAFE_Acreditaci%C3%B3_Autoinforme_17092014.pdf?_ga=2.159968829.1023053081.1582536375-636626616.1523958377\" target=\"_blank\" rel=\"noopener noreferrer\">Autoinforme de acreditaci\u00f3n (2014\/15)<\/a><\/li>\n<li><a href=\"https:\/\/girona.euses.cat\/wp-content\/uploads\/2022\/03\/AIA-EUSES-19-20.pdf\" target=\"_blank\" rel=\"noopener noreferrer\">Autoinforme de acreditaci\u00f3n (2019\/20)<\/a><\/li>\n<li>Informes de evaluaci\u00f3n\n<ul>\n<li><a href=\"https:\/\/girona.euses.cat\/wp-content\/uploads\/2022\/03\/INFORMES-AVALUACIO-PHYSIO-VERIFICACIO.pdf\" target=\"_blank\" rel=\"noopener noreferrer\">Verificaci\u00f3n<\/a><\/li>\n<li><a href=\"https:\/\/girona.euses.cat\/wp-content\/uploads\/2022\/03\/Acreditacio_Fisioterapia_19-20.pdf\" target=\"_blank\" rel=\"noopener noreferrer\">Acreditaci\u00f3n<\/a><\/li>\n<\/ul>\n<\/li>\n<li><a href=\"https:\/\/girona.euses.cat\/wp-content\/uploads\/2019\/06\/RESOLUCI%C3%93N-FISIO.pdf\" target=\"_blank\" rel=\"noopener noreferrer\">Resoluci\u00f3n Consejo Universidades<\/a><\/li>\n<li><a href=\"https:\/\/www.educacion.gob.es\/ruct\/estudiocentro.action?codigoCiclo=SC&amp;codigoEstudio=2500698&amp;actual=estudios\" target=\"_blank\" rel=\"noopener noreferrer\">RUCT<\/a><\/li>\n<li><a href=\"http:\/\/estudis.aqu.cat\/euc\/es\/estudi\/530\" target=\"_blank\" rel=\"noopener noreferrer\">Informaci\u00f3n sobre la titulaci\u00f3n en Estudios Universitarios de Catalunya (EUC)<\/a><\/li>\n<\/ul>\n<p>&nbsp;<\/p>\n<p><strong>Grado en Fisioterapia &#8211; Physiotherapy Barcelona (interuniversitario)<\/strong><\/p>\n<ul>\n<li><a href=\"https:\/\/girona.euses.cat\/wp-content\/uploads\/2019\/06\/MEM\u00d2RIA-VERIFICACI\u00d3-PHYSIOTHERAPY.pdf\" target=\"_blank\" rel=\"noopener noreferrer\">Memoria de verificaci\u00f3n (2015)<\/a><\/li>\n<li><a href=\"https:\/\/girona.euses.cat\/wp-content\/uploads\/2022\/03\/AIA-EUSES-19-20.pdf\" target=\"_blank\" rel=\"noopener noreferrer\">Autoinforme de acreditaci\u00f3n (2019\/20)<\/a><\/li>\n<li>Informes de evaluaci\u00f3n\n<ul>\n<li><a href=\"https:\/\/girona.euses.cat\/wp-content\/uploads\/2019\/06\/INFORMES-AVALUACI\u00d3-PHYSIO-VERIFICACI\u00d3.pdf\" target=\"_blank\" rel=\"noopener noreferrer\">Verificaci\u00f3n<\/a><\/li>\n<li><a href=\"https:\/\/girona.euses.cat\/wp-content\/uploads\/2022\/03\/Acreditacio_Fisioterapia_INT_19-20.pdf\" target=\"_blank\" rel=\"noopener noreferrer\">Acreditaci\u00f3n<\/a><\/li>\n<\/ul>\n<\/li>\n<li><a href=\"https:\/\/girona.euses.cat\/wp-content\/uploads\/2019\/06\/RESOLUCION-CONSEJO-UNIVERSIDADES-PHYSIO.pdf\" target=\"_blank\" rel=\"noopener noreferrer\">Resoluci\u00f3n Consejo Universidades<\/a><\/li>\n<li><a href=\"https:\/\/www.educacion.gob.es\/ruct\/estudiocentro.action?codigoCiclo=SC&amp;codigoEstudio=2503269&amp;actual=estudios\" target=\"_blank\" rel=\"noopener noreferrer\">RUCT<\/a><\/li>\n<li><a href=\"https:\/\/girona.euses.cat\/wp-content\/uploads\/2019\/06\/CONVENI-COL.LABORACI\u00d3-UDG-UB.pdf\" target=\"_blank\" rel=\"noopener noreferrer\">Convenio de colaboraci\u00f3n UdG-UB<\/a><\/li>\n<li><a href=\"http:\/\/estudis.aqu.cat\/euc\/es\/estudi\/2693\" target=\"_blank\" rel=\"noopener noreferrer\">Informaci\u00f3n sobre la titulaci\u00f3n en EUC<\/a><\/li>\n<\/ul>\n<p>&nbsp;<\/p>\n<p><strong>Grado en Ciencias de la Actividad F\u00edsica y del Deporte<\/strong><\/p>\n<ul>\n<li><a href=\"https:\/\/girona.euses.cat\/wp-content\/uploads\/2019\/06\/MEM%C3%92RIA-VERIFICACI%C3%93-CAFiE.pdf\" target=\"_blank\" rel=\"noopener noreferrer\">Memoria de verificaci\u00f3n (2009)<\/a><\/li>\n<li><a href=\"https:\/\/aserv2.udg.edu\/apps\/Portals\/15\/qdocs\/FISIO_i_CAFE_Acreditaci%C3%B3_Autoinforme_17092014.pdf?_ga=2.159968829.1023053081.1582536375-636626616.1523958377\" target=\"_blank\" rel=\"noopener noreferrer\">Autoinforme de acreditaci\u00f3n (2014\/15)<\/a><\/li>\n<li><a href=\"https:\/\/girona.euses.cat\/wp-content\/uploads\/2022\/03\/AIA-EUSES-19-20.pdf\" target=\"_blank\" rel=\"noopener noreferrer\">Autoinforme de acreditaci\u00f3n (2019\/20)<\/a><\/li>\n<li>Informe de evaluaci\u00f3n\n<ul>\n<li><a href=\"https:\/\/girona.euses.cat\/wp-content\/uploads\/2022\/03\/Acreditacio_Ciencies_Activitat-Fisica_i_Esport_19-20.pdf\" target=\"_blank\" rel=\"noopener noreferrer\">Acreditaci\u00f3n<\/a><\/li>\n<\/ul>\n<\/li>\n<li><a href=\"https:\/\/girona.euses.cat\/wp-content\/uploads\/2021\/03\/CAFE_Modificacio_2015_Memoria_10072015-4dbcc7e5-a4a1-4d7e-b90c-dcf54a65faa3.pdf\" target=\"_blank\" rel=\"noopener noreferrer\">Memoria modificada (2015)<\/a><\/li>\n<li>Informe de evaluaci\u00f3n\n<ul>\n<li><a href=\"https:\/\/girona.euses.cat\/wp-content\/uploads\/2019\/06\/INFORME-AVALUACI%C3%93-CAFiE-MODIFICACI%C3%93.pdf\" target=\"_blank\" rel=\"noopener noreferrer\">Modificaci\u00f3n<\/a><\/li>\n<\/ul>\n<\/li>\n<li><a href=\"https:\/\/girona.euses.cat\/wp-content\/uploads\/2019\/06\/RESOLUCI%C3%93N-CAFiE.pdf\" target=\"_blank\" rel=\"noopener noreferrer\">Resoluci\u00f3n Consejo Universidades<\/a><\/li>\n<li><a href=\"https:\/\/www.educacion.gob.es\/ruct\/estudiocentro.action?codigoCiclo=SC&amp;codigoEstudio=2501047&amp;actual=estudios\" target=\"_blank\" rel=\"noopener noreferrer\">RUCT<\/a><\/li>\n<li><a href=\"http:\/\/estudis.aqu.cat\/euc\/estudi\/531\" target=\"_blank\" rel=\"noopener noreferrer\">Informaci\u00f3n sobre la titulaci\u00f3n en EUC<\/a><\/li>\n<\/ul>\n<p>&nbsp;<\/p>\n<h3><strong>Inserci\u00f3n Laboral y Satisfacci\u00f3n de los Graduados \/ as<\/strong><\/h3>\n<ul>\n<li style=\"list-style-type: none;\">\n<ul>\n<li><a href=\"https:\/\/estudis.aqu.cat\/dades\/Web\/Grau\/InsercioLaboral\" target=\"_blank\" rel=\"noopener noreferrer\">Inserci\u00f3n Laboral<\/a><\/li>\n<li><a href=\"https:\/\/estudis.aqu.cat\/dades\/Web\/Grau\/Satisfaccio\" target=\"_blank\" rel=\"noopener noreferrer\">Satisfacci\u00f3n de los Graduados \/ as<\/a><\/li>\n<\/ul>\n<\/li>\n<\/ul>\n<p>&nbsp;<\/p>\n<h3><strong>Informes de seguimiento y acreditaci\u00f3n de grados y m\u00e1steres<\/strong><\/h3>\n<p><strong>Curso 2016-2017<\/strong><\/p>\n<ul>\n<li><a href=\"https:\/\/girona.euses.cat\/wp-content\/uploads\/2019\/06\/INFORME-DE-SEGUIMENT-2016-2017-EUSES-DEF.pdf\" target=\"_blank\" rel=\"noopener noreferrer\">Informe de seguimiento 2016-2017<\/a><\/li>\n<li>Tablas y gr\u00e1ficos\n<ul>\n<li><a href=\"https:\/\/girona.euses.cat\/wp-content\/uploads\/2019\/07\/TAULES-FISIO-SALT-PHYSIO-BCN-16-17.xlsx\" target=\"_blank\" rel=\"noopener noreferrer\">Grado en Fisioterapia (Salt) + Physiotherapy Barcelona (interuniversitario)<\/a><\/li>\n<li><a href=\"https:\/\/girona.euses.cat\/wp-content\/uploads\/2019\/07\/TAULES-CAFiE-16-17.xlsx\" target=\"_blank\" rel=\"noopener noreferrer\">Grado en Ciencias de la Actividad F\u00edsica y del Deporte<\/a><\/li>\n<\/ul>\n<\/li>\n<\/ul>\n<p><strong>Curso 2017-2018<\/strong><\/p>\n<ul>\n<li><a href=\"https:\/\/girona.euses.cat\/wp-content\/uploads\/2020\/03\/Informe-de-seguiment-EUSES-17-18-v.1.pdf\" target=\"_blank\" rel=\"noopener noreferrer\">Informe de seguimiento 2017-2018<\/a><\/li>\n<li>Tablas y gr\u00e1ficos\n<ul>\n<li><a href=\"https:\/\/girona.euses.cat\/wp-content\/uploads\/2019\/06\/Fisioter\u00e0pia-TAULES-SALT.xlsx\" target=\"_blank\" rel=\"noopener noreferrer\">Grado en Fisioterapia<\/a><\/li>\n<li><a href=\"https:\/\/girona.euses.cat\/wp-content\/uploads\/2019\/06\/Fisioter\u00e0pia-561-BCN.xlsx\" target=\"_blank\" rel=\"noopener noreferrer\">Grado en Fisioterapia &#8211; Physiotherapy Barcelona (interuniversitario)<\/a><\/li>\n<li><a href=\"https:\/\/girona.euses.cat\/wp-content\/uploads\/2019\/06\/CAFE-FINAL-TAULES-INFORME-SEGUIMENT.xlsx\" target=\"_blank\" rel=\"noopener noreferrer\">Grado en Ciencias de la Actividad F\u00edsica y del Deporte<\/a><\/li>\n<li><a href=\"https:\/\/girona.euses.cat\/wp-content\/uploads\/2019\/06\/DTG-TAULES.xlsx\" target=\"_blank\" rel=\"noopener noreferrer\">Doble Grado en Fisioterapia y CAFyD<\/a><\/li>\n<\/ul>\n<\/li>\n<\/ul>\n<p><strong>Curso 2018-2019<\/strong><\/p>\n<ul>\n<li><a href=\"https:\/\/girona.euses.cat\/wp-content\/uploads\/2020\/03\/ISC-18-19-v1.pdf\" target=\"_blank\" rel=\"noopener noreferrer\">Informe de seguimiento 2018-2019<\/a><\/li>\n<li>Tablas y gr\u00e1ficos\n<ul>\n<li><a href=\"https:\/\/girona.euses.cat\/wp-content\/uploads\/2020\/02\/GRAU0245-Fisio-def-2.xlsx\" target=\"_blank\" rel=\"noopener noreferrer\">Grado en Fisioterapia<\/a><\/li>\n<li><a href=\"https:\/\/girona.euses.cat\/wp-content\/uploads\/2020\/02\/GRAU0561-Physio-3159-def-2.xlsx\" target=\"_blank\" rel=\"noopener noreferrer\">Grado en Fisioterapia &#8211; Physiotherapy Barcelona (interuniversitario)<\/a><\/li>\n<li><a href=\"https:\/\/girona.euses.cat\/wp-content\/uploads\/2020\/02\/GRAU0244-Cie\u0300ncies-Activitat-Esport-def-2.xlsx\" target=\"_blank\" rel=\"noopener noreferrer\">Grado en Ciencias de la Actividad F\u00edsica y del Deporte<\/a><\/li>\n<li><a href=\"https:\/\/girona.euses.cat\/wp-content\/uploads\/2020\/02\/3159GD116-CAFE-Fisio-def-2.xlsx\" target=\"_blank\" rel=\"noopener noreferrer\">Doble Grado en Fisioterapia y CAFyD<\/a><\/li>\n<\/ul>\n<\/li>\n<li><a href=\"https:\/\/girona.euses.cat\/wp-content\/uploads\/2020\/05\/Pla-de-Millora-EUSES-2018-2019-2.pdf\" target=\"_blank\" rel=\"noopener noreferrer\">Plan de mejora<\/a><\/li>\n<\/ul>\n<p><strong>Curso 2019-2020<\/strong><\/p>\n<ul>\n<li><a href=\"https:\/\/girona.euses.cat\/wp-content\/uploads\/2021\/03\/AIA-EUSES-v.1.-1.pdf\" target=\"_blank\" rel=\"noopener noreferrer\">Autoinforme de acreditaci\u00f3n 2019\/20<\/a><\/li>\n<li><a href=\"https:\/\/girona.euses.cat\/wp-content\/uploads\/2021\/03\/3.3.1.a.-Pla-de-millora-del-centre.pdf\" target=\"_blank\" rel=\"noopener noreferrer\">Plan de mejora<\/a><\/li>\n<\/ul>\n<p><strong>Curso 2021-2022<\/strong><\/p>\n<ul>\n<li><a href=\"https:\/\/girona.euses.cat\/wp-content\/uploads\/2023\/04\/Informe-de-Seguiment-EUSES-2022-aprovat-CQC-28_03_2023.pdf\">Informe de seguimiento 2021-2022<\/a><\/li>\n<li>Tablas y gr\u00e1ficos\n<ul>\n<li><a href=\"https:\/\/girona.euses.cat\/wp-content\/uploads\/2023\/04\/DGU1937-Readaptacia-2122-230126.xlsx\">M\u00e1ster Universitario en Readaptaci\u00f3n a la Actividad F\u00edsica y la Competici\u00f3n Esportiva<\/a><\/li>\n<\/ul>\n<\/li>\n<li><a href=\"https:\/\/girona.euses.cat\/wp-content\/uploads\/2023\/04\/Pla-de-millora-EUSES-a-9-de-mar\u2021-de-2023.pdf\">Plan de mejora<\/a><\/li>\n<\/ul>\n<p><strong>Curso 2022-2023<\/strong><\/p>\n<ul>\n<li><a href=\"https:\/\/barcelona.euses.cat\/wp-content\/uploads\/2024\/02\/EUSES-Seguiment-22-23-v7-x-web.pdf\" target=\"_blank\" rel=\"noopener\">Informe de seguimiento 2022-2023<\/a><\/li>\n<li>Tablas y gr\u00e1ficos\n<ul>\n<li><a href=\"https:\/\/girona.euses.cat\/wp-content\/uploads\/2024\/02\/DGU1937_Master_readaptacio_2223_v2_x_web.xlsx\">M\u00e1ster Universitario en Readaptaci\u00f3n a la Actividad F\u00edsica y la Competici\u00f3n Esportiva<\/a><\/li>\n<\/ul>\n<\/li>\n<li><a href=\"https:\/\/girona.euses.cat\/wp-content\/uploads\/2024\/02\/DOC0001631_PM_EUSES_21-22_i_22-23.pdf\" target=\"_blank\" rel=\"noopener\">Plan de mejora<\/a><\/li>\n<\/ul>\n<p><strong>Curso 2023-2024<\/strong><\/p>\n<ul>\n<li><a href=\"https:\/\/girona.euses.cat\/wp-content\/uploads\/2025\/03\/ISC-Master-23-24-v10.pdf\" target=\"_blank\" rel=\"noopener\">Informe de seguimiento 2023-2024<\/a><\/li>\n<li>Tablas y gr\u00e1ficos\n<ul>\n<li><a href=\"https:\/\/lameva.udg.edu\/Aplicacions\/Data-UdG?reportId=ded953ee-3a46-4ba4-9b03-9d2930e7e5c6&amp;sid=60bcf38f-62c1-4077-9038-020609fce3b3\" target=\"_blank\" rel=\"noopener\">M\u00e1ster Universitario en Readaptaci\u00f3n a la Actividad F\u00edsica y la Competici\u00f3n Esportiva<\/a><\/li>\n<\/ul>\n<\/li>\n<li><a href=\"https:\/\/girona.euses.cat\/wp-content\/uploads\/2025\/03\/Resum-del-pla-de-millora-dEUSES-13-de-febrer-de-2025.pdf\" target=\"_blank\" rel=\"noopener\">Plan de mejora<\/a><\/li>\n<\/ul>\n<h3><strong>Documentos<\/strong><\/h3>\n<ul>\n<li><a href=\"https:\/\/girona.euses.cat\/wp-content\/uploads\/2021\/04\/Informacio\u0301-per-passar-de-CAFE-a-FISIO-2021-DEF.pdf\" target=\"_blank\" rel=\"noopener noreferrer\">Informaci\u00f3n para pasar del Grado en CAFyD al Grado en Fisioterapia, 2021\/22<\/a><\/li>\n<\/ul>\n<p>&nbsp;<\/p>\n<h3><strong>Enlaces<\/strong><\/h3>\n<ul>\n<li style=\"list-style-type: none;\">\n<ul>\n<li><a href=\"http:\/\/www.aqu.cat\/index_es.html\" target=\"_blank\" rel=\"noopener noreferrer\">Agencia para la Calidad del Sistema Universitario de Catalunya (AQU)<\/a><\/li>\n<li><a href=\"https:\/\/estudis.aqu.cat\/euc\/ca\/Comu\/Inici\/\" target=\"_blank\" rel=\"noopener noreferrer\"><u>EUC<\/u><\/a><\/li>\n<li><a href=\"https:\/\/www.udg.edu\/es\/udgqualitat\/\" target=\"_blank\" rel=\"noopener noreferrer\">Web de calidad de la UdG<\/a><\/li>\n<li><a href=\"https:\/\/www.udg.edu\/es\/viu\/biblioteca\" target=\"_blank\" rel=\"noopener noreferrer\">Biblioteca<\/a><\/li>\n<li><a href=\"https:\/\/www.ub.edu\/portal\/web\/politiques-qualitat\" target=\"_blank\" rel=\"noopener noreferrer\">Agencia de Pol\u00edticas y de Calidad\u200b\u200b de la UB (APQUB)<\/a><\/li>\n<li><a href=\"http:\/\/www.ub.edu\/gestio-ensenyaments\/\" target=\"_blank\" rel=\"noopener noreferrer\">Gesti\u00f3n ense\u00f1anzas<\/a><\/li>\n<li><a href=\"https:\/\/www.udg.edu\/es\/estudia\/Acces\" target=\"_blank\" rel=\"noopener noreferrer\">Acceso (UdG)<\/a><\/li>\n<li><a href=\"https:\/\/www.ub.edu\/web\/ub\/es\/estudis\/estudiar_UB\/admissions\/admissions_grau\/admissions_grau.html?\" target=\"_blank\" rel=\"noopener noreferrer\">Admisi\u00f3n a ense\u00f1anzas de grado (UB)<\/a><\/li>\n<\/ul>\n<\/li>\n<\/ul>\n","protected":false},"excerpt":{"rendered":"<p>CALIDAD Compromiso de calidad Pol\u00edtica de calidad Pol\u00edtica de calidad de EUSES Comisi\u00f3n de Calidad EUSES &nbsp; Sistema de Garant\u00eda Interna de Calidad (SGIC) SGIQ en la UDG SGIQ en EUSES Calidad de las titulaciones Plan de mejora &nbsp; Memorias e Informes de AQU de Grados y M\u00e1steres Grado en Fisioterapia Memoria de verificaci\u00f3n (2009) [&hellip;]<\/p>\n","protected":false},"author":1,"featured_media":0,"parent":0,"menu_order":0,"comment_status":"closed","ping_status":"closed","template":"page-pagina.php","meta":{"_acf_changed":false,"inline_featured_image":false,"_joinchat":[],"footnotes":""},"class_list":["post-7175","page","type-page","status-publish","hentry"],"acf":[],"yoast_head":"<!-- This site is optimized with the Yoast SEO plugin v27.4 - https:\/\/yoast.com\/product\/yoast-seo-wordpress\/ -->\n<title>Calidad | EUSES - Campus de Bellvitge (Barcelona)<\/title>\n<meta name=\"robots\" content=\"index, follow, max-snippet:-1, max-image-preview:large, max-video-preview:-1\" \/>\n<link rel=\"canonical\" href=\"https:\/\/barcelona.euses.cat\/es\/calidad\/\" \/>\n<meta property=\"og:locale\" content=\"es_ES\" \/>\n<meta property=\"og:type\" content=\"article\" \/>\n<meta property=\"og:title\" content=\"Calidad | EUSES - Campus de Bellvitge (Barcelona)\" \/>\n<meta property=\"og:description\" content=\"CALIDAD Compromiso de calidad Pol\u00edtica de calidad Pol\u00edtica de calidad de EUSES Comisi\u00f3n de Calidad EUSES &nbsp; Sistema de Garant\u00eda Interna de Calidad (SGIC) SGIQ en la UDG SGIQ en EUSES Calidad de las titulaciones Plan de mejora &nbsp; Memorias e Informes de AQU de Grados y M\u00e1steres Grado en Fisioterapia Memoria de verificaci\u00f3n (2009) [&hellip;]\" \/>\n<meta property=\"og:url\" content=\"https:\/\/barcelona.euses.cat\/es\/calidad\/\" \/>\n<meta property=\"og:site_name\" content=\"EUSES - Campus de Bellvitge (Barcelona)\" \/>\n<meta property=\"article:publisher\" content=\"https:\/\/www.facebook.com\/PhysioBCN\/\" \/>\n<meta property=\"article:modified_time\" content=\"2025-03-28T12:24:24+00:00\" \/>\n<meta name=\"twitter:card\" content=\"summary_large_image\" \/>\n<meta name=\"twitter:label1\" content=\"Tiempo de lectura\" \/>\n\t<meta name=\"twitter:data1\" content=\"2 minutos\" \/>\n<script type=\"application\/ld+json\" class=\"yoast-schema-graph\">{\"@context\":\"https:\\\/\\\/schema.org\",\"@graph\":[{\"@type\":\"WebPage\",\"@id\":\"https:\\\/\\\/barcelona.euses.cat\\\/es\\\/calidad\\\/\",\"url\":\"https:\\\/\\\/barcelona.euses.cat\\\/es\\\/calidad\\\/\",\"name\":\"Calidad | EUSES - Campus de Bellvitge (Barcelona)\",\"isPartOf\":{\"@id\":\"https:\\\/\\\/barcelona.euses.cat\\\/ca\\\/#website\"},\"datePublished\":\"2019-06-17T08:02:41+00:00\",\"dateModified\":\"2025-03-28T12:24:24+00:00\",\"breadcrumb\":{\"@id\":\"https:\\\/\\\/barcelona.euses.cat\\\/es\\\/calidad\\\/#breadcrumb\"},\"inLanguage\":\"es\",\"potentialAction\":[{\"@type\":\"ReadAction\",\"target\":[\"https:\\\/\\\/barcelona.euses.cat\\\/es\\\/calidad\\\/\"]}]},{\"@type\":\"BreadcrumbList\",\"@id\":\"https:\\\/\\\/barcelona.euses.cat\\\/es\\\/calidad\\\/#breadcrumb\",\"itemListElement\":[{\"@type\":\"ListItem\",\"position\":1,\"name\":\"Portada\",\"item\":\"https:\\\/\\\/barcelona.euses.cat\\\/es\\\/\"},{\"@type\":\"ListItem\",\"position\":2,\"name\":\"Calidad\"}]},{\"@type\":\"WebSite\",\"@id\":\"https:\\\/\\\/barcelona.euses.cat\\\/ca\\\/#website\",\"url\":\"https:\\\/\\\/barcelona.euses.cat\\\/ca\\\/\",\"name\":\"EUSES - Campus de Bellvitge (Barcelona)\",\"description\":\"EUSES, Escuela Universitaria de Fisioterapia Internacional en Barcelona\",\"potentialAction\":[{\"@type\":\"SearchAction\",\"target\":{\"@type\":\"EntryPoint\",\"urlTemplate\":\"https:\\\/\\\/barcelona.euses.cat\\\/ca\\\/?s={search_term_string}\"},\"query-input\":{\"@type\":\"PropertyValueSpecification\",\"valueRequired\":true,\"valueName\":\"search_term_string\"}}],\"inLanguage\":\"es\"}]}<\/script>\n<!-- \/ Yoast SEO plugin. -->","yoast_head_json":{"title":"Calidad | EUSES - Campus de Bellvitge (Barcelona)","robots":{"index":"index","follow":"follow","max-snippet":"max-snippet:-1","max-image-preview":"max-image-preview:large","max-video-preview":"max-video-preview:-1"},"canonical":"https:\/\/barcelona.euses.cat\/es\/calidad\/","og_locale":"es_ES","og_type":"article","og_title":"Calidad | EUSES - Campus de Bellvitge (Barcelona)","og_description":"CALIDAD Compromiso de calidad Pol\u00edtica de calidad Pol\u00edtica de calidad de EUSES Comisi\u00f3n de Calidad EUSES &nbsp; Sistema de Garant\u00eda Interna de Calidad (SGIC) SGIQ en la UDG SGIQ en EUSES Calidad de las titulaciones Plan de mejora &nbsp; Memorias e Informes de AQU de Grados y M\u00e1steres Grado en Fisioterapia Memoria de verificaci\u00f3n (2009) [&hellip;]","og_url":"https:\/\/barcelona.euses.cat\/es\/calidad\/","og_site_name":"EUSES - Campus de Bellvitge (Barcelona)","article_publisher":"https:\/\/www.facebook.com\/PhysioBCN\/","article_modified_time":"2025-03-28T12:24:24+00:00","twitter_card":"summary_large_image","twitter_misc":{"Tiempo de lectura":"2 minutos"},"schema":{"@context":"https:\/\/schema.org","@graph":[{"@type":"WebPage","@id":"https:\/\/barcelona.euses.cat\/es\/calidad\/","url":"https:\/\/barcelona.euses.cat\/es\/calidad\/","name":"Calidad | EUSES - Campus de Bellvitge (Barcelona)","isPartOf":{"@id":"https:\/\/barcelona.euses.cat\/ca\/#website"},"datePublished":"2019-06-17T08:02:41+00:00","dateModified":"2025-03-28T12:24:24+00:00","breadcrumb":{"@id":"https:\/\/barcelona.euses.cat\/es\/calidad\/#breadcrumb"},"inLanguage":"es","potentialAction":[{"@type":"ReadAction","target":["https:\/\/barcelona.euses.cat\/es\/calidad\/"]}]},{"@type":"BreadcrumbList","@id":"https:\/\/barcelona.euses.cat\/es\/calidad\/#breadcrumb","itemListElement":[{"@type":"ListItem","position":1,"name":"Portada","item":"https:\/\/barcelona.euses.cat\/es\/"},{"@type":"ListItem","position":2,"name":"Calidad"}]},{"@type":"WebSite","@id":"https:\/\/barcelona.euses.cat\/ca\/#website","url":"https:\/\/barcelona.euses.cat\/ca\/","name":"EUSES - Campus de Bellvitge (Barcelona)","description":"EUSES, Escuela Universitaria de Fisioterapia Internacional en Barcelona","potentialAction":[{"@type":"SearchAction","target":{"@type":"EntryPoint","urlTemplate":"https:\/\/barcelona.euses.cat\/ca\/?s={search_term_string}"},"query-input":{"@type":"PropertyValueSpecification","valueRequired":true,"valueName":"search_term_string"}}],"inLanguage":"es"}]}},"_links":{"self":[{"href":"https:\/\/barcelona.euses.cat\/es\/wp-json\/wp\/v2\/pages\/7175","targetHints":{"allow":["GET"]}}],"collection":[{"href":"https:\/\/barcelona.euses.cat\/es\/wp-json\/wp\/v2\/pages"}],"about":[{"href":"https:\/\/barcelona.euses.cat\/es\/wp-json\/wp\/v2\/types\/page"}],"author":[{"embeddable":true,"href":"https:\/\/barcelona.euses.cat\/es\/wp-json\/wp\/v2\/users\/1"}],"replies":[{"embeddable":true,"href":"https:\/\/barcelona.euses.cat\/es\/wp-json\/wp\/v2\/comments?post=7175"}],"version-history":[{"count":25,"href":"https:\/\/barcelona.euses.cat\/es\/wp-json\/wp\/v2\/pages\/7175\/revisions"}],"predecessor-version":[{"id":12468,"href":"https:\/\/barcelona.euses.cat\/es\/wp-json\/wp\/v2\/pages\/7175\/revisions\/12468"}],"wp:attachment":[{"href":"https:\/\/barcelona.euses.cat\/es\/wp-json\/wp\/v2\/media?parent=7175"}],"curies":[{"name":"wp","href":"https:\/\/api.w.org\/{rel}","templated":true}]}}