{"id":7166,"date":"2019-06-17T09:51:58","date_gmt":"2019-06-17T07:51:58","guid":{"rendered":"https:\/\/barcelona.euses.cat\/normativa\/"},"modified":"2025-07-18T13:36:37","modified_gmt":"2025-07-18T11:36:37","slug":"normativa","status":"publish","type":"page","link":"https:\/\/barcelona.euses.cat\/es\/normativa\/","title":{"rendered":"Normativa"},"content":{"rendered":"<h3><strong>Legislaci\u00f3n sobre educaci\u00f3n superior universitaria<\/strong><\/h3>\n<ul class=\"hanging-list\">\n<li><a href=\"https:\/\/www.udg.edu\/ca\/coneix\/treballa-a-la-udg\/personal-docent-i-investigador\/legislacio\" target=\"_blank\" rel=\"noopener noreferrer\"><span style=\"font-weight: 400;\">Legislaci\u00f3n sobre educaci\u00f3n superior universitaria en Catalunya<\/span><\/a><\/li>\n<\/ul>\n<p>&nbsp;<\/p>\n<h3><strong>Normativa de la Universitat de Girona<\/strong><\/h3>\n<ul class=\"hanging-list\">\n<li><a href=\"https:\/\/www.udg.edu\/es\/estudia\/tramits-normatives-i-preus\/normatives\" target=\"_blank\" rel=\"noopener noreferrer\"><span style=\"font-weight: 400;\">Normativas y procedimientos<\/span><span style=\"font-weight: 400;\"> UdG<\/span><\/a><\/li>\n<li><a href=\"https:\/\/www.udg.edu\/es\/estudia\/Beques-i-ajuts\" target=\"_blank\" rel=\"noopener noreferrer\"><span style=\"font-weight: 400;\">Becas y ayudas<\/span><\/a><\/li>\n<li><a href=\"https:\/\/www.udg.edu\/es\/infocovid\" target=\"_blank\" rel=\"noopener noreferrer\">Plan de Contingencia COVID-19<\/a><\/li>\n<\/ul>\n<p>&nbsp;<\/p>\n<h3><strong>Normativa propia de EUSES<\/strong><\/h3>\n<ul class=\"hanging-list\">\n<li style=\"font-weight: 400;\"><a href=\"https:\/\/girona.euses.cat\/wp-content\/uploads\/2021\/02\/Reglament-TFG_TFM-EUSES-def.pdf\" target=\"_blank\" rel=\"noopener noreferrer\"><span style=\"font-weight: 400;\">Reglamento interno de organizaci\u00f3n del Trabajo Final de Grado y Final de M\u00e1ster<\/span><\/a><\/li>\n<li><a href=\"https:\/\/girona.euses.cat\/wp-content\/uploads\/2021\/02\/Normativa-Pr\u00e0ctiques-Externes-EUSES-def.pdf\" target=\"_blank\" rel=\"noopener noreferrer\">Normativa interna organizadora de las pr\u00e1cticas externas<\/a><\/li>\n<li><a href=\"https:\/\/girona.euses.cat\/wp-content\/uploads\/2021\/04\/Model-Codi-Etic.pdf\" target=\"_blank\" rel=\"noopener noreferrer\">C\u00f3digo \u00e9tico<\/a><\/li>\n<li style=\"font-weight: 400;\"><a href=\"https:\/\/girona.euses.cat\/es\/erasmus-sicue\/\" target=\"_blank\" rel=\"noopener noreferrer\"><span style=\"font-weight: 400;\">Movilidad<\/span><\/a><\/li>\n<li><a href=\"https:\/\/barcelona.euses.cat\/wp-content\/uploads\/2025\/07\/Normes-de-convivencia-EUSES_-DEF-4.pdf\">Normas de convivencia<\/a><\/li>\n<li><a href=\"https:\/\/barcelona.euses.cat\/wp-content\/uploads\/2025\/07\/Protocol-Assetjament-EUSES-definitiu-revisat.pdf\">Protocolo de prevenci\u00f3n y actuaci\u00f3n ante situaciones de violencia o acoso moral y sexual y el acoso por raz\u00f3n de sexo, orientaci\u00f3n sexual, identidad de g\u00e9nero o expresi\u00f3n de g\u00e9nero<\/a><\/li>\n<\/ul>\n<p>&nbsp;<\/p>\n<h3><strong>Normativa propia CENTRE GARB\u00cd<\/strong><\/h3>\n<ul class=\"hanging-list\">\n<li><a href=\"https:\/\/girona.euses.cat\/wp-content\/uploads\/2021\/09\/Pla_Organitzacio\u0301_Definitiu_Centre_Garbi.pdf\" target=\"_blank\" rel=\"noopener noreferrer\">Plan de Organizaci\u00f3n del Centre Garb\u00ed 2021-2022<\/a><\/li>\n<\/ul>\n<p>&nbsp;<\/p>\n<h3>Enlaces espec\u00edficos de acceso y preinscripci\u00f3n<\/h3>\n<ul class=\"hanging-list\">\n<li style=\"font-weight: 400;\"><a href=\"https:\/\/accesuniversitat.gencat.cat\/accesuniversitat\/login\" target=\"_blank\" rel=\"noopener noreferrer\"><span style=\"font-weight: 400;\">Portal de acceso a la Universidad (Generalitat de Catalunya)<\/span><\/a><\/li>\n<li style=\"font-weight: 400;\"><a href=\"https:\/\/www.udg.edu\/es\/estudia\/Acces\" target=\"_blank\" rel=\"noopener noreferrer\"><span style=\"font-weight: 400;\">Acceso (UdG)<\/span><\/a><\/li>\n<li style=\"font-weight: 400;\"><a href=\"https:\/\/universitats.gencat.cat\/ca\/preinscripcions\/sobre-preinscripcio\/ponderacions\/\" target=\"_blank\" rel=\"noopener noreferrer\"><span style=\"font-weight: 400;\">Ponderaciones de las PAU<\/span><\/a><\/li>\n<li style=\"font-weight: 400;\"><a href=\"https:\/\/universitats.gencat.cat\/ca\/preinscripcions\/sobre-preinscripcio\/notes-tall\/\" target=\"_blank\" rel=\"noopener noreferrer\">Notas de corte<\/a><\/li>\n<li><a href=\"https:\/\/universitats.gencat.cat\/es\/estudis-universitaris\/cercador-estudis-universitaris\/index.html\" target=\"_blank\" rel=\"noopener noreferrer\">Reconocimientos de cr\u00e9ditos ECTS en relaci\u00f3n con los Ciclos Formativos de Grado Superior afines<\/a><\/li>\n<\/ul>\n<p>&nbsp;<\/p>\n<h3><b>Solicitud de t\u00edtulos<\/b><\/h3>\n<ul class=\"hanging-list\">\n<li><a href=\"https:\/\/www.udg.edu\/es\/estudia\/Tramits-normatives-i-preus\/Impresos\" target=\"_blank\" rel=\"noopener noreferrer\">Impresos<\/a><\/li>\n<\/ul>\n<p>&nbsp;<\/p>\n<h3><strong>Enlaces<\/strong><\/h3>\n<ul class=\"hanging-list\">\n<li style=\"font-weight: 400;\"><a href=\"http:\/\/www.aqu.cat\/index_es.html\" target=\"_blank\" rel=\"noopener noreferrer\"><span style=\"font-weight: 400;\">Agencia para la Calidad del Sistema Universitario de Catalunya (AQU)<\/span><\/a><\/li>\n<li><a href=\"https:\/\/estudis.aqu.cat\/euc\/ca\/Comu\/Inici\/\" target=\"_blank\" rel=\"noopener noreferrer\"><u>EUC<\/u><\/a><\/li>\n<li style=\"font-weight: 400;\"><a href=\"https:\/\/www.udg.edu\/es\/udgqualitat\/\" target=\"_blank\" rel=\"noopener noreferrer\"><span style=\"font-weight: 400;\">Web de calidad de la UdG<\/span><\/a><\/li>\n<li><a href=\"https:\/\/www.udg.edu\/es\/fc\/Estudiants\/Mobilitat\" target=\"_blank\" rel=\"noopener noreferrer\"><span style=\"font-weight: 400;\">Web de movilidad de la UdG<\/span><\/a><\/li>\n<li style=\"font-weight: 400;\"><a href=\"https:\/\/www.udg.edu\/es\/viu\/biblioteca\" target=\"_blank\" rel=\"noopener noreferrer\"><span style=\"font-weight: 400;\">Biblioteca<\/span><\/a><\/li>\n<\/ul>\n","protected":false},"excerpt":{"rendered":"<p>Legislaci\u00f3n sobre educaci\u00f3n superior universitaria Legislaci\u00f3n sobre educaci\u00f3n superior universitaria en Catalunya &nbsp; Normativa de la Universitat de Girona Normativas y procedimientos UdG Becas y ayudas Plan de Contingencia COVID-19 &nbsp; Normativa propia de EUSES Reglamento interno de organizaci\u00f3n del Trabajo Final de Grado y Final de M\u00e1ster Normativa interna organizadora de las pr\u00e1cticas externas [&hellip;]<\/p>\n","protected":false},"author":1,"featured_media":0,"parent":0,"menu_order":0,"comment_status":"closed","ping_status":"closed","template":"page-pagina.php","meta":{"_acf_changed":false,"inline_featured_image":false,"_joinchat":[],"footnotes":""},"class_list":["post-7166","page","type-page","status-publish","hentry"],"acf":[],"yoast_head":"<!-- This site is optimized with the Yoast SEO plugin v27.4 - https:\/\/yoast.com\/product\/yoast-seo-wordpress\/ -->\n<title>Normativa | EUSES - Campus de Bellvitge (Barcelona)<\/title>\n<meta name=\"robots\" content=\"index, follow, max-snippet:-1, max-image-preview:large, max-video-preview:-1\" \/>\n<link rel=\"canonical\" href=\"https:\/\/barcelona.euses.cat\/es\/normativa\/\" \/>\n<meta property=\"og:locale\" content=\"es_ES\" \/>\n<meta property=\"og:type\" content=\"article\" \/>\n<meta property=\"og:title\" content=\"Normativa | EUSES - Campus de Bellvitge (Barcelona)\" \/>\n<meta property=\"og:description\" content=\"Legislaci\u00f3n sobre educaci\u00f3n superior universitaria Legislaci\u00f3n sobre educaci\u00f3n superior universitaria en Catalunya &nbsp; Normativa de la Universitat de Girona Normativas y procedimientos UdG Becas y ayudas Plan de Contingencia COVID-19 &nbsp; Normativa propia de EUSES Reglamento interno de organizaci\u00f3n del Trabajo Final de Grado y Final de M\u00e1ster Normativa interna organizadora de las pr\u00e1cticas externas [&hellip;]\" \/>\n<meta property=\"og:url\" content=\"https:\/\/barcelona.euses.cat\/es\/normativa\/\" \/>\n<meta property=\"og:site_name\" content=\"EUSES - Campus de Bellvitge (Barcelona)\" \/>\n<meta property=\"article:publisher\" content=\"https:\/\/www.facebook.com\/PhysioBCN\/\" \/>\n<meta property=\"article:modified_time\" content=\"2025-07-18T11:36:37+00:00\" \/>\n<meta name=\"twitter:card\" content=\"summary_large_image\" \/>\n<meta name=\"twitter:label1\" content=\"Tiempo de lectura\" \/>\n\t<meta name=\"twitter:data1\" content=\"1 minuto\" \/>\n<script type=\"application\/ld+json\" class=\"yoast-schema-graph\">{\"@context\":\"https:\\\/\\\/schema.org\",\"@graph\":[{\"@type\":\"WebPage\",\"@id\":\"https:\\\/\\\/barcelona.euses.cat\\\/es\\\/normativa\\\/\",\"url\":\"https:\\\/\\\/barcelona.euses.cat\\\/es\\\/normativa\\\/\",\"name\":\"Normativa | EUSES - Campus de Bellvitge (Barcelona)\",\"isPartOf\":{\"@id\":\"https:\\\/\\\/barcelona.euses.cat\\\/ca\\\/#website\"},\"datePublished\":\"2019-06-17T07:51:58+00:00\",\"dateModified\":\"2025-07-18T11:36:37+00:00\",\"breadcrumb\":{\"@id\":\"https:\\\/\\\/barcelona.euses.cat\\\/es\\\/normativa\\\/#breadcrumb\"},\"inLanguage\":\"es\",\"potentialAction\":[{\"@type\":\"ReadAction\",\"target\":[\"https:\\\/\\\/barcelona.euses.cat\\\/es\\\/normativa\\\/\"]}]},{\"@type\":\"BreadcrumbList\",\"@id\":\"https:\\\/\\\/barcelona.euses.cat\\\/es\\\/normativa\\\/#breadcrumb\",\"itemListElement\":[{\"@type\":\"ListItem\",\"position\":1,\"name\":\"Portada\",\"item\":\"https:\\\/\\\/barcelona.euses.cat\\\/es\\\/\"},{\"@type\":\"ListItem\",\"position\":2,\"name\":\"Normativa\"}]},{\"@type\":\"WebSite\",\"@id\":\"https:\\\/\\\/barcelona.euses.cat\\\/ca\\\/#website\",\"url\":\"https:\\\/\\\/barcelona.euses.cat\\\/ca\\\/\",\"name\":\"EUSES - Campus de Bellvitge (Barcelona)\",\"description\":\"EUSES, Escuela Universitaria de Fisioterapia Internacional en Barcelona\",\"potentialAction\":[{\"@type\":\"SearchAction\",\"target\":{\"@type\":\"EntryPoint\",\"urlTemplate\":\"https:\\\/\\\/barcelona.euses.cat\\\/ca\\\/?s={search_term_string}\"},\"query-input\":{\"@type\":\"PropertyValueSpecification\",\"valueRequired\":true,\"valueName\":\"search_term_string\"}}],\"inLanguage\":\"es\"}]}<\/script>\n<!-- \/ Yoast SEO plugin. -->","yoast_head_json":{"title":"Normativa | EUSES - Campus de Bellvitge (Barcelona)","robots":{"index":"index","follow":"follow","max-snippet":"max-snippet:-1","max-image-preview":"max-image-preview:large","max-video-preview":"max-video-preview:-1"},"canonical":"https:\/\/barcelona.euses.cat\/es\/normativa\/","og_locale":"es_ES","og_type":"article","og_title":"Normativa | EUSES - Campus de Bellvitge (Barcelona)","og_description":"Legislaci\u00f3n sobre educaci\u00f3n superior universitaria Legislaci\u00f3n sobre educaci\u00f3n superior universitaria en Catalunya &nbsp; Normativa de la Universitat de Girona Normativas y procedimientos UdG Becas y ayudas Plan de Contingencia COVID-19 &nbsp; Normativa propia de EUSES Reglamento interno de organizaci\u00f3n del Trabajo Final de Grado y Final de M\u00e1ster Normativa interna organizadora de las pr\u00e1cticas externas [&hellip;]","og_url":"https:\/\/barcelona.euses.cat\/es\/normativa\/","og_site_name":"EUSES - Campus de Bellvitge (Barcelona)","article_publisher":"https:\/\/www.facebook.com\/PhysioBCN\/","article_modified_time":"2025-07-18T11:36:37+00:00","twitter_card":"summary_large_image","twitter_misc":{"Tiempo de lectura":"1 minuto"},"schema":{"@context":"https:\/\/schema.org","@graph":[{"@type":"WebPage","@id":"https:\/\/barcelona.euses.cat\/es\/normativa\/","url":"https:\/\/barcelona.euses.cat\/es\/normativa\/","name":"Normativa | EUSES - Campus de Bellvitge (Barcelona)","isPartOf":{"@id":"https:\/\/barcelona.euses.cat\/ca\/#website"},"datePublished":"2019-06-17T07:51:58+00:00","dateModified":"2025-07-18T11:36:37+00:00","breadcrumb":{"@id":"https:\/\/barcelona.euses.cat\/es\/normativa\/#breadcrumb"},"inLanguage":"es","potentialAction":[{"@type":"ReadAction","target":["https:\/\/barcelona.euses.cat\/es\/normativa\/"]}]},{"@type":"BreadcrumbList","@id":"https:\/\/barcelona.euses.cat\/es\/normativa\/#breadcrumb","itemListElement":[{"@type":"ListItem","position":1,"name":"Portada","item":"https:\/\/barcelona.euses.cat\/es\/"},{"@type":"ListItem","position":2,"name":"Normativa"}]},{"@type":"WebSite","@id":"https:\/\/barcelona.euses.cat\/ca\/#website","url":"https:\/\/barcelona.euses.cat\/ca\/","name":"EUSES - Campus de Bellvitge (Barcelona)","description":"EUSES, Escuela Universitaria de Fisioterapia Internacional en Barcelona","potentialAction":[{"@type":"SearchAction","target":{"@type":"EntryPoint","urlTemplate":"https:\/\/barcelona.euses.cat\/ca\/?s={search_term_string}"},"query-input":{"@type":"PropertyValueSpecification","valueRequired":true,"valueName":"search_term_string"}}],"inLanguage":"es"}]}},"_links":{"self":[{"href":"https:\/\/barcelona.euses.cat\/es\/wp-json\/wp\/v2\/pages\/7166","targetHints":{"allow":["GET"]}}],"collection":[{"href":"https:\/\/barcelona.euses.cat\/es\/wp-json\/wp\/v2\/pages"}],"about":[{"href":"https:\/\/barcelona.euses.cat\/es\/wp-json\/wp\/v2\/types\/page"}],"author":[{"embeddable":true,"href":"https:\/\/barcelona.euses.cat\/es\/wp-json\/wp\/v2\/users\/1"}],"replies":[{"embeddable":true,"href":"https:\/\/barcelona.euses.cat\/es\/wp-json\/wp\/v2\/comments?post=7166"}],"version-history":[{"count":19,"href":"https:\/\/barcelona.euses.cat\/es\/wp-json\/wp\/v2\/pages\/7166\/revisions"}],"predecessor-version":[{"id":12636,"href":"https:\/\/barcelona.euses.cat\/es\/wp-json\/wp\/v2\/pages\/7166\/revisions\/12636"}],"wp:attachment":[{"href":"https:\/\/barcelona.euses.cat\/es\/wp-json\/wp\/v2\/media?parent=7166"}],"curies":[{"name":"wp","href":"https:\/\/api.w.org\/{rel}","templated":true}]}}