{"id":168,"date":"2019-01-16T12:47:28","date_gmt":"2019-01-16T12:47:28","guid":{"rendered":"http:\/\/eusesgirona.neorgvirtual.com\/?page_id=168"},"modified":"2019-03-06T13:17:46","modified_gmt":"2019-03-06T12:17:46","slug":"sicue-erasmus-fisioterapia","status":"publish","type":"page","link":"https:\/\/barcelona.euses.cat\/es\/sicue-erasmus-fisioterapia\/","title":{"rendered":"Movilidad"},"content":{"rendered":"<h2><strong>Mu\u00e9vete, viaja y f\u00f3rmate en el extranjero. \u00a1Mejora tu inserci\u00f3n laboral!<\/strong><\/h2>\n<p>&nbsp;<\/p>\n<p><strong>En la Escuela Universitaria de la Salud y el Deporte (EUSES)<\/strong> te garantizamos una formaci\u00f3n especializada, continuada y adaptada a la realidad social y laboral. Pero no solo a escala nacional, sino tambi\u00e9n internacional.<\/p>\n<p>Por este motivo, ponemos a tu disposici\u00f3n los programas\u00a0<strong>ERASMUS <\/strong>y<strong>\u00a0SICUE<\/strong> (Sistema de Intercambio entre Centros Universitarios de Espa\u00f1a) que te permiten completar tu \u00faltima fase acad\u00e9mica en destacadas universidades internacionales y estatales.<\/p>\n<p><strong>\u00bfQu\u00e9 te ofrecemos?<\/strong><\/p>\n<ul>\n<li>Te ayudamos a abrir las puertas al extranjero para reforzar tu etapa acad\u00e9mica o laboral.<\/li>\n<li>Formaci\u00f3n complementaria de una tercera lengua.<\/li>\n<li>Adaptabilidad a las exigencias del mercado laboral europeo y nacional.<\/li>\n<li>Pr\u00e1cticas internacionales con reconocimiento acad\u00e9mico o voluntarias a trav\u00e9s del programa ERASMUS.<\/li>\n<li>Estancia en universidades del estado espa\u00f1ol a trav\u00e9s del programa SICUE.<\/li>\n<\/ul>\n<p>\u00a1Ponte en contacto con nosotros y te informaremos!<\/p>\n<h4>EUSES &#8211; UdG<\/h4>\n<p>Dr. Sergi Garcia<br \/>\n<strong>Erasmus + Estudios<\/strong><br \/>\n<strong>Erasmus + for Trainerships<\/strong><br \/>\n<strong>SICUE<\/strong><\/p>\n","protected":false},"excerpt":{"rendered":"<p>Mu\u00e9vete, viaja y f\u00f3rmate en el extranjero. \u00a1Mejora tu inserci\u00f3n laboral! &nbsp; En la Escuela Universitaria de la Salud y el Deporte (EUSES) te garantizamos una formaci\u00f3n especializada, continuada y adaptada a la realidad social y laboral. Pero no solo a escala nacional, sino tambi\u00e9n internacional. Por este motivo, ponemos a tu disposici\u00f3n los programas\u00a0ERASMUS [&hellip;]<\/p>\n","protected":false},"author":1,"featured_media":432,"parent":0,"menu_order":0,"comment_status":"closed","ping_status":"closed","template":"page-movilidad.php","meta":{"_acf_changed":false,"inline_featured_image":false,"_joinchat":[],"footnotes":""},"class_list":["post-168","page","type-page","status-publish","has-post-thumbnail","hentry"],"acf":[],"yoast_head":"<!-- This site is optimized with the Yoast SEO plugin v27.4 - https:\/\/yoast.com\/product\/yoast-seo-wordpress\/ -->\n<title>Descubre los Sicue y Erasmus de Fisioterapia de Euses | Euses<\/title>\n<meta name=\"description\" content=\"\u00bfTe gustar\u00eda realizar un Sicue o Erasmus de Fisioterapia? En Euses te damos la oportunidad de estudiar en otros territorios espa\u00f1oles o europeos.\" \/>\n<meta name=\"robots\" content=\"index, follow, max-snippet:-1, max-image-preview:large, max-video-preview:-1\" \/>\n<link rel=\"canonical\" href=\"https:\/\/barcelona.euses.cat\/es\/sicue-erasmus-fisioterapia\/\" \/>\n<meta property=\"og:locale\" content=\"es_ES\" \/>\n<meta property=\"og:type\" content=\"article\" \/>\n<meta property=\"og:title\" content=\"Descubre los Sicue y Erasmus de Fisioterapia de Euses | Euses\" \/>\n<meta property=\"og:description\" content=\"\u00bfTe gustar\u00eda realizar un Sicue o Erasmus de Fisioterapia? En Euses te damos la oportunidad de estudiar en otros territorios espa\u00f1oles o europeos.\" \/>\n<meta property=\"og:url\" content=\"https:\/\/barcelona.euses.cat\/es\/sicue-erasmus-fisioterapia\/\" \/>\n<meta property=\"og:site_name\" content=\"EUSES - Campus de Bellvitge (Barcelona)\" \/>\n<meta property=\"article:publisher\" content=\"https:\/\/www.facebook.com\/PhysioBCN\/\" \/>\n<meta property=\"article:modified_time\" content=\"2019-03-06T12:17:46+00:00\" \/>\n<meta property=\"og:image\" content=\"https:\/\/barcelona.euses.cat\/wp-content\/uploads\/2019\/01\/mapa-punts.gif\" \/>\n\t<meta property=\"og:image:width\" content=\"1345\" \/>\n\t<meta property=\"og:image:height\" content=\"824\" \/>\n\t<meta property=\"og:image:type\" content=\"image\/gif\" \/>\n<meta name=\"twitter:card\" content=\"summary_large_image\" \/>\n<meta name=\"twitter:label1\" content=\"Tiempo de lectura\" \/>\n\t<meta name=\"twitter:data1\" content=\"1 minuto\" \/>\n<script type=\"application\/ld+json\" class=\"yoast-schema-graph\">{\"@context\":\"https:\\\/\\\/schema.org\",\"@graph\":[{\"@type\":\"WebPage\",\"@id\":\"https:\\\/\\\/barcelona.euses.cat\\\/es\\\/sicue-erasmus-fisioterapia\\\/\",\"url\":\"https:\\\/\\\/barcelona.euses.cat\\\/es\\\/sicue-erasmus-fisioterapia\\\/\",\"name\":\"Descubre los Sicue y Erasmus de Fisioterapia de Euses | Euses\",\"isPartOf\":{\"@id\":\"https:\\\/\\\/barcelona.euses.cat\\\/ca\\\/#website\"},\"primaryImageOfPage\":{\"@id\":\"https:\\\/\\\/barcelona.euses.cat\\\/es\\\/sicue-erasmus-fisioterapia\\\/#primaryimage\"},\"image\":{\"@id\":\"https:\\\/\\\/barcelona.euses.cat\\\/es\\\/sicue-erasmus-fisioterapia\\\/#primaryimage\"},\"thumbnailUrl\":\"https:\\\/\\\/barcelona.euses.cat\\\/wp-content\\\/uploads\\\/2019\\\/01\\\/mapa-punts.gif\",\"datePublished\":\"2019-01-16T12:47:28+00:00\",\"dateModified\":\"2019-03-06T12:17:46+00:00\",\"description\":\"\u00bfTe gustar\u00eda realizar un Sicue o Erasmus de Fisioterapia? En Euses te damos la oportunidad de estudiar en otros territorios espa\u00f1oles o europeos.\",\"breadcrumb\":{\"@id\":\"https:\\\/\\\/barcelona.euses.cat\\\/es\\\/sicue-erasmus-fisioterapia\\\/#breadcrumb\"},\"inLanguage\":\"es\",\"potentialAction\":[{\"@type\":\"ReadAction\",\"target\":[\"https:\\\/\\\/barcelona.euses.cat\\\/es\\\/sicue-erasmus-fisioterapia\\\/\"]}]},{\"@type\":\"ImageObject\",\"inLanguage\":\"es\",\"@id\":\"https:\\\/\\\/barcelona.euses.cat\\\/es\\\/sicue-erasmus-fisioterapia\\\/#primaryimage\",\"url\":\"https:\\\/\\\/barcelona.euses.cat\\\/wp-content\\\/uploads\\\/2019\\\/01\\\/mapa-punts.gif\",\"contentUrl\":\"https:\\\/\\\/barcelona.euses.cat\\\/wp-content\\\/uploads\\\/2019\\\/01\\\/mapa-punts.gif\",\"width\":1345,\"height\":824},{\"@type\":\"BreadcrumbList\",\"@id\":\"https:\\\/\\\/barcelona.euses.cat\\\/es\\\/sicue-erasmus-fisioterapia\\\/#breadcrumb\",\"itemListElement\":[{\"@type\":\"ListItem\",\"position\":1,\"name\":\"Portada\",\"item\":\"https:\\\/\\\/barcelona.euses.cat\\\/es\\\/\"},{\"@type\":\"ListItem\",\"position\":2,\"name\":\"Movilidad\"}]},{\"@type\":\"WebSite\",\"@id\":\"https:\\\/\\\/barcelona.euses.cat\\\/ca\\\/#website\",\"url\":\"https:\\\/\\\/barcelona.euses.cat\\\/ca\\\/\",\"name\":\"EUSES - Campus de Bellvitge (Barcelona)\",\"description\":\"EUSES, Escuela Universitaria de Fisioterapia Internacional en Barcelona\",\"potentialAction\":[{\"@type\":\"SearchAction\",\"target\":{\"@type\":\"EntryPoint\",\"urlTemplate\":\"https:\\\/\\\/barcelona.euses.cat\\\/ca\\\/?s={search_term_string}\"},\"query-input\":{\"@type\":\"PropertyValueSpecification\",\"valueRequired\":true,\"valueName\":\"search_term_string\"}}],\"inLanguage\":\"es\"}]}<\/script>\n<!-- \/ Yoast SEO plugin. -->","yoast_head_json":{"title":"Descubre los Sicue y Erasmus de Fisioterapia de Euses | Euses","description":"\u00bfTe gustar\u00eda realizar un Sicue o Erasmus de Fisioterapia? En Euses te damos la oportunidad de estudiar en otros territorios espa\u00f1oles o europeos.","robots":{"index":"index","follow":"follow","max-snippet":"max-snippet:-1","max-image-preview":"max-image-preview:large","max-video-preview":"max-video-preview:-1"},"canonical":"https:\/\/barcelona.euses.cat\/es\/sicue-erasmus-fisioterapia\/","og_locale":"es_ES","og_type":"article","og_title":"Descubre los Sicue y Erasmus de Fisioterapia de Euses | Euses","og_description":"\u00bfTe gustar\u00eda realizar un Sicue o Erasmus de Fisioterapia? En Euses te damos la oportunidad de estudiar en otros territorios espa\u00f1oles o europeos.","og_url":"https:\/\/barcelona.euses.cat\/es\/sicue-erasmus-fisioterapia\/","og_site_name":"EUSES - Campus de Bellvitge (Barcelona)","article_publisher":"https:\/\/www.facebook.com\/PhysioBCN\/","article_modified_time":"2019-03-06T12:17:46+00:00","og_image":[{"width":1345,"height":824,"url":"https:\/\/barcelona.euses.cat\/wp-content\/uploads\/2019\/01\/mapa-punts.gif","type":"image\/gif"}],"twitter_card":"summary_large_image","twitter_misc":{"Tiempo de lectura":"1 minuto"},"schema":{"@context":"https:\/\/schema.org","@graph":[{"@type":"WebPage","@id":"https:\/\/barcelona.euses.cat\/es\/sicue-erasmus-fisioterapia\/","url":"https:\/\/barcelona.euses.cat\/es\/sicue-erasmus-fisioterapia\/","name":"Descubre los Sicue y Erasmus de Fisioterapia de Euses | Euses","isPartOf":{"@id":"https:\/\/barcelona.euses.cat\/ca\/#website"},"primaryImageOfPage":{"@id":"https:\/\/barcelona.euses.cat\/es\/sicue-erasmus-fisioterapia\/#primaryimage"},"image":{"@id":"https:\/\/barcelona.euses.cat\/es\/sicue-erasmus-fisioterapia\/#primaryimage"},"thumbnailUrl":"https:\/\/barcelona.euses.cat\/wp-content\/uploads\/2019\/01\/mapa-punts.gif","datePublished":"2019-01-16T12:47:28+00:00","dateModified":"2019-03-06T12:17:46+00:00","description":"\u00bfTe gustar\u00eda realizar un Sicue o Erasmus de Fisioterapia? En Euses te damos la oportunidad de estudiar en otros territorios espa\u00f1oles o europeos.","breadcrumb":{"@id":"https:\/\/barcelona.euses.cat\/es\/sicue-erasmus-fisioterapia\/#breadcrumb"},"inLanguage":"es","potentialAction":[{"@type":"ReadAction","target":["https:\/\/barcelona.euses.cat\/es\/sicue-erasmus-fisioterapia\/"]}]},{"@type":"ImageObject","inLanguage":"es","@id":"https:\/\/barcelona.euses.cat\/es\/sicue-erasmus-fisioterapia\/#primaryimage","url":"https:\/\/barcelona.euses.cat\/wp-content\/uploads\/2019\/01\/mapa-punts.gif","contentUrl":"https:\/\/barcelona.euses.cat\/wp-content\/uploads\/2019\/01\/mapa-punts.gif","width":1345,"height":824},{"@type":"BreadcrumbList","@id":"https:\/\/barcelona.euses.cat\/es\/sicue-erasmus-fisioterapia\/#breadcrumb","itemListElement":[{"@type":"ListItem","position":1,"name":"Portada","item":"https:\/\/barcelona.euses.cat\/es\/"},{"@type":"ListItem","position":2,"name":"Movilidad"}]},{"@type":"WebSite","@id":"https:\/\/barcelona.euses.cat\/ca\/#website","url":"https:\/\/barcelona.euses.cat\/ca\/","name":"EUSES - Campus de Bellvitge (Barcelona)","description":"EUSES, Escuela Universitaria de Fisioterapia Internacional en Barcelona","potentialAction":[{"@type":"SearchAction","target":{"@type":"EntryPoint","urlTemplate":"https:\/\/barcelona.euses.cat\/ca\/?s={search_term_string}"},"query-input":{"@type":"PropertyValueSpecification","valueRequired":true,"valueName":"search_term_string"}}],"inLanguage":"es"}]}},"_links":{"self":[{"href":"https:\/\/barcelona.euses.cat\/es\/wp-json\/wp\/v2\/pages\/168","targetHints":{"allow":["GET"]}}],"collection":[{"href":"https:\/\/barcelona.euses.cat\/es\/wp-json\/wp\/v2\/pages"}],"about":[{"href":"https:\/\/barcelona.euses.cat\/es\/wp-json\/wp\/v2\/types\/page"}],"author":[{"embeddable":true,"href":"https:\/\/barcelona.euses.cat\/es\/wp-json\/wp\/v2\/users\/1"}],"replies":[{"embeddable":true,"href":"https:\/\/barcelona.euses.cat\/es\/wp-json\/wp\/v2\/comments?post=168"}],"version-history":[{"count":12,"href":"https:\/\/barcelona.euses.cat\/es\/wp-json\/wp\/v2\/pages\/168\/revisions"}],"predecessor-version":[{"id":6075,"href":"https:\/\/barcelona.euses.cat\/es\/wp-json\/wp\/v2\/pages\/168\/revisions\/6075"}],"wp:featuredmedia":[{"embeddable":true,"href":"https:\/\/barcelona.euses.cat\/es\/wp-json\/wp\/v2\/media\/432"}],"wp:attachment":[{"href":"https:\/\/barcelona.euses.cat\/es\/wp-json\/wp\/v2\/media?parent=168"}],"curies":[{"name":"wp","href":"https:\/\/api.w.org\/{rel}","templated":true}]}}