{"id":10178,"date":"2021-11-23T15:16:35","date_gmt":"2021-11-23T14:16:35","guid":{"rendered":"https:\/\/barcelona.euses.cat\/visita-campus-bellvitge\/"},"modified":"2025-01-15T16:50:18","modified_gmt":"2025-01-15T15:50:18","slug":"visita-campus-bellvitge","status":"publish","type":"page","link":"https:\/\/barcelona.euses.cat\/es\/visita-campus-bellvitge\/","title":{"rendered":"Visitas campus"},"content":{"rendered":"\n<div class=\"wpcf7 no-js\" id=\"wpcf7-f10181-o1\" lang=\"es-ES\" dir=\"ltr\" data-wpcf7-id=\"10181\">\n<div class=\"screen-reader-response\"><p role=\"status\" aria-live=\"polite\" aria-atomic=\"true\"><\/p> <ul><\/ul><\/div>\n<form action=\"\/es\/wp-json\/wp\/v2\/pages\/10178#wpcf7-f10181-o1\" method=\"post\" class=\"wpcf7-form init\" aria-label=\"Formulario de contacto\" novalidate=\"novalidate\" data-status=\"init\">\n<fieldset class=\"hidden-fields-container\"><input type=\"hidden\" name=\"_wpcf7\" value=\"10181\" \/><input type=\"hidden\" name=\"_wpcf7_version\" value=\"6.1.5\" \/><input type=\"hidden\" name=\"_wpcf7_locale\" value=\"es_ES\" \/><input type=\"hidden\" name=\"_wpcf7_unit_tag\" value=\"wpcf7-f10181-o1\" \/><input type=\"hidden\" name=\"_wpcf7_container_post\" value=\"0\" \/><input type=\"hidden\" name=\"_wpcf7_posted_data_hash\" value=\"\" \/><input type=\"hidden\" name=\"_wpcf7cf_hidden_group_fields\" value=\"[]\" \/><input type=\"hidden\" name=\"_wpcf7cf_hidden_groups\" value=\"[]\" \/><input type=\"hidden\" name=\"_wpcf7cf_visible_groups\" value=\"[]\" \/><input type=\"hidden\" name=\"_wpcf7cf_repeaters\" value=\"[]\" \/><input type=\"hidden\" name=\"_wpcf7cf_steps\" value=\"{}\" \/><input type=\"hidden\" name=\"_wpcf7cf_options\" value=\"{&quot;form_id&quot;:10181,&quot;conditions&quot;:[],&quot;settings&quot;:{&quot;animation&quot;:&quot;yes&quot;,&quot;animation_intime&quot;:200,&quot;animation_outtime&quot;:200,&quot;conditions_ui&quot;:&quot;normal&quot;,&quot;notice_dismissed&quot;:false}}\" \/><input type=\"hidden\" name=\"_wpcf7_recaptcha_response\" value=\"\" \/>\n<\/fieldset>\n<p><span class=\"wpcf7-form-control-wrap id_lead\"><input class=\"wpcf7-form-control wpcf7-shortcodehidden wpcf7-validates-as-shortcodefield\" id=\"id_lead\" type=\"hidden\" value=\"\" name=\"id_lead\" \/><\/span>\n<\/p>\n<p><span class=\"wpcf7-form-control-wrap\" data-name=\"estudis-JPO\"><input size=\"40\" maxlength=\"400\" class=\"wpcf7-form-control wpcf7-text\" id=\"estudis-JPO\" aria-invalid=\"false\" value=\"\" type=\"text\" name=\"estudis-JPO\" \/><\/span><br \/>\n<input type=\"hidden\" name=\"Etiquetas\" value=\"visita-bcn\" \/><br \/>\n<label><span class=\"wpcf7-form-control-wrap\" data-name=\"your-name\"><input size=\"40\" maxlength=\"400\" class=\"wpcf7-form-control wpcf7-text wpcf7-validates-as-required\" aria-required=\"true\" aria-invalid=\"false\" placeholder=\"Nombre y apellidos\" value=\"\" type=\"text\" name=\"your-name\" \/><\/span><\/label>\n<\/p>\n<p><label><span class=\"wpcf7-form-control-wrap\" data-name=\"ciutat\"><input size=\"40\" maxlength=\"400\" class=\"wpcf7-form-control wpcf7-text wpcf7-validates-as-required\" aria-required=\"true\" aria-invalid=\"false\" placeholder=\"Poblaci\u00f3n\" value=\"\" type=\"text\" name=\"ciutat\" \/><\/span><\/label>\n<\/p>\n<p><label><span class=\"wpcf7-form-control-wrap\" data-name=\"your-email\"><input size=\"40\" maxlength=\"400\" class=\"wpcf7-form-control wpcf7-email wpcf7-validates-as-required wpcf7-text wpcf7-validates-as-email\" aria-required=\"true\" aria-invalid=\"false\" placeholder=\"E-mail\" value=\"\" type=\"email\" name=\"your-email\" \/><\/span><\/label>\n<\/p>\n<p><label><span class=\"wpcf7-form-control-wrap\" data-name=\"telefon\"><input size=\"40\" maxlength=\"400\" class=\"wpcf7-form-control wpcf7-text wpcf7-validates-as-required\" aria-required=\"true\" aria-invalid=\"false\" placeholder=\"Tel\u00e9fono\" value=\"\" type=\"text\" name=\"telefon\" \/><\/span><\/label>\n<\/p>\n<p class=\"info\"><br \/>\n<span>Quieres recibir informaci\u00f3n de:<\/span><br \/>\nIndica el estudio del que te gustar\u00eda informarte\n<\/p>\n<p><span class=\"wpcf7-form-control-wrap\" data-name=\"radio-info\"><span class=\"wpcf7-form-control wpcf7-radio\"><span class=\"wpcf7-list-item first last\"><input type=\"radio\" name=\"radio-info\" value=\"Grado en Fisioterapia - UB &amp; UdG (Barcelona Campus) *(ENGLISH)\" checked=\"checked\" \/><span class=\"wpcf7-list-item-label\">Grado en Fisioterapia - UB &amp; UdG (Barcelona Campus) *(ENGLISH)<\/span><\/span><\/span><\/span>\n<\/p>\n<div class=\"visita-date\">\n\t<p>\u00bfQu\u00e9 d\u00eda querr\u00eda realizar la visita? (Lunes-Viernes)\n\t<\/p>\n\t<p>\u00bfA qu\u00e9 hora? (9 - 13h \/ 15 - 17h)\n\t<\/p>\n<\/div>\n<p><span class=\"wpcf7-form-control-wrap\" data-name=\"data-picker\"><input size=\"40\" maxlength=\"400\" class=\"wpcf7-form-control wpcf7-text avdp-start-datetime\" aria-invalid=\"false\" value=\"\" type=\"text\" name=\"data-picker\" \/><\/span>\n<\/p>\n<p style=\"font-size:12px;\"><br \/>\nESCUELA SALUD Y DEPORTE, S.L. como responsable del tratamiento tratar\u00e1 tus datos con la finalidad de gestionar las solicitudes de informaci\u00f3n realizadas a trav\u00e9s de la web y la elaboraci\u00f3n de perfiles de los usuarios para enviarles comunicaciones comerciales de los programas de formaci\u00f3n (grados, m\u00e1steres, postgrados, cursos, jornadas, seminarios, etc), actividades y servicios que puedan ser de su inter\u00e9s. Puedes acceder, rectificar y suprimir tus datos, as\u00ed como ejercer otros derechos consultando la informaci\u00f3n adicional y detallada sobre protecci\u00f3n de datos en nuestra Pol\u00edtica de Privacidad.\n<\/p>\n<p><span class=\"wpcf7-form-control-wrap\" data-name=\"acceptance-852\"><span class=\"wpcf7-form-control wpcf7-acceptance\"><span class=\"wpcf7-list-item\"><label><input type=\"checkbox\" name=\"acceptance-852\" value=\"1\" aria-invalid=\"false\" \/><span class=\"wpcf7-list-item-label\">Acepto el tratamiento de los datos conformo la <a href=\"https:\/\/barcelona.euses.cat\/es\/proteccion-de-datos\" target=\"_blank\">Pol\u00edtica de Privacidad<\/a>, especialmente, las elaboraciones de perfiles y la transferencia de datos fuera de la UE.<\/span><\/label><\/span><\/span><\/span>\n<\/p>\n<p><span class=\"wpcf7-form-control-wrap\" data-name=\"acceptance-905\"><span class=\"wpcf7-form-control wpcf7-acceptance\"><span class=\"wpcf7-list-item\"><label><input type=\"checkbox\" name=\"acceptance-905\" value=\"1\" aria-invalid=\"false\" \/><span class=\"wpcf7-list-item-label\">Bajo mi responsabilidad declaro que tengo 14 a\u00f1os o m\u00e1s.<\/span><\/label><\/span><\/span><\/span>\n<\/p>\n<p><span class=\"wpcf7-form-control-wrap\" data-name=\"checkbox-686\"><span class=\"wpcf7-form-control wpcf7-checkbox\"><span class=\"wpcf7-list-item first last\"><input type=\"checkbox\" name=\"checkbox-686[]\" value=\"Acepto el env\u00edo de comunicaciones informativas.\" \/><span class=\"wpcf7-list-item-label\">Acepto el env\u00edo de comunicaciones informativas.<\/span><\/span><\/span><\/span>\n<\/p>\n<p><span id=\"send_estudis-visita-radio\"><input class=\"wpcf7-form-control wpcf7-submit has-spinner\" type=\"submit\" value=\"Enviar\" \/><\/span>\n<\/p><div class=\"wpcf7-response-output\" aria-hidden=\"true\"><\/div>\n<\/form>\n<\/div>\n\n","protected":false},"excerpt":{"rendered":"","protected":false},"author":1,"featured_media":0,"parent":0,"menu_order":0,"comment_status":"closed","ping_status":"closed","template":"page-visites-escola.php","meta":{"_acf_changed":false,"inline_featured_image":false,"_joinchat":[],"footnotes":""},"class_list":["post-10178","page","type-page","status-publish","hentry"],"acf":[],"yoast_head":"<!-- This site is optimized with the Yoast SEO plugin v27.1.1 - https:\/\/yoast.com\/product\/yoast-seo-wordpress\/ -->\n<title>Visitas campus | EUSES - Campus de Bellvitge (Barcelona)<\/title>\n<meta name=\"robots\" content=\"index, follow, max-snippet:-1, max-image-preview:large, max-video-preview:-1\" \/>\n<link rel=\"canonical\" href=\"https:\/\/barcelona.euses.cat\/es\/visita-campus-bellvitge\/\" \/>\n<meta property=\"og:locale\" content=\"es_ES\" \/>\n<meta property=\"og:type\" content=\"article\" \/>\n<meta property=\"og:title\" content=\"Visitas campus | EUSES - Campus de Bellvitge (Barcelona)\" \/>\n<meta property=\"og:url\" content=\"https:\/\/barcelona.euses.cat\/es\/visita-campus-bellvitge\/\" \/>\n<meta property=\"og:site_name\" content=\"EUSES - Campus de Bellvitge (Barcelona)\" \/>\n<meta property=\"article:publisher\" content=\"https:\/\/www.facebook.com\/PhysioBCN\/\" \/>\n<meta property=\"article:modified_time\" content=\"2025-01-15T15:50:18+00:00\" \/>\n<meta name=\"twitter:card\" content=\"summary_large_image\" \/>\n<meta name=\"twitter:label1\" content=\"Tiempo de lectura\" \/>\n\t<meta name=\"twitter:data1\" content=\"1 minuto\" \/>\n<script type=\"application\/ld+json\" class=\"yoast-schema-graph\">{\"@context\":\"https:\/\/schema.org\",\"@graph\":[{\"@type\":\"WebPage\",\"@id\":\"https:\/\/barcelona.euses.cat\/es\/visita-campus-bellvitge\/\",\"url\":\"https:\/\/barcelona.euses.cat\/es\/visita-campus-bellvitge\/\",\"name\":\"Visitas campus | EUSES - Campus de Bellvitge (Barcelona)\",\"isPartOf\":{\"@id\":\"https:\/\/barcelona.euses.cat\/ca\/#website\"},\"datePublished\":\"2021-11-23T14:16:35+00:00\",\"dateModified\":\"2025-01-15T15:50:18+00:00\",\"breadcrumb\":{\"@id\":\"https:\/\/barcelona.euses.cat\/es\/visita-campus-bellvitge\/#breadcrumb\"},\"inLanguage\":\"es\",\"potentialAction\":[{\"@type\":\"ReadAction\",\"target\":[\"https:\/\/barcelona.euses.cat\/es\/visita-campus-bellvitge\/\"]}]},{\"@type\":\"BreadcrumbList\",\"@id\":\"https:\/\/barcelona.euses.cat\/es\/visita-campus-bellvitge\/#breadcrumb\",\"itemListElement\":[{\"@type\":\"ListItem\",\"position\":1,\"name\":\"Portada\",\"item\":\"https:\/\/barcelona.euses.cat\/es\/\"},{\"@type\":\"ListItem\",\"position\":2,\"name\":\"Visitas campus\"}]},{\"@type\":\"WebSite\",\"@id\":\"https:\/\/barcelona.euses.cat\/ca\/#website\",\"url\":\"https:\/\/barcelona.euses.cat\/ca\/\",\"name\":\"EUSES - Campus de Bellvitge (Barcelona)\",\"description\":\"EUSES, Escuela Universitaria de Fisioterapia Internacional en Barcelona\",\"potentialAction\":[{\"@type\":\"SearchAction\",\"target\":{\"@type\":\"EntryPoint\",\"urlTemplate\":\"https:\/\/barcelona.euses.cat\/ca\/?s={search_term_string}\"},\"query-input\":{\"@type\":\"PropertyValueSpecification\",\"valueRequired\":true,\"valueName\":\"search_term_string\"}}],\"inLanguage\":\"es\"}]}<\/script>\n<!-- \/ Yoast SEO plugin. -->","yoast_head_json":{"title":"Visitas campus | EUSES - Campus de Bellvitge (Barcelona)","robots":{"index":"index","follow":"follow","max-snippet":"max-snippet:-1","max-image-preview":"max-image-preview:large","max-video-preview":"max-video-preview:-1"},"canonical":"https:\/\/barcelona.euses.cat\/es\/visita-campus-bellvitge\/","og_locale":"es_ES","og_type":"article","og_title":"Visitas campus | EUSES - Campus de Bellvitge (Barcelona)","og_url":"https:\/\/barcelona.euses.cat\/es\/visita-campus-bellvitge\/","og_site_name":"EUSES - Campus de Bellvitge (Barcelona)","article_publisher":"https:\/\/www.facebook.com\/PhysioBCN\/","article_modified_time":"2025-01-15T15:50:18+00:00","twitter_card":"summary_large_image","twitter_misc":{"Tiempo de lectura":"1 minuto"},"schema":{"@context":"https:\/\/schema.org","@graph":[{"@type":"WebPage","@id":"https:\/\/barcelona.euses.cat\/es\/visita-campus-bellvitge\/","url":"https:\/\/barcelona.euses.cat\/es\/visita-campus-bellvitge\/","name":"Visitas campus | EUSES - Campus de Bellvitge (Barcelona)","isPartOf":{"@id":"https:\/\/barcelona.euses.cat\/ca\/#website"},"datePublished":"2021-11-23T14:16:35+00:00","dateModified":"2025-01-15T15:50:18+00:00","breadcrumb":{"@id":"https:\/\/barcelona.euses.cat\/es\/visita-campus-bellvitge\/#breadcrumb"},"inLanguage":"es","potentialAction":[{"@type":"ReadAction","target":["https:\/\/barcelona.euses.cat\/es\/visita-campus-bellvitge\/"]}]},{"@type":"BreadcrumbList","@id":"https:\/\/barcelona.euses.cat\/es\/visita-campus-bellvitge\/#breadcrumb","itemListElement":[{"@type":"ListItem","position":1,"name":"Portada","item":"https:\/\/barcelona.euses.cat\/es\/"},{"@type":"ListItem","position":2,"name":"Visitas campus"}]},{"@type":"WebSite","@id":"https:\/\/barcelona.euses.cat\/ca\/#website","url":"https:\/\/barcelona.euses.cat\/ca\/","name":"EUSES - Campus de Bellvitge (Barcelona)","description":"EUSES, Escuela Universitaria de Fisioterapia Internacional en Barcelona","potentialAction":[{"@type":"SearchAction","target":{"@type":"EntryPoint","urlTemplate":"https:\/\/barcelona.euses.cat\/ca\/?s={search_term_string}"},"query-input":{"@type":"PropertyValueSpecification","valueRequired":true,"valueName":"search_term_string"}}],"inLanguage":"es"}]}},"_links":{"self":[{"href":"https:\/\/barcelona.euses.cat\/es\/wp-json\/wp\/v2\/pages\/10178","targetHints":{"allow":["GET"]}}],"collection":[{"href":"https:\/\/barcelona.euses.cat\/es\/wp-json\/wp\/v2\/pages"}],"about":[{"href":"https:\/\/barcelona.euses.cat\/es\/wp-json\/wp\/v2\/types\/page"}],"author":[{"embeddable":true,"href":"https:\/\/barcelona.euses.cat\/es\/wp-json\/wp\/v2\/users\/1"}],"replies":[{"embeddable":true,"href":"https:\/\/barcelona.euses.cat\/es\/wp-json\/wp\/v2\/comments?post=10178"}],"version-history":[{"count":5,"href":"https:\/\/barcelona.euses.cat\/es\/wp-json\/wp\/v2\/pages\/10178\/revisions"}],"predecessor-version":[{"id":12304,"href":"https:\/\/barcelona.euses.cat\/es\/wp-json\/wp\/v2\/pages\/10178\/revisions\/12304"}],"wp:attachment":[{"href":"https:\/\/barcelona.euses.cat\/es\/wp-json\/wp\/v2\/media?parent=10178"}],"curies":[{"name":"wp","href":"https:\/\/api.w.org\/{rel}","templated":true}]}}