{"id":9894,"date":"2021-05-24T12:51:54","date_gmt":"2021-05-24T10:51:54","guid":{"rendered":"https:\/\/barcelona.euses.cat\/?page_id=9894"},"modified":"2021-05-24T15:24:07","modified_gmt":"2021-05-24T13:24:07","slug":"canal-etic","status":"publish","type":"page","link":"https:\/\/barcelona.euses.cat\/ca\/canal-etic\/","title":{"rendered":"Canal \u00e8tic"},"content":{"rendered":"<div class=\"gmail_default\"><b>Introducci\u00f3<\/b><\/div>\n<div class=\"gmail_default\">ESCOLA SALUT I ESPORT, S.L. (en endavant,\u00a0<span class=\"il\">EUSES<\/span>, o b\u00e9 l&#8217;empresa), creu que el comportament en el lloc de treball defineix tant a les persones com a l&#8217;empresa, i \u00e9s per aix\u00f2 que espera que la conducta de l&#8217;organitzaci\u00f3 i de les persones vinculades a ella, no tan sols respecti la legislaci\u00f3 vigent i el seu govern corporatiu, sin\u00f3 que tamb\u00e9 respongui als principis \u00e8tics i de responsabilitat socials d&#8217;acceptaci\u00f3 general.<\/div>\n<div><\/div>\n<div class=\"gmail_default\"><span style=\"color: #666666; font-family: Open Sans, Helvetica, Arial, sans-serif;\"><br \/>\n<\/span><b>Comprom\u00eds i principis<\/b><\/div>\n<div><\/div>\n<div class=\"gmail_default\">\n<p>En aquest codi \u00e8tic es recull el comprom\u00eds d&#8217;<span class=\"il\">EUSES<\/span> amb els principis de compliment, \u00e8tica i transpar\u00e8ncia empresarial en tots els \u00e0mbits d&#8217;actuaci\u00f3, establint un conjunt de principis i pautes de conducta dirigits a garantir el comportament just i responsable de tots els treballadors de l&#8217;empresa, independentment de la seva posici\u00f3 jer\u00e0rquica, i ubicaci\u00f3 geogr\u00e0fica o funcional.Us podeu descarregar l&#8217;\u00faltima versi\u00f3 del document del Codi \u00c8tic en aquest enlla\u00e7: <a href=\"https:\/\/barcelona.euses.cat\/wp-content\/uploads\/2021\/05\/Codi-Etic.pdf\">Codi \u00c8tic<\/a><\/p>\n<p>&nbsp;<\/p>\n<p><b>El Canal \u00c8tic<\/b><\/p>\n<p>El Canal \u00c8tic t\u00e9 com a objectiu fomentar el compliment de la legalitat i les normes de conducta establertes en el Codi \u00c8tic i en el reglament intern del Comit\u00e8 de Compliance.<\/p>\n<p>La creaci\u00f3 del Canal \u00c8tic s&#8217;ent\u00e9n sense perjudici de qualsevol altre mecanisme o canal que s&#8217;estableixin conforme el sistema de govern corporatiu.<\/p>\n<p>El Canal \u00c8tic \u00e9s un canal transparent per comunicar, per part dels treballadors o tercers interessats, conductes que puguin implicar la comissi\u00f3 d&#8217;alguna irregularitat o d&#8217;algun acte contrari a la legalitat o a les normes, o b\u00e9 per consultar dubtes que puguin sorgir sobre la seva interpretaci\u00f3.<\/p>\n<p><span class=\"il\">EUSES<\/span>\u00a0es compromet a tractar en tot moment les dades de car\u00e0cter personal rebudes a<br \/>\ntrav\u00e9s del Canal \u00c8tic de forma absolutament confidencial i d&#8217;acord amb les finalitats previstes.<\/p>\n<p>Per adre\u00e7ar les vostres preguntes, dubtes, queixes de males conductes, discriminaci\u00f3, assetjament, o altres q\u00fcestions al Canal \u00c8tic, podeu dirigir-vos per email al correu:<\/p>\n<p><a href=\"mailto:canaletico@euses.cat\" target=\"_blank\" rel=\"noopener noreferrer\">canaletico@<span class=\"il\">euses<\/span>.cat<\/a><\/p>\n<p>Aquest correu el controla el nostre Compliance Officer i les queixes es tracten an\u00f2nimament.<\/p>\n<\/div>\n","protected":false},"excerpt":{"rendered":"<p>Introducci\u00f3 ESCOLA SALUT I ESPORT, S.L. (en endavant,\u00a0EUSES, o b\u00e9 l&#8217;empresa), creu que el comportament en el lloc de treball defineix tant a les persones com a l&#8217;empresa, i \u00e9s per aix\u00f2 que espera que la conducta de l&#8217;organitzaci\u00f3 i de les persones vinculades a ella, no tan sols respecti la legislaci\u00f3 vigent i el [&hellip;]<\/p>\n","protected":false},"author":1,"featured_media":0,"parent":0,"menu_order":0,"comment_status":"closed","ping_status":"closed","template":"page-pagina.php","meta":{"_acf_changed":false,"inline_featured_image":false,"_joinchat":[],"footnotes":""},"class_list":["post-9894","page","type-page","status-publish","hentry"],"acf":[],"yoast_head":"<!-- This site is optimized with the Yoast SEO plugin v27.4 - https:\/\/yoast.com\/product\/yoast-seo-wordpress\/ -->\n<title>Canal \u00e8tic | EUSES- Campus de Bellvitge (Barcelona)<\/title>\n<meta name=\"robots\" content=\"index, follow, max-snippet:-1, max-image-preview:large, max-video-preview:-1\" \/>\n<link rel=\"canonical\" href=\"https:\/\/barcelona.euses.cat\/ca\/canal-etic\/\" \/>\n<meta property=\"og:locale\" content=\"ca_ES\" \/>\n<meta property=\"og:type\" content=\"article\" \/>\n<meta property=\"og:title\" content=\"Canal \u00e8tic | EUSES- Campus de Bellvitge (Barcelona)\" \/>\n<meta property=\"og:description\" content=\"Introducci\u00f3 ESCOLA SALUT I ESPORT, S.L. (en endavant,\u00a0EUSES, o b\u00e9 l&#8217;empresa), creu que el comportament en el lloc de treball defineix tant a les persones com a l&#8217;empresa, i \u00e9s per aix\u00f2 que espera que la conducta de l&#8217;organitzaci\u00f3 i de les persones vinculades a ella, no tan sols respecti la legislaci\u00f3 vigent i el [&hellip;]\" \/>\n<meta property=\"og:url\" content=\"https:\/\/barcelona.euses.cat\/ca\/canal-etic\/\" \/>\n<meta property=\"og:site_name\" content=\"EUSES- Campus de Bellvitge (Barcelona)\" \/>\n<meta property=\"article:publisher\" content=\"https:\/\/www.facebook.com\/PhysioBCN\/\" \/>\n<meta property=\"article:modified_time\" content=\"2021-05-24T13:24:07+00:00\" \/>\n<meta name=\"twitter:card\" content=\"summary_large_image\" \/>\n<meta name=\"twitter:label1\" content=\"Temps estimat de lectura\" \/>\n\t<meta name=\"twitter:data1\" content=\"2 minuts\" \/>\n<script type=\"application\/ld+json\" class=\"yoast-schema-graph\">{\"@context\":\"https:\\\/\\\/schema.org\",\"@graph\":[{\"@type\":\"WebPage\",\"@id\":\"https:\\\/\\\/barcelona.euses.cat\\\/ca\\\/canal-etic\\\/\",\"url\":\"https:\\\/\\\/barcelona.euses.cat\\\/ca\\\/canal-etic\\\/\",\"name\":\"Canal \u00e8tic | EUSES- Campus de Bellvitge (Barcelona)\",\"isPartOf\":{\"@id\":\"https:\\\/\\\/barcelona.euses.cat\\\/ca\\\/#website\"},\"datePublished\":\"2021-05-24T10:51:54+00:00\",\"dateModified\":\"2021-05-24T13:24:07+00:00\",\"breadcrumb\":{\"@id\":\"https:\\\/\\\/barcelona.euses.cat\\\/ca\\\/canal-etic\\\/#breadcrumb\"},\"inLanguage\":\"ca\",\"potentialAction\":[{\"@type\":\"ReadAction\",\"target\":[\"https:\\\/\\\/barcelona.euses.cat\\\/ca\\\/canal-etic\\\/\"]}]},{\"@type\":\"BreadcrumbList\",\"@id\":\"https:\\\/\\\/barcelona.euses.cat\\\/ca\\\/canal-etic\\\/#breadcrumb\",\"itemListElement\":[{\"@type\":\"ListItem\",\"position\":1,\"name\":\"Portada\",\"item\":\"https:\\\/\\\/barcelona.euses.cat\\\/ca\\\/\"},{\"@type\":\"ListItem\",\"position\":2,\"name\":\"Canal \u00e8tic\"}]},{\"@type\":\"WebSite\",\"@id\":\"https:\\\/\\\/barcelona.euses.cat\\\/ca\\\/#website\",\"url\":\"https:\\\/\\\/barcelona.euses.cat\\\/ca\\\/\",\"name\":\"EUSES - Campus de Bellvitge (Barcelona)\",\"description\":\"EUSES, Escola Universit\u00e0ria de Fisioter\u00e0pia Internacional a Barcelona\",\"potentialAction\":[{\"@type\":\"SearchAction\",\"target\":{\"@type\":\"EntryPoint\",\"urlTemplate\":\"https:\\\/\\\/barcelona.euses.cat\\\/ca\\\/?s={search_term_string}\"},\"query-input\":{\"@type\":\"PropertyValueSpecification\",\"valueRequired\":true,\"valueName\":\"search_term_string\"}}],\"inLanguage\":\"ca\"}]}<\/script>\n<!-- \/ Yoast SEO plugin. -->","yoast_head_json":{"title":"Canal \u00e8tic | EUSES- Campus de Bellvitge (Barcelona)","robots":{"index":"index","follow":"follow","max-snippet":"max-snippet:-1","max-image-preview":"max-image-preview:large","max-video-preview":"max-video-preview:-1"},"canonical":"https:\/\/barcelona.euses.cat\/ca\/canal-etic\/","og_locale":"ca_ES","og_type":"article","og_title":"Canal \u00e8tic | EUSES- Campus de Bellvitge (Barcelona)","og_description":"Introducci\u00f3 ESCOLA SALUT I ESPORT, S.L. (en endavant,\u00a0EUSES, o b\u00e9 l&#8217;empresa), creu que el comportament en el lloc de treball defineix tant a les persones com a l&#8217;empresa, i \u00e9s per aix\u00f2 que espera que la conducta de l&#8217;organitzaci\u00f3 i de les persones vinculades a ella, no tan sols respecti la legislaci\u00f3 vigent i el [&hellip;]","og_url":"https:\/\/barcelona.euses.cat\/ca\/canal-etic\/","og_site_name":"EUSES- Campus de Bellvitge (Barcelona)","article_publisher":"https:\/\/www.facebook.com\/PhysioBCN\/","article_modified_time":"2021-05-24T13:24:07+00:00","twitter_card":"summary_large_image","twitter_misc":{"Temps estimat de lectura":"2 minuts"},"schema":{"@context":"https:\/\/schema.org","@graph":[{"@type":"WebPage","@id":"https:\/\/barcelona.euses.cat\/ca\/canal-etic\/","url":"https:\/\/barcelona.euses.cat\/ca\/canal-etic\/","name":"Canal \u00e8tic | EUSES- Campus de Bellvitge (Barcelona)","isPartOf":{"@id":"https:\/\/barcelona.euses.cat\/ca\/#website"},"datePublished":"2021-05-24T10:51:54+00:00","dateModified":"2021-05-24T13:24:07+00:00","breadcrumb":{"@id":"https:\/\/barcelona.euses.cat\/ca\/canal-etic\/#breadcrumb"},"inLanguage":"ca","potentialAction":[{"@type":"ReadAction","target":["https:\/\/barcelona.euses.cat\/ca\/canal-etic\/"]}]},{"@type":"BreadcrumbList","@id":"https:\/\/barcelona.euses.cat\/ca\/canal-etic\/#breadcrumb","itemListElement":[{"@type":"ListItem","position":1,"name":"Portada","item":"https:\/\/barcelona.euses.cat\/ca\/"},{"@type":"ListItem","position":2,"name":"Canal \u00e8tic"}]},{"@type":"WebSite","@id":"https:\/\/barcelona.euses.cat\/ca\/#website","url":"https:\/\/barcelona.euses.cat\/ca\/","name":"EUSES - Campus de Bellvitge (Barcelona)","description":"EUSES, Escola Universit\u00e0ria de Fisioter\u00e0pia Internacional a Barcelona","potentialAction":[{"@type":"SearchAction","target":{"@type":"EntryPoint","urlTemplate":"https:\/\/barcelona.euses.cat\/ca\/?s={search_term_string}"},"query-input":{"@type":"PropertyValueSpecification","valueRequired":true,"valueName":"search_term_string"}}],"inLanguage":"ca"}]}},"_links":{"self":[{"href":"https:\/\/barcelona.euses.cat\/ca\/wp-json\/wp\/v2\/pages\/9894","targetHints":{"allow":["GET"]}}],"collection":[{"href":"https:\/\/barcelona.euses.cat\/ca\/wp-json\/wp\/v2\/pages"}],"about":[{"href":"https:\/\/barcelona.euses.cat\/ca\/wp-json\/wp\/v2\/types\/page"}],"author":[{"embeddable":true,"href":"https:\/\/barcelona.euses.cat\/ca\/wp-json\/wp\/v2\/users\/1"}],"replies":[{"embeddable":true,"href":"https:\/\/barcelona.euses.cat\/ca\/wp-json\/wp\/v2\/comments?post=9894"}],"version-history":[{"count":1,"href":"https:\/\/barcelona.euses.cat\/ca\/wp-json\/wp\/v2\/pages\/9894\/revisions"}],"predecessor-version":[{"id":9899,"href":"https:\/\/barcelona.euses.cat\/ca\/wp-json\/wp\/v2\/pages\/9894\/revisions\/9899"}],"wp:attachment":[{"href":"https:\/\/barcelona.euses.cat\/ca\/wp-json\/wp\/v2\/media?parent=9894"}],"curies":[{"name":"wp","href":"https:\/\/api.w.org\/{rel}","templated":true}]}}