{"id":918,"date":"2019-01-29T15:42:36","date_gmt":"2019-01-29T14:42:36","guid":{"rendered":"http:\/\/eusesgirona.neorgvirtual.com\/?page_id=918"},"modified":"2019-05-30T10:06:05","modified_gmt":"2019-05-30T08:06:05","slug":"proteccio-de-dades","status":"publish","type":"page","link":"https:\/\/barcelona.euses.cat\/ca\/proteccio-de-dades\/","title":{"rendered":"Protecci\u00f3 de dades"},"content":{"rendered":"<p>&nbsp;<\/p>\n<p><strong>POL\u00cdTICA DE PRIVACITAT<\/strong><\/p>\n<p>&nbsp;<\/p>\n<p><strong>Qui \u00e9s el Responsable del Tractament de les seves dades personals?<\/strong><\/p>\n<div class=\"fons\">\n<div class=\"container legal\">\n<div class=\"content\">\n<p>&nbsp;<\/p>\n<p>Identitat: ESCOLA SALUT I ESPORT, S.L. (en endavant EUSES)<\/p>\n<p>C.I.F.: B-17568023<\/p>\n<p>Domicili: C\/ Francesc Maci\u00e0 65 17190 Salt (Girona)<\/p>\n<p>E-mail: <a href=\"mailto:protecciodades@euses.cat\">protecciodades@euses.cat<\/a><\/p>\n<p>Tel\u00e8fon: (+34) 972 405 130<\/p>\n<p>DPD: <a href=\"mailto:dpo.euses@rebledbellvehiadvocats.com\">dpo.euses@rebledbellvehiadvocats.com<\/a><\/p>\n<p>&nbsp;<\/p>\n<p>Identitat: U.COLLEGE OF NEW TECHNOLOGIES, S.L. (en endavant ENTI)<\/p>\n<p>C.I.F.: B-55140453<\/p>\n<p>Domicili: C\/ Francesc Maci\u00e0 65 17190 Salt (Girona)<\/p>\n<p>E-mail: <a href=\"mailto:protecciodades@enti.cat\">protecciodades@enti.cat<\/a><\/p>\n<p>Tel\u00e8fon: (+34) 932 630 224<\/p>\n<p>DPD: <a href=\"mailto:dpo.enti@bellvehi.com\">dpo.enti@bellvehi.com<\/a><\/p>\n<p>&nbsp;<\/p>\n<p><strong>Amb quines finalitats tractem les seves dades personals?<\/strong><\/p>\n<p>&nbsp;<\/p>\n<p>Tractem la informaci\u00f3 que ens facilita l\u2019usuari amb la finalitat de gestionar les sol\u30fblicituds d\u2019informaci\u00f3 realitzades a trav\u00e9s de la web i l\u2019elaboraci\u00f3 de perfils dels usuaris per enviar-los comunicacions comercials dels programes de formaci\u00f3 (graus, m\u00e0sters, postgraus, cursos, jornades, seminaris, etc), activitats i serveis que puguin ser del seu inter\u00e8s. Les elaboracions de perfil s\u2019elaboren tenint en compte l\u2019edat, codi postal, poblaci\u00f3, estudis actuals, com ens ha conegut, informaci\u00f3 sol\u00b7licitada, per tal d\u2019acotar la informaci\u00f3 que s\u2019enviar\u00e0 al sol\u00b7licitant per tal d\u2019enviar-li comunicacions informatives que millor s\u2019adaptin als seus interessos.<\/p>\n<p>&nbsp;<\/p>\n<p><strong>Per quant temps conservarem les seves dades personals?<\/strong><\/p>\n<p>&nbsp;<\/p>\n<p>Les dades personals proporcionades es conservaran mentre no se sol\u30fbliciti la seva supressi\u00f3 per l\u2019usuari per tal de poder-li enviar comunicacions informatives.<\/p>\n<p>&nbsp;<\/p>\n<p><strong>Quina \u00e9s la legitimaci\u00f3 per al tractament de les seves dades personals?<\/strong><\/p>\n<p>&nbsp;<\/p>\n<p>La base legal per al tractament de dades \u00e9s el consentiment expl\u00edcit de l\u2019usuari prestat mitjan\u00e7ant l\u2019acceptaci\u00f3 d\u2019aquesta Pol\u00edtica de Privacitat.\u00a0L\u2019usuari haur\u00e0 de comunicar-nos les seves dades personals actuals per tal que la informaci\u00f3 continguda en els nostres fitxers estigui actualitzada i sense errors.<\/p>\n<p>&nbsp;<\/p>\n<p><strong>A quins destinataris es comunicaran les seves dades personals?<\/strong><\/p>\n<p>&nbsp;<\/p>\n<p>Les dades poden comunicar-se a empreses del Grup, per a les mateixes finalitats referides anteriorment. A m\u00e9s, podran ser comunicades als prove\u00efdors que realitzen serveis jur\u00eddics, d\u2019auditoria, gestoria, serveis inform\u00e0tics i serveis de comunicaci\u00f3, m\u00e0rqueting a EUSES i ENTI, aix\u00ed com a les empreses RECUPERACIONS AULADELL, SL, DOLMI 2000, SL, i PESA 4040, SL. Finalment informar-los que les dades podran allotjar-se en prove\u00efdors dels EE.UU adherits al \u201cPrivacyShield\u201d i a Xile, Singapur i Taiwan, en condicions de m\u00e0xima seguretat i confidencialitat. A l\u2019efecte, es podran utilitzar cookies de tercers per tal de fer seguiment de les comunicacions informatives.<\/p>\n<p>&nbsp;<\/p>\n<p><strong>Quins s\u00f3n els seus drets quan ens facilita les seves dades personals?<\/strong><\/p>\n<p>&nbsp;<\/p>\n<p>L\u2019usuari pot exercir el seu dret d\u2019acc\u00e9s a les dades personals, aix\u00ed com sol\u30fblicitar la rectificaci\u00f3 de les dades inexactes o, si escau, sol\u30fblicitar la seva supressi\u00f3 quan les dades ja no siguin necess\u00e0ries per a les finalitats per les que van ser recollides. Tamb\u00e9 podr\u00e0 sol\u30fblicitar la limitaci\u00f3, portabilitat i oposici\u00f3 del tractament de les seves dades, en determinades circumst\u00e0ncies i per motius relacionats amb la seva situaci\u00f3 particular.Igualment, t\u00e9 dret a revocar el seu consentiment en qualsevol moment sense que aix\u00f2 afecti de forma retroactiva al tractament de dades personals realitzat fins el moment. L\u2019usuari podr\u00e0 exercir els drets referits anteriorment, en els termes i condicions previstos en la legislaci\u00f3 vigent, en el domicili social d\u2019EUSES i ENTI, o b\u00e9 sol\u30fblicitar-ho per correu electr\u00f2nic a dpo.euses@rebledbellvehiadvocats.com\/dpo.enti@bellvehi.com. En el cas que no obtingui una resposta satisfact\u00f2ria i desitgi formular una reclamaci\u00f3 o obtenir major informaci\u00f3 referent a qualsevol d\u2019aquests drets, es podr\u00e0 acudir a l\u2019Autoritat Catalana de Protecci\u00f3 de Dades (www.apdcat.cat \u2013 C\/ Rossell\u00f3, n\u00fam. 214, esc. A, 1r 1a, 08008 Barcelona).<\/p>\n<\/div>\n<\/div>\n<\/div>\n<div class=\"footer\">\n<div class=\"desktop\"><\/div>\n<\/div>\n","protected":false},"excerpt":{"rendered":"<p>&nbsp; POL\u00cdTICA DE PRIVACITAT &nbsp; Qui \u00e9s el Responsable del Tractament de les seves dades personals? &nbsp; Identitat: ESCOLA SALUT I ESPORT, S.L. (en endavant EUSES) C.I.F.: B-17568023 Domicili: C\/ Francesc Maci\u00e0 65 17190 Salt (Girona) E-mail: protecciodades@euses.cat Tel\u00e8fon: (+34) 972 405 130 DPD: dpo.euses@rebledbellvehiadvocats.com &nbsp; Identitat: U.COLLEGE OF NEW TECHNOLOGIES, S.L. (en endavant ENTI) [&hellip;]<\/p>\n","protected":false},"author":1,"featured_media":0,"parent":0,"menu_order":0,"comment_status":"closed","ping_status":"closed","template":"page-pagina.php","meta":{"_acf_changed":false,"inline_featured_image":false,"_joinchat":[],"footnotes":""},"class_list":["post-918","page","type-page","status-publish","hentry"],"acf":[],"yoast_head":"<!-- This site is optimized with the Yoast SEO plugin v27.4 - https:\/\/yoast.com\/product\/yoast-seo-wordpress\/ -->\n<title>Protecci\u00f3 de dades | EUSES- Campus de Bellvitge (Barcelona)<\/title>\n<meta name=\"robots\" content=\"noindex, follow\" \/>\n<meta property=\"og:locale\" content=\"ca_ES\" \/>\n<meta property=\"og:type\" content=\"article\" \/>\n<meta property=\"og:title\" content=\"Protecci\u00f3 de dades | EUSES- Campus de Bellvitge (Barcelona)\" \/>\n<meta property=\"og:description\" content=\"&nbsp; POL\u00cdTICA DE PRIVACITAT &nbsp; Qui \u00e9s el Responsable del Tractament de les seves dades personals? &nbsp; Identitat: ESCOLA SALUT I ESPORT, S.L. (en endavant EUSES) C.I.F.: B-17568023 Domicili: C\/ Francesc Maci\u00e0 65 17190 Salt (Girona) E-mail: protecciodades@euses.cat Tel\u00e8fon: (+34) 972 405 130 DPD: dpo.euses@rebledbellvehiadvocats.com &nbsp; Identitat: U.COLLEGE OF NEW TECHNOLOGIES, S.L. (en endavant ENTI) [&hellip;]\" \/>\n<meta property=\"og:url\" content=\"https:\/\/barcelona.euses.cat\/ca\/proteccio-de-dades\/\" \/>\n<meta property=\"og:site_name\" content=\"EUSES- Campus de Bellvitge (Barcelona)\" \/>\n<meta property=\"article:publisher\" content=\"https:\/\/www.facebook.com\/PhysioBCN\/\" \/>\n<meta property=\"article:modified_time\" content=\"2019-05-30T08:06:05+00:00\" \/>\n<meta name=\"twitter:card\" content=\"summary_large_image\" \/>\n<meta name=\"twitter:label1\" content=\"Temps estimat de lectura\" \/>\n\t<meta name=\"twitter:data1\" content=\"3 minuts\" \/>\n<script type=\"application\/ld+json\" class=\"yoast-schema-graph\">{\"@context\":\"https:\\\/\\\/schema.org\",\"@graph\":[{\"@type\":\"WebPage\",\"@id\":\"https:\\\/\\\/barcelona.euses.cat\\\/ca\\\/proteccio-de-dades\\\/\",\"url\":\"https:\\\/\\\/barcelona.euses.cat\\\/ca\\\/proteccio-de-dades\\\/\",\"name\":\"Protecci\u00f3 de dades | EUSES- Campus de Bellvitge (Barcelona)\",\"isPartOf\":{\"@id\":\"https:\\\/\\\/barcelona.euses.cat\\\/ca\\\/#website\"},\"datePublished\":\"2019-01-29T14:42:36+00:00\",\"dateModified\":\"2019-05-30T08:06:05+00:00\",\"breadcrumb\":{\"@id\":\"https:\\\/\\\/barcelona.euses.cat\\\/ca\\\/proteccio-de-dades\\\/#breadcrumb\"},\"inLanguage\":\"ca\",\"potentialAction\":[{\"@type\":\"ReadAction\",\"target\":[\"https:\\\/\\\/barcelona.euses.cat\\\/ca\\\/proteccio-de-dades\\\/\"]}]},{\"@type\":\"BreadcrumbList\",\"@id\":\"https:\\\/\\\/barcelona.euses.cat\\\/ca\\\/proteccio-de-dades\\\/#breadcrumb\",\"itemListElement\":[{\"@type\":\"ListItem\",\"position\":1,\"name\":\"Portada\",\"item\":\"https:\\\/\\\/barcelona.euses.cat\\\/ca\\\/\"},{\"@type\":\"ListItem\",\"position\":2,\"name\":\"Protecci\u00f3 de dades\"}]},{\"@type\":\"WebSite\",\"@id\":\"https:\\\/\\\/barcelona.euses.cat\\\/ca\\\/#website\",\"url\":\"https:\\\/\\\/barcelona.euses.cat\\\/ca\\\/\",\"name\":\"EUSES - Campus de Bellvitge (Barcelona)\",\"description\":\"EUSES, Escola Universit\u00e0ria de Fisioter\u00e0pia Internacional a Barcelona\",\"potentialAction\":[{\"@type\":\"SearchAction\",\"target\":{\"@type\":\"EntryPoint\",\"urlTemplate\":\"https:\\\/\\\/barcelona.euses.cat\\\/ca\\\/?s={search_term_string}\"},\"query-input\":{\"@type\":\"PropertyValueSpecification\",\"valueRequired\":true,\"valueName\":\"search_term_string\"}}],\"inLanguage\":\"ca\"}]}<\/script>\n<!-- \/ Yoast SEO plugin. -->","yoast_head_json":{"title":"Protecci\u00f3 de dades | EUSES- Campus de Bellvitge (Barcelona)","robots":{"index":"noindex","follow":"follow"},"og_locale":"ca_ES","og_type":"article","og_title":"Protecci\u00f3 de dades | EUSES- Campus de Bellvitge (Barcelona)","og_description":"&nbsp; POL\u00cdTICA DE PRIVACITAT &nbsp; Qui \u00e9s el Responsable del Tractament de les seves dades personals? &nbsp; Identitat: ESCOLA SALUT I ESPORT, S.L. (en endavant EUSES) C.I.F.: B-17568023 Domicili: C\/ Francesc Maci\u00e0 65 17190 Salt (Girona) E-mail: protecciodades@euses.cat Tel\u00e8fon: (+34) 972 405 130 DPD: dpo.euses@rebledbellvehiadvocats.com &nbsp; Identitat: U.COLLEGE OF NEW TECHNOLOGIES, S.L. (en endavant ENTI) [&hellip;]","og_url":"https:\/\/barcelona.euses.cat\/ca\/proteccio-de-dades\/","og_site_name":"EUSES- Campus de Bellvitge (Barcelona)","article_publisher":"https:\/\/www.facebook.com\/PhysioBCN\/","article_modified_time":"2019-05-30T08:06:05+00:00","twitter_card":"summary_large_image","twitter_misc":{"Temps estimat de lectura":"3 minuts"},"schema":{"@context":"https:\/\/schema.org","@graph":[{"@type":"WebPage","@id":"https:\/\/barcelona.euses.cat\/ca\/proteccio-de-dades\/","url":"https:\/\/barcelona.euses.cat\/ca\/proteccio-de-dades\/","name":"Protecci\u00f3 de dades | EUSES- Campus de Bellvitge (Barcelona)","isPartOf":{"@id":"https:\/\/barcelona.euses.cat\/ca\/#website"},"datePublished":"2019-01-29T14:42:36+00:00","dateModified":"2019-05-30T08:06:05+00:00","breadcrumb":{"@id":"https:\/\/barcelona.euses.cat\/ca\/proteccio-de-dades\/#breadcrumb"},"inLanguage":"ca","potentialAction":[{"@type":"ReadAction","target":["https:\/\/barcelona.euses.cat\/ca\/proteccio-de-dades\/"]}]},{"@type":"BreadcrumbList","@id":"https:\/\/barcelona.euses.cat\/ca\/proteccio-de-dades\/#breadcrumb","itemListElement":[{"@type":"ListItem","position":1,"name":"Portada","item":"https:\/\/barcelona.euses.cat\/ca\/"},{"@type":"ListItem","position":2,"name":"Protecci\u00f3 de dades"}]},{"@type":"WebSite","@id":"https:\/\/barcelona.euses.cat\/ca\/#website","url":"https:\/\/barcelona.euses.cat\/ca\/","name":"EUSES - Campus de Bellvitge (Barcelona)","description":"EUSES, Escola Universit\u00e0ria de Fisioter\u00e0pia Internacional a Barcelona","potentialAction":[{"@type":"SearchAction","target":{"@type":"EntryPoint","urlTemplate":"https:\/\/barcelona.euses.cat\/ca\/?s={search_term_string}"},"query-input":{"@type":"PropertyValueSpecification","valueRequired":true,"valueName":"search_term_string"}}],"inLanguage":"ca"}]}},"_links":{"self":[{"href":"https:\/\/barcelona.euses.cat\/ca\/wp-json\/wp\/v2\/pages\/918","targetHints":{"allow":["GET"]}}],"collection":[{"href":"https:\/\/barcelona.euses.cat\/ca\/wp-json\/wp\/v2\/pages"}],"about":[{"href":"https:\/\/barcelona.euses.cat\/ca\/wp-json\/wp\/v2\/types\/page"}],"author":[{"embeddable":true,"href":"https:\/\/barcelona.euses.cat\/ca\/wp-json\/wp\/v2\/users\/1"}],"replies":[{"embeddable":true,"href":"https:\/\/barcelona.euses.cat\/ca\/wp-json\/wp\/v2\/comments?post=918"}],"version-history":[{"count":9,"href":"https:\/\/barcelona.euses.cat\/ca\/wp-json\/wp\/v2\/pages\/918\/revisions"}],"predecessor-version":[{"id":6813,"href":"https:\/\/barcelona.euses.cat\/ca\/wp-json\/wp\/v2\/pages\/918\/revisions\/6813"}],"wp:attachment":[{"href":"https:\/\/barcelona.euses.cat\/ca\/wp-json\/wp\/v2\/media?parent=918"}],"curies":[{"name":"wp","href":"https:\/\/api.w.org\/{rel}","templated":true}]}}