{"id":899,"date":"2019-01-29T15:12:43","date_gmt":"2019-01-29T14:12:43","guid":{"rendered":"http:\/\/eusesgirona.neorgvirtual.com\/?page_id=899"},"modified":"2019-05-28T16:50:04","modified_gmt":"2019-05-28T14:50:04","slug":"avis-legal","status":"publish","type":"page","link":"https:\/\/barcelona.euses.cat\/ca\/avis-legal\/","title":{"rendered":"Av\u00eds legal"},"content":{"rendered":"<p><strong>Informaci\u00f3 general \u2013 Titularitat del lloc Web<\/strong><\/p>\n<p>En compliment del que preveu l\u2019article 10 de la Llei 34\/2002 , de 11 de juliol, de Serveis de la Societat de la Informaci\u00f3 i Comer\u00e7 Electr\u00f2nic , s\u2019informa que www.euses.cat \u00e9s un domini d\u2019ESCOLA SALUT I ESPORT, SL (en endavant, EUSES) amb CIF B17568023 i de U.COLLEGE OF NEW TECHNOLOGIES, SL (en endavant ENTI) amb CIF B55140453, i domicilis socials al Carrer President Maci\u00e0, 65 \u2022 17190 Salt (Girona), correu electr\u00f2nic <a href=\"mailto:info@euses.cat\">protecciodades@euses.cat<\/a>\u00a0i tel\u00e8fon de contacte 972 405 130 .<br \/>\nEl lloc web\u00a0<a href=\"http:\/\/www.euses.cat\/\" target=\"_blank\" rel=\"noopener noreferrer\">www.euses.cat<\/a> t\u00e9 per finalitat posar a disposici\u00f3 dels alumnes i\/o usuaris d\u2019EUSES i ENTI, i del p\u00fablic interessat, informaci\u00f3 actualitzada sobre EUSES i ENTI.<\/p>\n<p>&nbsp;<\/p>\n<p><strong>CONDICIONS GENERALS D\u2019\u00daS DEL PORTAL<\/strong><\/p>\n<p>&nbsp;<\/p>\n<p>El present Av\u00eds Legal, juntament amb la Pol\u00edtica de privacitat, regeixen l\u2019acc\u00e9s i la utilitzaci\u00f3, per part de l\u2019Usuari, del lloc web www.euses.cat, i regulen expressament les relacions sorgides entre EUSES i ENTI i els \u201cUsuaris \u201d aix\u00ed com la informaci\u00f3 i serveis oferts a trav\u00e9s del seu lloc web.<br \/>\nMitjan\u00e7ant l\u2019acceptaci\u00f3 de les presents Condicions Generals d\u2019\u00das, l\u2019Usuari manifesta :<br \/>\na . Que ha llegit , ent\u00e9n i compr\u00e8n el que aqu\u00ed s\u2019exposa.<br \/>\nb . Que assumeix totes les obligacions aqu\u00ed disposades .<br \/>\nEl titular del lloc web es reserva la facultat de realitzar, en qualsevol moment i sense necessitat de preav\u00eds, qualsevol modificaci\u00f3 o actualitzaci\u00f3 dels seus continguts i serveis, de les presents Condicions Generals i, en general, de quants elements integren el disseny i configuraci\u00f3 del lloc Web.<\/p>\n<p>&nbsp;<\/p>\n<p><strong>1.- Contingut del web<\/strong><\/p>\n<p>&nbsp;<\/p>\n<p>www.euses.cat proporciona l\u2019acc\u00e9s a multitud d\u2019informacions, serveis o dades (en endavant, \u201cels continguts\u201d) a Internet pertanyents a EUSES i ENTI o als seus llicenciants als que l\u2019 USUARI pugui tenir acc\u00e9s. L\u2019USUARI assumeix la responsabilitat de l\u2019\u00fas del portal.<br \/>\nL\u2019usuari accedeix volunt\u00e0riament a aquest lloc web. L\u2019acc\u00e9s i navegaci\u00f3 en aquesta p\u00e0gina implica acceptar i con\u00e8ixer els advertiments legals, condicions i termes d\u2019\u00fas continguts en ella. El fet d\u2019accedir no implica l\u2019establiment de cap tipus de relaci\u00f3 comercial entre EUSES i ENTI i l\u2019usuari.<\/p>\n<p>EUSESi ENTI no es responsabilitzen del mal \u00fas que es realitzi dels continguts de la nostra p\u00e0gina web, sent exclusiva responsabilitat de la persona que accedeix a ells o els utilitza. Tampoc assumeix cap responsabilitat per la informaci\u00f3 continguda a les p\u00e0gines web de tercers a les que es pugui accedir per enlla\u00e7os des de la p\u00e0gina web <a href=\"http:\/\/www.euses.cat\/\" target=\"_blank\" rel=\"noopener noreferrer\">www.euses.cat<\/a>. La pres\u00e8ncia d\u2019aquests enlla\u00e7os en el lloc web t\u00e9 una finalitat informativa, no constituint en cap cas una invitaci\u00f3 a la contractaci\u00f3 de productes o serveis que s\u2019ofereixin en el lloc web de dest\u00ed .<br \/>\nEUSES i ENTI es reserven el dret a actualitzar, modificar o eliminar la informaci\u00f3 continguda al seu lloc web, i la configuraci\u00f3 o presentaci\u00f3 del mateix, en qualsevol moment, sense previ av\u00eds, i sense assumir cap responsabilitat per aquest fet.<\/p>\n<p>&nbsp;<\/p>\n<p><strong>2.- Acc\u00e9s al Lloc Web<\/strong><\/p>\n<p>&nbsp;<\/p>\n<p>USUARIS: L\u2019acc\u00e9s i\/o \u00fas d\u2019aquest portal d\u2019EUSES i ENTI atribueixen la condici\u00f3 d\u2019USUARI, que accepta, des d\u2019aquest acc\u00e9s i\/o \u00fas, les Condicions Generals d\u2019\u00das aqu\u00ed reflectides.<\/p>\n<p>L\u2019acc\u00e9s al Lloc Web \u00e9s gratu\u00eft excepte pel que fa al cost de la connexi\u00f3 a trav\u00e9s de la xarxa de telecomunicacions subministrada pel prove\u00efdor d\u2019acc\u00e9s contractat per l\u2019Usuari .<\/p>\n<p>&nbsp;<\/p>\n<p><strong>3.- Registre<\/strong><\/p>\n<p>&nbsp;<\/p>\n<p>Amb car\u00e0cter general, per accedir i navegar pels continguts del lloc web no \u00e9s necessari el registre de l\u2019usuari. No obstant, la utilitzaci\u00f3 de determinats serveis i continguts pot estar condicionada al Registre previ de l\u2019usuari.<br \/>\nLes dades introdu\u00efdes per l\u2019Usuari hauran de ser exactes, actuals i veraces. L\u2019usuari registrat ser\u00e0 responsable en tot moment de la cust\u00f2dia de la seva contrasenya, assumint en conseq\u00fc\u00e8ncia qualsevol dany i perjudici que poguessin derivar del seu \u00fas indegut, aix\u00ed com de la cessi\u00f3, revelaci\u00f3 o p\u00e8rdua d\u2019aquest. A aquests efectes, l\u2019acc\u00e9s a \u00e0rees restringides i\/o l\u2019\u00fas dels serveis i continguts realitzat sota la contrasenya d\u2019un usuari registrat es reputaran realitzades per l\u2019esmentat usuari registrat, qui respondr\u00e0 en tot cas d\u2019aquest acc\u00e9s i \u00fas.<\/p>\n<p>&nbsp;<\/p>\n<p><strong>4.- Normes d\u2019utilitzaci\u00f3 del Lloc Web<\/strong><\/p>\n<p>&nbsp;<\/p>\n<p>L\u2019Usuari s\u2019obliga a utilitzar el Lloc Web i tot el seu contingut i serveis d\u2019acord amb el que estableix la llei, la moral, l\u2019ordre p\u00fablic i en les presents Condicions Generals. Aix\u00ed mateix, s\u2019obliga a fer un \u00fas adequat dels serveis i\/o continguts del lloc web i a no utilitzar-los per realitzar activitats il\u2022l\u00edcites o constitutives de delicte, que atemptin contra els drets de tercers i\/o que infringeixin la regulaci\u00f3 sobre propietat intel\u2022lectual i industrial, o qualssevol altres normes de l\u2019ordenament jur\u00eddic aplicable.<\/p>\n<p>L\u2019Usuari s\u2019obliga a no transmetre, introduir, difondre i posar a disposici\u00f3 de tercers qualsevol tipus de material i informaci\u00f3 (dades, continguts, missatges, dibuixos, arxius de so i imatge, fotografies, programari, etc.) que siguin contraris a la llei, la moral, l\u2019ordre p\u00fablic i les presents Condicions Generals.<\/p>\n<p>&nbsp;<\/p>\n<p><strong>5.- Responsabilitat<\/strong><\/p>\n<p>&nbsp;<\/p>\n<p>EUSES i ENTI, no assumeixen cap responsabilitat que es pugui derivar de problemes t\u00e8cnics o errades en els equips inform\u00e0tics, no imputables a la nostra empresa, que es produeixin durant la connexi\u00f3 a la xarxa d\u2019Internet, aix\u00ed com de danys que puguin ser causats per terceres persones mitjan\u00e7ant intromissions il\u2022leg\u00edtimes fora del control d\u2019EUSES i ENTI. Tampoc ens responsabilitzem del mal \u00fas que pugui fer d\u2019aquest lloc web. Des d\u2019EUSES i ENTI no garantim l\u2019abs\u00e8ncia de virus o altres elements que poguessin causar danys en els sistemes inform\u00e0tics, en els documents electr\u00f2nics o en els fitxers d\u2019usuari d\u2019aquest lloc web o de llocs web de tercers, pel que no ens responsabilitzem dels perjudicis que es poguessin produir per aquestes causes. Tamb\u00e9 quedem exonerats de tota responsabilitat davant de possibles danys o perjudicis que pugui patir l\u2019usuari a conseq\u00fc\u00e8ncia d\u2019errors, defectes o omissions en la informaci\u00f3 que facilitem quan procedeixi de terceres fonts.<\/p>\n<p>EUSES i ENTI no assumeix cap responsabilitat sobre la possible falta d\u2019actualitzaci\u00f3 d\u2019aquest lloc web, ni garanteix que la informaci\u00f3 publicada sigui precisa ni completa. Per tant, l\u2019Usuari ha de confirmar que la informaci\u00f3 publicada sigui precisa i completa abans de prendre cap decisi\u00f3 relacionada amb qualsevol servei o contingut descrit en aquest Lloc Web.<\/p>\n<p>&nbsp;<\/p>\n<p><strong>6.- Propietat intel\u2022lectual i industrial<\/strong><\/p>\n<p>&nbsp;<\/p>\n<p>EUSES i ENTI s\u00f3n la propiet\u00e0ria i\/o leg\u00edtims titulars del lloc web i del seu contingut. Tots els continguts del lloc web, entenent per aquests, a t\u00edtol merament enunciatiu, els textos, fotografies, gr\u00e0fics, imatges, icones, tecnologia, programari, links i altres continguts audiovisuals o sonors, aix\u00ed com el seu disseny gr\u00e0fic i codis font, s\u00f3n propietat intel\u2022lectual d\u2019EUSES i ENTI o de tercers, sense que es puguin entendre cedits a l\u2019Usuari cap dels drets d\u2019explotaci\u00f3 reconeguts per la normativa vigent en mat\u00e8ria de propietat intel\u2022lectual sobre els mateixos .<br \/>\nEl lloc web i els seus continguts estan protegits per les lleis de Propietat intel\u2022lectual, industrial, i de publicitat, entre d\u2019altres. La distribuci\u00f3, modificaci\u00f3, cessi\u00f3, comunicaci\u00f3 p\u00fablica i qualsevol altre acte que no hagi estat expressament autoritzat per EUSES i ENTI, que \u00e9s la titular dels drets d\u2019explotaci\u00f3, queden expressament prohibits, i aquesta \u00faltima podr\u00e0 exercitar les accions que cregui oportunes en defensa dels seus drets.<\/p>\n<p>Respecte al seu contingut, en virtut del que disposen els articles 8 i 32.1, par\u00e0graf segon , de la Llei de Propietat Intel\u2022lectual , es prohibeix expressament:<br \/>\nLa seva reproducci\u00f3, distribuci\u00f3 o modificaci\u00f3, llevat que es compti amb l\u2019autoritzaci\u00f3 dels seus leg\u00edtims titulars o resulti legalment perm\u00e8s, sempre que al seu torn es compti amb l\u2019autoritzaci\u00f3 d\u2019EUSES i ENTI. La seva utilitzaci\u00f3 per a tot tipus de fins comercials o publicitaris, diferents dels estrictament permesos. Qualsevol intent d\u2019obtenir els continguts del lloc web per qualsevol mitj\u00e0 diferent dels que es posin a disposici\u00f3 dels usuaris, aix\u00ed com dels que habitualment s\u2019emprin a la xarxa.<br \/>\nLes marques, noms comercials o signes distintius s\u00f3n titularitat d\u2019EUSES i ENTI o de tercers, sense que pugui entendre que l\u2019acc\u00e9s al Lloc Web atribueix algun dret sobre els mateixos .<\/p>\n<p>Sobre tots els continguts publicats lliurement per l\u2019Usuari en el Lloc Web, entenent com a tals v\u00eddeos, fotografies i qualsevol comentari, opini\u00f3 o descripci\u00f3 (en endavant, \u201cels continguts\u201d), l\u2019Usuari atorga gratu\u00eftament a EUSES i ENTI una llic\u00e8ncia d\u2019\u00fas sense cap limitaci\u00f3 temporal ni territorial. En base a aquesta llic\u00e8ncia, EUSES i ENTI podr\u00e0 explotar lliurement els drets de reproducci\u00f3, transformaci\u00f3, distribuci\u00f3 i comunicaci\u00f3 p\u00fablica dels continguts, \u00fanicament amb la finalitat de poder prestar els serveis sol\u2022licitats per l\u2019Usuari .<\/p>\n<p>&nbsp;<\/p>\n<p><strong>7- Nul\u2022litat i inefic\u00e0cia de les cl\u00e0usules<\/strong><\/p>\n<p>&nbsp;<\/p>\n<p>Si qualsevol cl\u00e0usula inclosa en les presents Condicions Generals fos declarada total o parcialment, nul\u2022la o inefica\u00e7, aquesta nul\u2022litat o inefic\u00e0cia nom\u00e9s afectar\u00e0 a aquesta disposici\u00f3 o a la part d\u2019aquesta que resulti nul\u2022la o inefica\u00e7, subsistint les presents Condicions Generals en tota la resta, considerant-se tal disposici\u00f3 total o parcialment per no inclosa.<\/p>\n<p>&nbsp;<\/p>\n<p><strong>8.- Legislaci\u00f3 i jurisdicci\u00f3<\/strong><\/p>\n<p>&nbsp;<\/p>\n<p>Amb car\u00e0cter general, les relacions amb els nostres clients, que es derivin de la prestaci\u00f3 dels serveis continguts a la nostra web, estan sotmeses a la legislaci\u00f3 i la jurisdicci\u00f3 espanyola.<br \/>\nEn el cas que fos necessari anar a la via judicial per al compliment o interpretaci\u00f3 del que s\u2019ha convingut en aquest contracte, de com\u00fa acord, ambdues parts acorden sotmetre als Jutjats de Girona, amb ren\u00fancia expressa de les parts a qualsevol altre fur que pogu\u00e9s correspondre\u2019ls.<\/p>\n","protected":false},"excerpt":{"rendered":"<p>Informaci\u00f3 general \u2013 Titularitat del lloc Web En compliment del que preveu l\u2019article 10 de la Llei 34\/2002 , de 11 de juliol, de Serveis de la Societat de la Informaci\u00f3 i Comer\u00e7 Electr\u00f2nic , s\u2019informa que www.euses.cat \u00e9s un domini d\u2019ESCOLA SALUT I ESPORT, SL (en endavant, EUSES) amb CIF B17568023 i de U.COLLEGE [&hellip;]<\/p>\n","protected":false},"author":1,"featured_media":0,"parent":0,"menu_order":0,"comment_status":"closed","ping_status":"closed","template":"page-pagina.php","meta":{"_acf_changed":false,"inline_featured_image":false,"_joinchat":[],"footnotes":""},"class_list":["post-899","page","type-page","status-publish","hentry"],"acf":[],"yoast_head":"<!-- This site is optimized with the Yoast SEO plugin v27.4 - https:\/\/yoast.com\/product\/yoast-seo-wordpress\/ -->\n<title>Av\u00eds legal | EUSES- Campus de Bellvitge (Barcelona)<\/title>\n<meta name=\"robots\" content=\"noindex, follow\" \/>\n<meta property=\"og:locale\" content=\"ca_ES\" \/>\n<meta property=\"og:type\" content=\"article\" \/>\n<meta property=\"og:title\" content=\"Av\u00eds legal | EUSES- Campus de Bellvitge (Barcelona)\" \/>\n<meta property=\"og:description\" content=\"Informaci\u00f3 general \u2013 Titularitat del lloc Web En compliment del que preveu l\u2019article 10 de la Llei 34\/2002 , de 11 de juliol, de Serveis de la Societat de la Informaci\u00f3 i Comer\u00e7 Electr\u00f2nic , s\u2019informa que www.euses.cat \u00e9s un domini d\u2019ESCOLA SALUT I ESPORT, SL (en endavant, EUSES) amb CIF B17568023 i de U.COLLEGE [&hellip;]\" \/>\n<meta property=\"og:url\" content=\"https:\/\/barcelona.euses.cat\/ca\/avis-legal\/\" \/>\n<meta property=\"og:site_name\" content=\"EUSES- Campus de Bellvitge (Barcelona)\" \/>\n<meta property=\"article:publisher\" content=\"https:\/\/www.facebook.com\/PhysioBCN\/\" \/>\n<meta property=\"article:modified_time\" content=\"2019-05-28T14:50:04+00:00\" \/>\n<meta name=\"twitter:card\" content=\"summary_large_image\" \/>\n<meta name=\"twitter:label1\" content=\"Temps estimat de lectura\" \/>\n\t<meta name=\"twitter:data1\" content=\"9 minuts\" \/>\n<script type=\"application\/ld+json\" class=\"yoast-schema-graph\">{\"@context\":\"https:\\\/\\\/schema.org\",\"@graph\":[{\"@type\":\"WebPage\",\"@id\":\"https:\\\/\\\/barcelona.euses.cat\\\/ca\\\/avis-legal\\\/\",\"url\":\"https:\\\/\\\/barcelona.euses.cat\\\/ca\\\/avis-legal\\\/\",\"name\":\"Av\u00eds legal | EUSES- Campus de Bellvitge (Barcelona)\",\"isPartOf\":{\"@id\":\"https:\\\/\\\/barcelona.euses.cat\\\/ca\\\/#website\"},\"datePublished\":\"2019-01-29T14:12:43+00:00\",\"dateModified\":\"2019-05-28T14:50:04+00:00\",\"breadcrumb\":{\"@id\":\"https:\\\/\\\/barcelona.euses.cat\\\/ca\\\/avis-legal\\\/#breadcrumb\"},\"inLanguage\":\"ca\",\"potentialAction\":[{\"@type\":\"ReadAction\",\"target\":[\"https:\\\/\\\/barcelona.euses.cat\\\/ca\\\/avis-legal\\\/\"]}]},{\"@type\":\"BreadcrumbList\",\"@id\":\"https:\\\/\\\/barcelona.euses.cat\\\/ca\\\/avis-legal\\\/#breadcrumb\",\"itemListElement\":[{\"@type\":\"ListItem\",\"position\":1,\"name\":\"Portada\",\"item\":\"https:\\\/\\\/barcelona.euses.cat\\\/ca\\\/\"},{\"@type\":\"ListItem\",\"position\":2,\"name\":\"Av\u00eds legal\"}]},{\"@type\":\"WebSite\",\"@id\":\"https:\\\/\\\/barcelona.euses.cat\\\/ca\\\/#website\",\"url\":\"https:\\\/\\\/barcelona.euses.cat\\\/ca\\\/\",\"name\":\"EUSES - Campus de Bellvitge (Barcelona)\",\"description\":\"EUSES, Escola Universit\u00e0ria de Fisioter\u00e0pia Internacional a Barcelona\",\"potentialAction\":[{\"@type\":\"SearchAction\",\"target\":{\"@type\":\"EntryPoint\",\"urlTemplate\":\"https:\\\/\\\/barcelona.euses.cat\\\/ca\\\/?s={search_term_string}\"},\"query-input\":{\"@type\":\"PropertyValueSpecification\",\"valueRequired\":true,\"valueName\":\"search_term_string\"}}],\"inLanguage\":\"ca\"}]}<\/script>\n<!-- \/ Yoast SEO plugin. -->","yoast_head_json":{"title":"Av\u00eds legal | EUSES- Campus de Bellvitge (Barcelona)","robots":{"index":"noindex","follow":"follow"},"og_locale":"ca_ES","og_type":"article","og_title":"Av\u00eds legal | EUSES- Campus de Bellvitge (Barcelona)","og_description":"Informaci\u00f3 general \u2013 Titularitat del lloc Web En compliment del que preveu l\u2019article 10 de la Llei 34\/2002 , de 11 de juliol, de Serveis de la Societat de la Informaci\u00f3 i Comer\u00e7 Electr\u00f2nic , s\u2019informa que www.euses.cat \u00e9s un domini d\u2019ESCOLA SALUT I ESPORT, SL (en endavant, EUSES) amb CIF B17568023 i de U.COLLEGE [&hellip;]","og_url":"https:\/\/barcelona.euses.cat\/ca\/avis-legal\/","og_site_name":"EUSES- Campus de Bellvitge (Barcelona)","article_publisher":"https:\/\/www.facebook.com\/PhysioBCN\/","article_modified_time":"2019-05-28T14:50:04+00:00","twitter_card":"summary_large_image","twitter_misc":{"Temps estimat de lectura":"9 minuts"},"schema":{"@context":"https:\/\/schema.org","@graph":[{"@type":"WebPage","@id":"https:\/\/barcelona.euses.cat\/ca\/avis-legal\/","url":"https:\/\/barcelona.euses.cat\/ca\/avis-legal\/","name":"Av\u00eds legal | EUSES- Campus de Bellvitge (Barcelona)","isPartOf":{"@id":"https:\/\/barcelona.euses.cat\/ca\/#website"},"datePublished":"2019-01-29T14:12:43+00:00","dateModified":"2019-05-28T14:50:04+00:00","breadcrumb":{"@id":"https:\/\/barcelona.euses.cat\/ca\/avis-legal\/#breadcrumb"},"inLanguage":"ca","potentialAction":[{"@type":"ReadAction","target":["https:\/\/barcelona.euses.cat\/ca\/avis-legal\/"]}]},{"@type":"BreadcrumbList","@id":"https:\/\/barcelona.euses.cat\/ca\/avis-legal\/#breadcrumb","itemListElement":[{"@type":"ListItem","position":1,"name":"Portada","item":"https:\/\/barcelona.euses.cat\/ca\/"},{"@type":"ListItem","position":2,"name":"Av\u00eds legal"}]},{"@type":"WebSite","@id":"https:\/\/barcelona.euses.cat\/ca\/#website","url":"https:\/\/barcelona.euses.cat\/ca\/","name":"EUSES - Campus de Bellvitge (Barcelona)","description":"EUSES, Escola Universit\u00e0ria de Fisioter\u00e0pia Internacional a Barcelona","potentialAction":[{"@type":"SearchAction","target":{"@type":"EntryPoint","urlTemplate":"https:\/\/barcelona.euses.cat\/ca\/?s={search_term_string}"},"query-input":{"@type":"PropertyValueSpecification","valueRequired":true,"valueName":"search_term_string"}}],"inLanguage":"ca"}]}},"_links":{"self":[{"href":"https:\/\/barcelona.euses.cat\/ca\/wp-json\/wp\/v2\/pages\/899","targetHints":{"allow":["GET"]}}],"collection":[{"href":"https:\/\/barcelona.euses.cat\/ca\/wp-json\/wp\/v2\/pages"}],"about":[{"href":"https:\/\/barcelona.euses.cat\/ca\/wp-json\/wp\/v2\/types\/page"}],"author":[{"embeddable":true,"href":"https:\/\/barcelona.euses.cat\/ca\/wp-json\/wp\/v2\/users\/1"}],"replies":[{"embeddable":true,"href":"https:\/\/barcelona.euses.cat\/ca\/wp-json\/wp\/v2\/comments?post=899"}],"version-history":[{"count":9,"href":"https:\/\/barcelona.euses.cat\/ca\/wp-json\/wp\/v2\/pages\/899\/revisions"}],"predecessor-version":[{"id":6805,"href":"https:\/\/barcelona.euses.cat\/ca\/wp-json\/wp\/v2\/pages\/899\/revisions\/6805"}],"wp:attachment":[{"href":"https:\/\/barcelona.euses.cat\/ca\/wp-json\/wp\/v2\/media?parent=899"}],"curies":[{"name":"wp","href":"https:\/\/api.w.org\/{rel}","templated":true}]}}