{"id":463,"date":"2019-01-16T12:47:28","date_gmt":"2019-01-16T12:47:28","guid":{"rendered":"http:\/\/eusesgirona.neorgvirtual.com\/movilidad"},"modified":"2019-03-05T12:07:11","modified_gmt":"2019-03-05T11:07:11","slug":"sicue-erasmus-fisioterapia","status":"publish","type":"page","link":"https:\/\/barcelona.euses.cat\/ca\/sicue-erasmus-fisioterapia\/","title":{"rendered":"Mobilitat"},"content":{"rendered":"<h2><strong>Mobilitza&#8217;t, viatja i forma&#8217;t a l&#8217;estranger.\u00a0Millora la teva inserci\u00f3 laboral!<\/strong><\/h2>\n<p>&nbsp;<\/p>\n<p><strong>A l\u2019Escola Universit\u00e0ria de la Salut i l\u2019Esport (EUSES)<\/strong> et garantim una formaci\u00f3 especialitzada, continuada i adaptada a la realitat social i laboral. Per\u00f2 no nom\u00e9s a escala nacional, sin\u00f3 tamb\u00e9 internacional.<\/p>\n<p>Per aquest motiu, posem al teu abast els programes <strong>ERASMUS <\/strong>i<strong> SICUE<\/strong> (Sistema d\u2019Intercanvi entre Centres Universitaris d\u2019Espanya) que et permeten completar la teva darrera fase acad\u00e8mica en destacades universitats internacionals i estatals.<\/p>\n<p><strong>Qu\u00e8 t\u2019oferim?<\/strong><\/p>\n<ul>\n<li>T\u2019ajudem a obrir les portes a l\u2019estranger per a refor\u00e7ar la teva etapa acad\u00e8mica o laboral.<\/li>\n<li>Formaci\u00f3 complement\u00e0ria d\u2019una tercera llengua.<\/li>\n<li>Adaptabilitat a les exig\u00e8ncies del mercat laboral europeu i nacional.<\/li>\n<li>Pr\u00e0ctiques internacionals amb reconeixement acad\u00e8mic o volunt\u00e0ries a trav\u00e9s del programa ERASMUS.<\/li>\n<li>Estada a universitats de l\u2019estat espanyol a trav\u00e9s del programa SICUE.<\/li>\n<\/ul>\n<p>Posa&#8217;t en contacte amb nosaltres i te n&#8217;informem!<\/p>\n<h4>EUSES &#8211; UdG<\/h4>\n<p>Dr. Sergi Garcia<br \/>\n<strong>Erasmus + Estudis<\/strong><br \/>\n<strong>Erasmus + for Trainerships<\/strong><br \/>\n<strong>SICUE<\/strong><\/p>\n","protected":false},"excerpt":{"rendered":"<p>Mobilitza&#8217;t, viatja i forma&#8217;t a l&#8217;estranger.\u00a0Millora la teva inserci\u00f3 laboral! &nbsp; A l\u2019Escola Universit\u00e0ria de la Salut i l\u2019Esport (EUSES) et garantim una formaci\u00f3 especialitzada, continuada i adaptada a la realitat social i laboral. Per\u00f2 no nom\u00e9s a escala nacional, sin\u00f3 tamb\u00e9 internacional. Per aquest motiu, posem al teu abast els programes ERASMUS i SICUE [&hellip;]<\/p>\n","protected":false},"author":1,"featured_media":433,"parent":0,"menu_order":0,"comment_status":"closed","ping_status":"closed","template":"page-movilidad.php","meta":{"_acf_changed":false,"inline_featured_image":false,"_joinchat":[],"footnotes":""},"class_list":["post-463","page","type-page","status-publish","has-post-thumbnail","hentry"],"acf":[],"yoast_head":"<!-- This site is optimized with the Yoast SEO plugin v27.4 - https:\/\/yoast.com\/product\/yoast-seo-wordpress\/ -->\n<title>Descobreix els Sicue i Erasmus de Fisioter\u00e0pia d&#039;Euses | Euses<\/title>\n<meta name=\"description\" content=\"T&#039;agradaria realitzar un Sicue o Erasmus de Fisioter\u00e0pia? A Euses et donem l&#039;oportunitat d&#039;estudiar en altres territoris espanyols o europeus.\" \/>\n<meta name=\"robots\" content=\"index, follow, max-snippet:-1, max-image-preview:large, max-video-preview:-1\" \/>\n<link rel=\"canonical\" href=\"https:\/\/barcelona.euses.cat\/ca\/sicue-erasmus-fisioterapia\/\" \/>\n<meta property=\"og:locale\" content=\"ca_ES\" \/>\n<meta property=\"og:type\" content=\"article\" \/>\n<meta property=\"og:title\" content=\"Descobreix els Sicue i Erasmus de Fisioter\u00e0pia d&#039;Euses | Euses\" \/>\n<meta property=\"og:description\" content=\"T&#039;agradaria realitzar un Sicue o Erasmus de Fisioter\u00e0pia? A Euses et donem l&#039;oportunitat d&#039;estudiar en altres territoris espanyols o europeus.\" \/>\n<meta property=\"og:url\" content=\"https:\/\/barcelona.euses.cat\/ca\/sicue-erasmus-fisioterapia\/\" \/>\n<meta property=\"og:site_name\" content=\"EUSES- Campus de Bellvitge (Barcelona)\" \/>\n<meta property=\"article:publisher\" content=\"https:\/\/www.facebook.com\/PhysioBCN\/\" \/>\n<meta property=\"article:modified_time\" content=\"2019-03-05T11:07:11+00:00\" \/>\n<meta property=\"og:image\" content=\"https:\/\/barcelona.euses.cat\/wp-content\/uploads\/2019\/01\/mapa-punts.gif\" \/>\n\t<meta property=\"og:image:width\" content=\"1345\" \/>\n\t<meta property=\"og:image:height\" content=\"824\" \/>\n\t<meta property=\"og:image:type\" content=\"image\/gif\" \/>\n<meta name=\"twitter:card\" content=\"summary_large_image\" \/>\n<meta name=\"twitter:label1\" content=\"Temps estimat de lectura\" \/>\n\t<meta name=\"twitter:data1\" content=\"1 minut\" \/>\n<script type=\"application\/ld+json\" class=\"yoast-schema-graph\">{\"@context\":\"https:\\\/\\\/schema.org\",\"@graph\":[{\"@type\":\"WebPage\",\"@id\":\"https:\\\/\\\/barcelona.euses.cat\\\/ca\\\/sicue-erasmus-fisioterapia\\\/\",\"url\":\"https:\\\/\\\/barcelona.euses.cat\\\/ca\\\/sicue-erasmus-fisioterapia\\\/\",\"name\":\"Descobreix els Sicue i Erasmus de Fisioter\u00e0pia d'Euses | Euses\",\"isPartOf\":{\"@id\":\"https:\\\/\\\/barcelona.euses.cat\\\/ca\\\/#website\"},\"primaryImageOfPage\":{\"@id\":\"https:\\\/\\\/barcelona.euses.cat\\\/ca\\\/sicue-erasmus-fisioterapia\\\/#primaryimage\"},\"image\":{\"@id\":\"https:\\\/\\\/barcelona.euses.cat\\\/ca\\\/sicue-erasmus-fisioterapia\\\/#primaryimage\"},\"thumbnailUrl\":\"https:\\\/\\\/barcelona.euses.cat\\\/wp-content\\\/uploads\\\/2019\\\/01\\\/mapa-punts.gif\",\"datePublished\":\"2019-01-16T12:47:28+00:00\",\"dateModified\":\"2019-03-05T11:07:11+00:00\",\"description\":\"T'agradaria realitzar un Sicue o Erasmus de Fisioter\u00e0pia? A Euses et donem l'oportunitat d'estudiar en altres territoris espanyols o europeus.\",\"breadcrumb\":{\"@id\":\"https:\\\/\\\/barcelona.euses.cat\\\/ca\\\/sicue-erasmus-fisioterapia\\\/#breadcrumb\"},\"inLanguage\":\"ca\",\"potentialAction\":[{\"@type\":\"ReadAction\",\"target\":[\"https:\\\/\\\/barcelona.euses.cat\\\/ca\\\/sicue-erasmus-fisioterapia\\\/\"]}]},{\"@type\":\"ImageObject\",\"inLanguage\":\"ca\",\"@id\":\"https:\\\/\\\/barcelona.euses.cat\\\/ca\\\/sicue-erasmus-fisioterapia\\\/#primaryimage\",\"url\":\"https:\\\/\\\/barcelona.euses.cat\\\/wp-content\\\/uploads\\\/2019\\\/01\\\/mapa-punts.gif\",\"contentUrl\":\"https:\\\/\\\/barcelona.euses.cat\\\/wp-content\\\/uploads\\\/2019\\\/01\\\/mapa-punts.gif\",\"width\":1345,\"height\":824},{\"@type\":\"BreadcrumbList\",\"@id\":\"https:\\\/\\\/barcelona.euses.cat\\\/ca\\\/sicue-erasmus-fisioterapia\\\/#breadcrumb\",\"itemListElement\":[{\"@type\":\"ListItem\",\"position\":1,\"name\":\"Portada\",\"item\":\"https:\\\/\\\/barcelona.euses.cat\\\/ca\\\/\"},{\"@type\":\"ListItem\",\"position\":2,\"name\":\"Mobilitat\"}]},{\"@type\":\"WebSite\",\"@id\":\"https:\\\/\\\/barcelona.euses.cat\\\/ca\\\/#website\",\"url\":\"https:\\\/\\\/barcelona.euses.cat\\\/ca\\\/\",\"name\":\"EUSES - Campus de Bellvitge (Barcelona)\",\"description\":\"EUSES, Escola Universit\u00e0ria de Fisioter\u00e0pia Internacional a Barcelona\",\"potentialAction\":[{\"@type\":\"SearchAction\",\"target\":{\"@type\":\"EntryPoint\",\"urlTemplate\":\"https:\\\/\\\/barcelona.euses.cat\\\/ca\\\/?s={search_term_string}\"},\"query-input\":{\"@type\":\"PropertyValueSpecification\",\"valueRequired\":true,\"valueName\":\"search_term_string\"}}],\"inLanguage\":\"ca\"}]}<\/script>\n<!-- \/ Yoast SEO plugin. -->","yoast_head_json":{"title":"Descobreix els Sicue i Erasmus de Fisioter\u00e0pia d'Euses | Euses","description":"T'agradaria realitzar un Sicue o Erasmus de Fisioter\u00e0pia? A Euses et donem l'oportunitat d'estudiar en altres territoris espanyols o europeus.","robots":{"index":"index","follow":"follow","max-snippet":"max-snippet:-1","max-image-preview":"max-image-preview:large","max-video-preview":"max-video-preview:-1"},"canonical":"https:\/\/barcelona.euses.cat\/ca\/sicue-erasmus-fisioterapia\/","og_locale":"ca_ES","og_type":"article","og_title":"Descobreix els Sicue i Erasmus de Fisioter\u00e0pia d'Euses | Euses","og_description":"T'agradaria realitzar un Sicue o Erasmus de Fisioter\u00e0pia? A Euses et donem l'oportunitat d'estudiar en altres territoris espanyols o europeus.","og_url":"https:\/\/barcelona.euses.cat\/ca\/sicue-erasmus-fisioterapia\/","og_site_name":"EUSES- Campus de Bellvitge (Barcelona)","article_publisher":"https:\/\/www.facebook.com\/PhysioBCN\/","article_modified_time":"2019-03-05T11:07:11+00:00","og_image":[{"width":1345,"height":824,"url":"https:\/\/barcelona.euses.cat\/wp-content\/uploads\/2019\/01\/mapa-punts.gif","type":"image\/gif"}],"twitter_card":"summary_large_image","twitter_misc":{"Temps estimat de lectura":"1 minut"},"schema":{"@context":"https:\/\/schema.org","@graph":[{"@type":"WebPage","@id":"https:\/\/barcelona.euses.cat\/ca\/sicue-erasmus-fisioterapia\/","url":"https:\/\/barcelona.euses.cat\/ca\/sicue-erasmus-fisioterapia\/","name":"Descobreix els Sicue i Erasmus de Fisioter\u00e0pia d'Euses | Euses","isPartOf":{"@id":"https:\/\/barcelona.euses.cat\/ca\/#website"},"primaryImageOfPage":{"@id":"https:\/\/barcelona.euses.cat\/ca\/sicue-erasmus-fisioterapia\/#primaryimage"},"image":{"@id":"https:\/\/barcelona.euses.cat\/ca\/sicue-erasmus-fisioterapia\/#primaryimage"},"thumbnailUrl":"https:\/\/barcelona.euses.cat\/wp-content\/uploads\/2019\/01\/mapa-punts.gif","datePublished":"2019-01-16T12:47:28+00:00","dateModified":"2019-03-05T11:07:11+00:00","description":"T'agradaria realitzar un Sicue o Erasmus de Fisioter\u00e0pia? A Euses et donem l'oportunitat d'estudiar en altres territoris espanyols o europeus.","breadcrumb":{"@id":"https:\/\/barcelona.euses.cat\/ca\/sicue-erasmus-fisioterapia\/#breadcrumb"},"inLanguage":"ca","potentialAction":[{"@type":"ReadAction","target":["https:\/\/barcelona.euses.cat\/ca\/sicue-erasmus-fisioterapia\/"]}]},{"@type":"ImageObject","inLanguage":"ca","@id":"https:\/\/barcelona.euses.cat\/ca\/sicue-erasmus-fisioterapia\/#primaryimage","url":"https:\/\/barcelona.euses.cat\/wp-content\/uploads\/2019\/01\/mapa-punts.gif","contentUrl":"https:\/\/barcelona.euses.cat\/wp-content\/uploads\/2019\/01\/mapa-punts.gif","width":1345,"height":824},{"@type":"BreadcrumbList","@id":"https:\/\/barcelona.euses.cat\/ca\/sicue-erasmus-fisioterapia\/#breadcrumb","itemListElement":[{"@type":"ListItem","position":1,"name":"Portada","item":"https:\/\/barcelona.euses.cat\/ca\/"},{"@type":"ListItem","position":2,"name":"Mobilitat"}]},{"@type":"WebSite","@id":"https:\/\/barcelona.euses.cat\/ca\/#website","url":"https:\/\/barcelona.euses.cat\/ca\/","name":"EUSES - Campus de Bellvitge (Barcelona)","description":"EUSES, Escola Universit\u00e0ria de Fisioter\u00e0pia Internacional a Barcelona","potentialAction":[{"@type":"SearchAction","target":{"@type":"EntryPoint","urlTemplate":"https:\/\/barcelona.euses.cat\/ca\/?s={search_term_string}"},"query-input":{"@type":"PropertyValueSpecification","valueRequired":true,"valueName":"search_term_string"}}],"inLanguage":"ca"}]}},"_links":{"self":[{"href":"https:\/\/barcelona.euses.cat\/ca\/wp-json\/wp\/v2\/pages\/463","targetHints":{"allow":["GET"]}}],"collection":[{"href":"https:\/\/barcelona.euses.cat\/ca\/wp-json\/wp\/v2\/pages"}],"about":[{"href":"https:\/\/barcelona.euses.cat\/ca\/wp-json\/wp\/v2\/types\/page"}],"author":[{"embeddable":true,"href":"https:\/\/barcelona.euses.cat\/ca\/wp-json\/wp\/v2\/users\/1"}],"replies":[{"embeddable":true,"href":"https:\/\/barcelona.euses.cat\/ca\/wp-json\/wp\/v2\/comments?post=463"}],"version-history":[{"count":10,"href":"https:\/\/barcelona.euses.cat\/ca\/wp-json\/wp\/v2\/pages\/463\/revisions"}],"predecessor-version":[{"id":1266,"href":"https:\/\/barcelona.euses.cat\/ca\/wp-json\/wp\/v2\/pages\/463\/revisions\/1266"}],"wp:featuredmedia":[{"embeddable":true,"href":"https:\/\/barcelona.euses.cat\/ca\/wp-json\/wp\/v2\/media\/433"}],"wp:attachment":[{"href":"https:\/\/barcelona.euses.cat\/ca\/wp-json\/wp\/v2\/media?parent=463"}],"curies":[{"name":"wp","href":"https:\/\/api.w.org\/{rel}","templated":true}]}}