{"id":202,"date":"2019-01-21T11:50:22","date_gmt":"2019-01-21T11:50:22","guid":{"rendered":"http:\/\/eusesgirona.neorgvirtual.com\/profesores"},"modified":"2019-03-05T12:06:31","modified_gmt":"2019-03-05T11:06:31","slug":"professors-fisioterapia-euses","status":"publish","type":"page","link":"https:\/\/barcelona.euses.cat\/ca\/professors-fisioterapia-euses\/","title":{"rendered":"Professors"},"content":{"rendered":"","protected":false},"excerpt":{"rendered":"","protected":false},"author":1,"featured_media":0,"parent":0,"menu_order":0,"comment_status":"closed","ping_status":"closed","template":"page-profesores.php","meta":{"_acf_changed":false,"inline_featured_image":false,"_joinchat":[],"footnotes":""},"class_list":["post-202","page","type-page","status-publish","hentry"],"acf":[],"yoast_head":"<!-- This site is optimized with the Yoast SEO plugin v27.4 - https:\/\/yoast.com\/product\/yoast-seo-wordpress\/ -->\n<title>Professors de Fisioter\u00e0pia Internacional a Barcelona | Euses<\/title>\n<meta name=\"description\" content=\"Coneix als professors Fisioter\u00e0pia Internacional d&#039;Euses - Campus de Bellvitge, a Barcelona. Experts en les diverses branques de la fisioter\u00e0pia.\" \/>\n<meta name=\"robots\" content=\"index, follow, max-snippet:-1, max-image-preview:large, max-video-preview:-1\" \/>\n<link rel=\"canonical\" href=\"https:\/\/barcelona.euses.cat\/ca\/professors-fisioterapia-euses\/\" \/>\n<meta property=\"og:locale\" content=\"ca_ES\" \/>\n<meta property=\"og:type\" content=\"article\" \/>\n<meta property=\"og:title\" content=\"Professors de Fisioter\u00e0pia Internacional a Barcelona | Euses\" \/>\n<meta property=\"og:description\" content=\"Coneix als professors Fisioter\u00e0pia Internacional d&#039;Euses - Campus de Bellvitge, a Barcelona. Experts en les diverses branques de la fisioter\u00e0pia.\" \/>\n<meta property=\"og:url\" content=\"https:\/\/barcelona.euses.cat\/ca\/professors-fisioterapia-euses\/\" \/>\n<meta property=\"og:site_name\" content=\"EUSES- Campus de Bellvitge (Barcelona)\" \/>\n<meta property=\"article:publisher\" content=\"https:\/\/www.facebook.com\/PhysioBCN\/\" \/>\n<meta property=\"article:modified_time\" content=\"2019-03-05T11:06:31+00:00\" \/>\n<meta name=\"twitter:card\" content=\"summary_large_image\" \/>\n<script type=\"application\/ld+json\" class=\"yoast-schema-graph\">{\"@context\":\"https:\\\/\\\/schema.org\",\"@graph\":[{\"@type\":\"WebPage\",\"@id\":\"https:\\\/\\\/barcelona.euses.cat\\\/ca\\\/professors-fisioterapia-euses\\\/\",\"url\":\"https:\\\/\\\/barcelona.euses.cat\\\/ca\\\/professors-fisioterapia-euses\\\/\",\"name\":\"Professors de Fisioter\u00e0pia Internacional a Barcelona | Euses\",\"isPartOf\":{\"@id\":\"https:\\\/\\\/barcelona.euses.cat\\\/ca\\\/#website\"},\"datePublished\":\"2019-01-21T11:50:22+00:00\",\"dateModified\":\"2019-03-05T11:06:31+00:00\",\"description\":\"Coneix als professors Fisioter\u00e0pia Internacional d'Euses - Campus de Bellvitge, a Barcelona. Experts en les diverses branques de la fisioter\u00e0pia.\",\"breadcrumb\":{\"@id\":\"https:\\\/\\\/barcelona.euses.cat\\\/ca\\\/professors-fisioterapia-euses\\\/#breadcrumb\"},\"inLanguage\":\"ca\",\"potentialAction\":[{\"@type\":\"ReadAction\",\"target\":[\"https:\\\/\\\/barcelona.euses.cat\\\/ca\\\/professors-fisioterapia-euses\\\/\"]}]},{\"@type\":\"BreadcrumbList\",\"@id\":\"https:\\\/\\\/barcelona.euses.cat\\\/ca\\\/professors-fisioterapia-euses\\\/#breadcrumb\",\"itemListElement\":[{\"@type\":\"ListItem\",\"position\":1,\"name\":\"Portada\",\"item\":\"https:\\\/\\\/barcelona.euses.cat\\\/ca\\\/\"},{\"@type\":\"ListItem\",\"position\":2,\"name\":\"Professors\"}]},{\"@type\":\"WebSite\",\"@id\":\"https:\\\/\\\/barcelona.euses.cat\\\/ca\\\/#website\",\"url\":\"https:\\\/\\\/barcelona.euses.cat\\\/ca\\\/\",\"name\":\"EUSES - Campus de Bellvitge (Barcelona)\",\"description\":\"EUSES, Escola Universit\u00e0ria de Fisioter\u00e0pia Internacional a Barcelona\",\"potentialAction\":[{\"@type\":\"SearchAction\",\"target\":{\"@type\":\"EntryPoint\",\"urlTemplate\":\"https:\\\/\\\/barcelona.euses.cat\\\/ca\\\/?s={search_term_string}\"},\"query-input\":{\"@type\":\"PropertyValueSpecification\",\"valueRequired\":true,\"valueName\":\"search_term_string\"}}],\"inLanguage\":\"ca\"}]}<\/script>\n<!-- \/ Yoast SEO plugin. -->","yoast_head_json":{"title":"Professors de Fisioter\u00e0pia Internacional a Barcelona | Euses","description":"Coneix als professors Fisioter\u00e0pia Internacional d'Euses - Campus de Bellvitge, a Barcelona. Experts en les diverses branques de la fisioter\u00e0pia.","robots":{"index":"index","follow":"follow","max-snippet":"max-snippet:-1","max-image-preview":"max-image-preview:large","max-video-preview":"max-video-preview:-1"},"canonical":"https:\/\/barcelona.euses.cat\/ca\/professors-fisioterapia-euses\/","og_locale":"ca_ES","og_type":"article","og_title":"Professors de Fisioter\u00e0pia Internacional a Barcelona | Euses","og_description":"Coneix als professors Fisioter\u00e0pia Internacional d'Euses - Campus de Bellvitge, a Barcelona. Experts en les diverses branques de la fisioter\u00e0pia.","og_url":"https:\/\/barcelona.euses.cat\/ca\/professors-fisioterapia-euses\/","og_site_name":"EUSES- Campus de Bellvitge (Barcelona)","article_publisher":"https:\/\/www.facebook.com\/PhysioBCN\/","article_modified_time":"2019-03-05T11:06:31+00:00","twitter_card":"summary_large_image","schema":{"@context":"https:\/\/schema.org","@graph":[{"@type":"WebPage","@id":"https:\/\/barcelona.euses.cat\/ca\/professors-fisioterapia-euses\/","url":"https:\/\/barcelona.euses.cat\/ca\/professors-fisioterapia-euses\/","name":"Professors de Fisioter\u00e0pia Internacional a Barcelona | Euses","isPartOf":{"@id":"https:\/\/barcelona.euses.cat\/ca\/#website"},"datePublished":"2019-01-21T11:50:22+00:00","dateModified":"2019-03-05T11:06:31+00:00","description":"Coneix als professors Fisioter\u00e0pia Internacional d'Euses - Campus de Bellvitge, a Barcelona. Experts en les diverses branques de la fisioter\u00e0pia.","breadcrumb":{"@id":"https:\/\/barcelona.euses.cat\/ca\/professors-fisioterapia-euses\/#breadcrumb"},"inLanguage":"ca","potentialAction":[{"@type":"ReadAction","target":["https:\/\/barcelona.euses.cat\/ca\/professors-fisioterapia-euses\/"]}]},{"@type":"BreadcrumbList","@id":"https:\/\/barcelona.euses.cat\/ca\/professors-fisioterapia-euses\/#breadcrumb","itemListElement":[{"@type":"ListItem","position":1,"name":"Portada","item":"https:\/\/barcelona.euses.cat\/ca\/"},{"@type":"ListItem","position":2,"name":"Professors"}]},{"@type":"WebSite","@id":"https:\/\/barcelona.euses.cat\/ca\/#website","url":"https:\/\/barcelona.euses.cat\/ca\/","name":"EUSES - Campus de Bellvitge (Barcelona)","description":"EUSES, Escola Universit\u00e0ria de Fisioter\u00e0pia Internacional a Barcelona","potentialAction":[{"@type":"SearchAction","target":{"@type":"EntryPoint","urlTemplate":"https:\/\/barcelona.euses.cat\/ca\/?s={search_term_string}"},"query-input":{"@type":"PropertyValueSpecification","valueRequired":true,"valueName":"search_term_string"}}],"inLanguage":"ca"}]}},"_links":{"self":[{"href":"https:\/\/barcelona.euses.cat\/ca\/wp-json\/wp\/v2\/pages\/202","targetHints":{"allow":["GET"]}}],"collection":[{"href":"https:\/\/barcelona.euses.cat\/ca\/wp-json\/wp\/v2\/pages"}],"about":[{"href":"https:\/\/barcelona.euses.cat\/ca\/wp-json\/wp\/v2\/types\/page"}],"author":[{"embeddable":true,"href":"https:\/\/barcelona.euses.cat\/ca\/wp-json\/wp\/v2\/users\/1"}],"replies":[{"embeddable":true,"href":"https:\/\/barcelona.euses.cat\/ca\/wp-json\/wp\/v2\/comments?post=202"}],"version-history":[{"count":2,"href":"https:\/\/barcelona.euses.cat\/ca\/wp-json\/wp\/v2\/pages\/202\/revisions"}],"predecessor-version":[{"id":205,"href":"https:\/\/barcelona.euses.cat\/ca\/wp-json\/wp\/v2\/pages\/202\/revisions\/205"}],"wp:attachment":[{"href":"https:\/\/barcelona.euses.cat\/ca\/wp-json\/wp\/v2\/media?parent=202"}],"curies":[{"name":"wp","href":"https:\/\/api.w.org\/{rel}","templated":true}]}}