{"id":103,"date":"2019-01-14T14:21:25","date_gmt":"2019-01-14T14:21:25","guid":{"rendered":"http:\/\/eusesgirona.neorgvirtual.com\/salidas-profesionales\/"},"modified":"2019-12-10T12:02:20","modified_gmt":"2019-12-10T11:02:20","slug":"sortides-professionals-fisioterapia-internacional","status":"publish","type":"page","link":"https:\/\/barcelona.euses.cat\/ca\/sortides-professionals-fisioterapia-internacional\/","title":{"rendered":"Sortides professionals"},"content":{"rendered":"","protected":false},"excerpt":{"rendered":"","protected":false},"author":1,"featured_media":0,"parent":0,"menu_order":0,"comment_status":"closed","ping_status":"closed","template":"page-salidas.php","meta":{"_acf_changed":false,"inline_featured_image":false,"_joinchat":[],"footnotes":""},"class_list":["post-103","page","type-page","status-publish","hentry"],"acf":[],"yoast_head":"<!-- This site is optimized with the Yoast SEO plugin v27.4 - https:\/\/yoast.com\/product\/yoast-seo-wordpress\/ -->\n<title>Sortides professionals de fisioter\u00e0pia internacional | EUSES<\/title>\n<meta name=\"description\" content=\"Descobreix les sortides professionals de fisioter\u00e0pia internacional, grau en fisioter\u00e0pia completament en angl\u00e8s impartit a Barcelona\" \/>\n<meta name=\"robots\" content=\"index, follow, max-snippet:-1, max-image-preview:large, max-video-preview:-1\" \/>\n<link rel=\"canonical\" href=\"https:\/\/barcelona.euses.cat\/ca\/sortides-professionals-fisioterapia-internacional\/\" \/>\n<meta property=\"og:locale\" content=\"ca_ES\" \/>\n<meta property=\"og:type\" content=\"article\" \/>\n<meta property=\"og:title\" content=\"Sortides professionals de fisioter\u00e0pia internacional | EUSES\" \/>\n<meta property=\"og:description\" content=\"Descobreix les sortides professionals de fisioter\u00e0pia internacional, grau en fisioter\u00e0pia completament en angl\u00e8s impartit a Barcelona\" \/>\n<meta property=\"og:url\" content=\"https:\/\/barcelona.euses.cat\/ca\/sortides-professionals-fisioterapia-internacional\/\" \/>\n<meta property=\"og:site_name\" content=\"EUSES- Campus de Bellvitge (Barcelona)\" \/>\n<meta property=\"article:publisher\" content=\"https:\/\/www.facebook.com\/PhysioBCN\/\" \/>\n<meta property=\"article:modified_time\" content=\"2019-12-10T11:02:20+00:00\" \/>\n<meta name=\"twitter:card\" content=\"summary_large_image\" \/>\n<script type=\"application\/ld+json\" class=\"yoast-schema-graph\">{\"@context\":\"https:\\\/\\\/schema.org\",\"@graph\":[{\"@type\":\"WebPage\",\"@id\":\"https:\\\/\\\/barcelona.euses.cat\\\/ca\\\/sortides-professionals-fisioterapia-internacional\\\/\",\"url\":\"https:\\\/\\\/barcelona.euses.cat\\\/ca\\\/sortides-professionals-fisioterapia-internacional\\\/\",\"name\":\"Sortides professionals de fisioter\u00e0pia internacional | EUSES\",\"isPartOf\":{\"@id\":\"https:\\\/\\\/barcelona.euses.cat\\\/ca\\\/#website\"},\"datePublished\":\"2019-01-14T14:21:25+00:00\",\"dateModified\":\"2019-12-10T11:02:20+00:00\",\"description\":\"Descobreix les sortides professionals de fisioter\u00e0pia internacional, grau en fisioter\u00e0pia completament en angl\u00e8s impartit a Barcelona\",\"breadcrumb\":{\"@id\":\"https:\\\/\\\/barcelona.euses.cat\\\/ca\\\/sortides-professionals-fisioterapia-internacional\\\/#breadcrumb\"},\"inLanguage\":\"ca\",\"potentialAction\":[{\"@type\":\"ReadAction\",\"target\":[\"https:\\\/\\\/barcelona.euses.cat\\\/ca\\\/sortides-professionals-fisioterapia-internacional\\\/\"]}]},{\"@type\":\"BreadcrumbList\",\"@id\":\"https:\\\/\\\/barcelona.euses.cat\\\/ca\\\/sortides-professionals-fisioterapia-internacional\\\/#breadcrumb\",\"itemListElement\":[{\"@type\":\"ListItem\",\"position\":1,\"name\":\"Portada\",\"item\":\"https:\\\/\\\/barcelona.euses.cat\\\/ca\\\/\"},{\"@type\":\"ListItem\",\"position\":2,\"name\":\"Sortides professionals\"}]},{\"@type\":\"WebSite\",\"@id\":\"https:\\\/\\\/barcelona.euses.cat\\\/ca\\\/#website\",\"url\":\"https:\\\/\\\/barcelona.euses.cat\\\/ca\\\/\",\"name\":\"EUSES - Campus de Bellvitge (Barcelona)\",\"description\":\"EUSES, Escola Universit\u00e0ria de Fisioter\u00e0pia Internacional a Barcelona\",\"potentialAction\":[{\"@type\":\"SearchAction\",\"target\":{\"@type\":\"EntryPoint\",\"urlTemplate\":\"https:\\\/\\\/barcelona.euses.cat\\\/ca\\\/?s={search_term_string}\"},\"query-input\":{\"@type\":\"PropertyValueSpecification\",\"valueRequired\":true,\"valueName\":\"search_term_string\"}}],\"inLanguage\":\"ca\"}]}<\/script>\n<!-- \/ Yoast SEO plugin. -->","yoast_head_json":{"title":"Sortides professionals de fisioter\u00e0pia internacional | EUSES","description":"Descobreix les sortides professionals de fisioter\u00e0pia internacional, grau en fisioter\u00e0pia completament en angl\u00e8s impartit a Barcelona","robots":{"index":"index","follow":"follow","max-snippet":"max-snippet:-1","max-image-preview":"max-image-preview:large","max-video-preview":"max-video-preview:-1"},"canonical":"https:\/\/barcelona.euses.cat\/ca\/sortides-professionals-fisioterapia-internacional\/","og_locale":"ca_ES","og_type":"article","og_title":"Sortides professionals de fisioter\u00e0pia internacional | EUSES","og_description":"Descobreix les sortides professionals de fisioter\u00e0pia internacional, grau en fisioter\u00e0pia completament en angl\u00e8s impartit a Barcelona","og_url":"https:\/\/barcelona.euses.cat\/ca\/sortides-professionals-fisioterapia-internacional\/","og_site_name":"EUSES- Campus de Bellvitge (Barcelona)","article_publisher":"https:\/\/www.facebook.com\/PhysioBCN\/","article_modified_time":"2019-12-10T11:02:20+00:00","twitter_card":"summary_large_image","schema":{"@context":"https:\/\/schema.org","@graph":[{"@type":"WebPage","@id":"https:\/\/barcelona.euses.cat\/ca\/sortides-professionals-fisioterapia-internacional\/","url":"https:\/\/barcelona.euses.cat\/ca\/sortides-professionals-fisioterapia-internacional\/","name":"Sortides professionals de fisioter\u00e0pia internacional | EUSES","isPartOf":{"@id":"https:\/\/barcelona.euses.cat\/ca\/#website"},"datePublished":"2019-01-14T14:21:25+00:00","dateModified":"2019-12-10T11:02:20+00:00","description":"Descobreix les sortides professionals de fisioter\u00e0pia internacional, grau en fisioter\u00e0pia completament en angl\u00e8s impartit a Barcelona","breadcrumb":{"@id":"https:\/\/barcelona.euses.cat\/ca\/sortides-professionals-fisioterapia-internacional\/#breadcrumb"},"inLanguage":"ca","potentialAction":[{"@type":"ReadAction","target":["https:\/\/barcelona.euses.cat\/ca\/sortides-professionals-fisioterapia-internacional\/"]}]},{"@type":"BreadcrumbList","@id":"https:\/\/barcelona.euses.cat\/ca\/sortides-professionals-fisioterapia-internacional\/#breadcrumb","itemListElement":[{"@type":"ListItem","position":1,"name":"Portada","item":"https:\/\/barcelona.euses.cat\/ca\/"},{"@type":"ListItem","position":2,"name":"Sortides professionals"}]},{"@type":"WebSite","@id":"https:\/\/barcelona.euses.cat\/ca\/#website","url":"https:\/\/barcelona.euses.cat\/ca\/","name":"EUSES - Campus de Bellvitge (Barcelona)","description":"EUSES, Escola Universit\u00e0ria de Fisioter\u00e0pia Internacional a Barcelona","potentialAction":[{"@type":"SearchAction","target":{"@type":"EntryPoint","urlTemplate":"https:\/\/barcelona.euses.cat\/ca\/?s={search_term_string}"},"query-input":{"@type":"PropertyValueSpecification","valueRequired":true,"valueName":"search_term_string"}}],"inLanguage":"ca"}]}},"_links":{"self":[{"href":"https:\/\/barcelona.euses.cat\/ca\/wp-json\/wp\/v2\/pages\/103","targetHints":{"allow":["GET"]}}],"collection":[{"href":"https:\/\/barcelona.euses.cat\/ca\/wp-json\/wp\/v2\/pages"}],"about":[{"href":"https:\/\/barcelona.euses.cat\/ca\/wp-json\/wp\/v2\/types\/page"}],"author":[{"embeddable":true,"href":"https:\/\/barcelona.euses.cat\/ca\/wp-json\/wp\/v2\/users\/1"}],"replies":[{"embeddable":true,"href":"https:\/\/barcelona.euses.cat\/ca\/wp-json\/wp\/v2\/comments?post=103"}],"version-history":[{"count":16,"href":"https:\/\/barcelona.euses.cat\/ca\/wp-json\/wp\/v2\/pages\/103\/revisions"}],"predecessor-version":[{"id":7690,"href":"https:\/\/barcelona.euses.cat\/ca\/wp-json\/wp\/v2\/pages\/103\/revisions\/7690"}],"wp:attachment":[{"href":"https:\/\/barcelona.euses.cat\/ca\/wp-json\/wp\/v2\/media?parent=103"}],"curies":[{"name":"wp","href":"https:\/\/api.w.org\/{rel}","templated":true}]}}