{"id":10171,"date":"2021-11-23T15:16:35","date_gmt":"2021-11-23T14:16:35","guid":{"rendered":"https:\/\/barcelona.euses.cat\/visit-campus-bellvitge\/"},"modified":"2025-01-15T16:50:05","modified_gmt":"2025-01-15T15:50:05","slug":"visita-campus-bellvitge","status":"publish","type":"page","link":"https:\/\/barcelona.euses.cat\/ca\/visita-campus-bellvitge\/","title":{"rendered":"Visites campus"},"content":{"rendered":"\n<div class=\"wpcf7 no-js\" id=\"wpcf7-f10170-o1\" lang=\"es-ES\" dir=\"ltr\" data-wpcf7-id=\"10170\">\n<div class=\"screen-reader-response\"><p role=\"status\" aria-live=\"polite\" aria-atomic=\"true\"><\/p> <ul><\/ul><\/div>\n<form action=\"\/ca\/wp-json\/wp\/v2\/pages\/10171#wpcf7-f10170-o1\" method=\"post\" class=\"wpcf7-form init\" aria-label=\"Formulario de contacto\" novalidate=\"novalidate\" data-status=\"init\">\n<fieldset class=\"hidden-fields-container\"><input type=\"hidden\" name=\"_wpcf7\" value=\"10170\" \/><input type=\"hidden\" name=\"_wpcf7_version\" value=\"6.1.5\" \/><input type=\"hidden\" name=\"_wpcf7_locale\" value=\"es_ES\" \/><input type=\"hidden\" name=\"_wpcf7_unit_tag\" value=\"wpcf7-f10170-o1\" \/><input type=\"hidden\" name=\"_wpcf7_container_post\" value=\"0\" \/><input type=\"hidden\" name=\"_wpcf7_posted_data_hash\" value=\"\" \/><input type=\"hidden\" name=\"_wpcf7cf_hidden_group_fields\" value=\"[]\" \/><input type=\"hidden\" name=\"_wpcf7cf_hidden_groups\" value=\"[]\" \/><input type=\"hidden\" name=\"_wpcf7cf_visible_groups\" value=\"[]\" \/><input type=\"hidden\" name=\"_wpcf7cf_repeaters\" value=\"[]\" \/><input type=\"hidden\" name=\"_wpcf7cf_steps\" value=\"{}\" \/><input type=\"hidden\" name=\"_wpcf7cf_options\" value=\"{&quot;form_id&quot;:10170,&quot;conditions&quot;:[],&quot;settings&quot;:{&quot;animation&quot;:&quot;yes&quot;,&quot;animation_intime&quot;:200,&quot;animation_outtime&quot;:200,&quot;conditions_ui&quot;:&quot;normal&quot;,&quot;notice_dismissed&quot;:false}}\" \/><input type=\"hidden\" name=\"_wpcf7_recaptcha_response\" value=\"\" \/>\n<\/fieldset>\n<p><span class=\"wpcf7-form-control-wrap id_lead\"><input class=\"wpcf7-form-control wpcf7-shortcodehidden wpcf7-validates-as-shortcodefield\" id=\"id_lead\" type=\"hidden\" value=\"\" name=\"id_lead\" \/><\/span>\n<\/p>\n<p><input type=\"hidden\" name=\"Etiquetas\" value=\"visita-bcn\" \/><br \/>\n<span class=\"wpcf7-form-control-wrap\" data-name=\"estudis-JPO\"><input size=\"40\" maxlength=\"400\" class=\"wpcf7-form-control wpcf7-text\" id=\"estudis-JPO\" aria-invalid=\"false\" value=\"\" type=\"text\" name=\"estudis-JPO\" \/><\/span>\n<\/p>\n<p><label><span class=\"wpcf7-form-control-wrap\" data-name=\"your-name\"><input size=\"40\" maxlength=\"400\" class=\"wpcf7-form-control wpcf7-text wpcf7-validates-as-required\" aria-required=\"true\" aria-invalid=\"false\" placeholder=\"Nom i cognoms\" value=\"\" type=\"text\" name=\"your-name\" \/><\/span><\/label>\n<\/p>\n<p><label><span class=\"wpcf7-form-control-wrap\" data-name=\"ciutat\"><input size=\"40\" maxlength=\"400\" class=\"wpcf7-form-control wpcf7-text wpcf7-validates-as-required\" aria-required=\"true\" aria-invalid=\"false\" placeholder=\"Poblaci\u00f3\" value=\"\" type=\"text\" name=\"ciutat\" \/><\/span><\/label>\n<\/p>\n<p><label><span class=\"wpcf7-form-control-wrap\" data-name=\"your-email\"><input size=\"40\" maxlength=\"400\" class=\"wpcf7-form-control wpcf7-email wpcf7-validates-as-required wpcf7-text wpcf7-validates-as-email\" aria-required=\"true\" aria-invalid=\"false\" placeholder=\"E-mail\" value=\"\" type=\"email\" name=\"your-email\" \/><\/span><\/label>\n<\/p>\n<p><label><span class=\"wpcf7-form-control-wrap\" data-name=\"telefon\"><input size=\"40\" maxlength=\"400\" class=\"wpcf7-form-control wpcf7-text wpcf7-validates-as-required\" aria-required=\"true\" aria-invalid=\"false\" placeholder=\"Tel\u00e8fon\" value=\"\" type=\"text\" name=\"telefon\" \/><\/span><\/label>\n<\/p>\n<p class=\"info\"><br \/>\n<span>Vols rebre informaci\u00f3 de:<\/span><br \/>\nIndica l'estudi del qual t'agradaria informar-te\n<\/p>\n<p><span class=\"wpcf7-form-control-wrap\" data-name=\"radio-info\"><span class=\"wpcf7-form-control wpcf7-radio\"><span class=\"wpcf7-list-item first last\"><input type=\"radio\" name=\"radio-info\" value=\"Grau en Fisioter\u00e0pia - UB &amp; UdG (Barcelona Campus) *(ENGLISH)\" checked=\"checked\" \/><span class=\"wpcf7-list-item-label\">Grau en Fisioter\u00e0pia - UB &amp; UdG (Barcelona Campus) *(ENGLISH)<\/span><\/span><\/span><\/span>\n<\/p>\n<div class=\"visita-date\">\n\t<p>Quin dia voldria fer la visita? (Dilluns-Divendres)\n\t<\/p>\n\t<p>A quina hora? (9 - 13h \/ 15 - 17h)\n\t<\/p>\n<\/div>\n<p><span class=\"wpcf7-form-control-wrap\" data-name=\"data-picker\"><input size=\"40\" maxlength=\"400\" class=\"wpcf7-form-control wpcf7-text avdp-start-datetime\" aria-invalid=\"false\" value=\"\" type=\"text\" name=\"data-picker\" \/><\/span>\n<\/p>\n<p style=\"font-size:12px;\"><br \/>\nESCOLA SALUT I ESPORT, S.L. com a responsable del tractament tractar\u00e0 les teves dades amb la finalitat de gestionar les sol\u00b7licituds d\u2019informaci\u00f3 realitzades a trav\u00e9s de la web i l\u2019elaboraci\u00f3 de perfils dels usuaris per enviar-los comunicacions comercials dels programes de formaci\u00f3 (graus, m\u00e0sters, postgraus, cursos, jornades, seminaris, etc), activitats i serveis que puguin ser del seu inter\u00e8s. Pots accedir, rectificar i suprimir les teves dades, aix\u00ed com exercir altres drets consultant la informaci\u00f3 addicional i detallada sobre protecci\u00f3 de dades a la nostra pol\u00edtica de privacitat.\n<\/p>\n<p><span class=\"wpcf7-form-control-wrap\" data-name=\"acceptance-852\"><span class=\"wpcf7-form-control wpcf7-acceptance\"><span class=\"wpcf7-list-item\"><label><input type=\"checkbox\" name=\"acceptance-852\" value=\"1\" aria-invalid=\"false\" \/><span class=\"wpcf7-list-item-label\">Accepto el tractament de les dades conforme la <a href=\"https:\/\/barcelona.euses.cat\/ca\/proteccio-de-dades\" target=\"_blank\">Pol\u00edtica de Privacitat<\/a>, especialment, les elaboracions de perfils i la transfer\u00e8ncia de dades fora de la UE.<\/span><\/label><\/span><\/span><\/span>\n<\/p>\n<p><span class=\"wpcf7-form-control-wrap\" data-name=\"acceptance-905\"><span class=\"wpcf7-form-control wpcf7-acceptance\"><span class=\"wpcf7-list-item\"><label><input type=\"checkbox\" name=\"acceptance-905\" value=\"1\" aria-invalid=\"false\" \/><span class=\"wpcf7-list-item-label\">Sota la meva responsabilitat declaro que tinc 14 anys o m\u00e9s.<\/span><\/label><\/span><\/span><\/span>\n<\/p>\n<p><span class=\"wpcf7-form-control-wrap\" data-name=\"checkbox-686\"><span class=\"wpcf7-form-control wpcf7-checkbox\"><span class=\"wpcf7-list-item first last\"><input type=\"checkbox\" name=\"checkbox-686[]\" value=\"Accepto l\u2019enviament de comunicacions informatives.\" \/><span class=\"wpcf7-list-item-label\">Accepto l\u2019enviament de comunicacions informatives.<\/span><\/span><\/span><\/span>\n<\/p>\n<p><span id=\"send_estudis-visita-radio\"><input class=\"wpcf7-form-control wpcf7-submit has-spinner\" type=\"submit\" value=\"Enviar\" \/><\/span>\n<\/p><div class=\"wpcf7-response-output\" aria-hidden=\"true\"><\/div>\n<\/form>\n<\/div>\n\n","protected":false},"excerpt":{"rendered":"","protected":false},"author":1,"featured_media":0,"parent":0,"menu_order":0,"comment_status":"closed","ping_status":"closed","template":"page-visites-escola.php","meta":{"_acf_changed":false,"inline_featured_image":false,"_joinchat":[],"footnotes":""},"class_list":["post-10171","page","type-page","status-publish","hentry"],"acf":[],"yoast_head":"<!-- This site is optimized with the Yoast SEO plugin v27.1.1 - https:\/\/yoast.com\/product\/yoast-seo-wordpress\/ -->\n<title>Visites campus | EUSES- Campus de Bellvitge (Barcelona)<\/title>\n<meta name=\"robots\" content=\"index, follow, max-snippet:-1, max-image-preview:large, max-video-preview:-1\" \/>\n<link rel=\"canonical\" href=\"https:\/\/barcelona.euses.cat\/ca\/visita-campus-bellvitge\/\" \/>\n<meta property=\"og:locale\" content=\"ca_ES\" \/>\n<meta property=\"og:type\" content=\"article\" \/>\n<meta property=\"og:title\" content=\"Visites campus | EUSES- Campus de Bellvitge (Barcelona)\" \/>\n<meta property=\"og:url\" content=\"https:\/\/barcelona.euses.cat\/ca\/visita-campus-bellvitge\/\" \/>\n<meta property=\"og:site_name\" content=\"EUSES- Campus de Bellvitge (Barcelona)\" \/>\n<meta property=\"article:publisher\" content=\"https:\/\/www.facebook.com\/PhysioBCN\/\" \/>\n<meta property=\"article:modified_time\" content=\"2025-01-15T15:50:05+00:00\" \/>\n<meta name=\"twitter:card\" content=\"summary_large_image\" \/>\n<meta name=\"twitter:label1\" content=\"Temps estimat de lectura\" \/>\n\t<meta name=\"twitter:data1\" content=\"1 minut\" \/>\n<script type=\"application\/ld+json\" class=\"yoast-schema-graph\">{\"@context\":\"https:\/\/schema.org\",\"@graph\":[{\"@type\":\"WebPage\",\"@id\":\"https:\/\/barcelona.euses.cat\/ca\/visita-campus-bellvitge\/\",\"url\":\"https:\/\/barcelona.euses.cat\/ca\/visita-campus-bellvitge\/\",\"name\":\"Visites campus | EUSES- Campus de Bellvitge (Barcelona)\",\"isPartOf\":{\"@id\":\"https:\/\/barcelona.euses.cat\/ca\/#website\"},\"datePublished\":\"2021-11-23T14:16:35+00:00\",\"dateModified\":\"2025-01-15T15:50:05+00:00\",\"breadcrumb\":{\"@id\":\"https:\/\/barcelona.euses.cat\/ca\/visita-campus-bellvitge\/#breadcrumb\"},\"inLanguage\":\"ca\",\"potentialAction\":[{\"@type\":\"ReadAction\",\"target\":[\"https:\/\/barcelona.euses.cat\/ca\/visita-campus-bellvitge\/\"]}]},{\"@type\":\"BreadcrumbList\",\"@id\":\"https:\/\/barcelona.euses.cat\/ca\/visita-campus-bellvitge\/#breadcrumb\",\"itemListElement\":[{\"@type\":\"ListItem\",\"position\":1,\"name\":\"Portada\",\"item\":\"https:\/\/barcelona.euses.cat\/ca\/\"},{\"@type\":\"ListItem\",\"position\":2,\"name\":\"Visites campus\"}]},{\"@type\":\"WebSite\",\"@id\":\"https:\/\/barcelona.euses.cat\/ca\/#website\",\"url\":\"https:\/\/barcelona.euses.cat\/ca\/\",\"name\":\"EUSES - Campus de Bellvitge (Barcelona)\",\"description\":\"EUSES, Escola Universit\u00e0ria de Fisioter\u00e0pia Internacional a Barcelona\",\"potentialAction\":[{\"@type\":\"SearchAction\",\"target\":{\"@type\":\"EntryPoint\",\"urlTemplate\":\"https:\/\/barcelona.euses.cat\/ca\/?s={search_term_string}\"},\"query-input\":{\"@type\":\"PropertyValueSpecification\",\"valueRequired\":true,\"valueName\":\"search_term_string\"}}],\"inLanguage\":\"ca\"}]}<\/script>\n<!-- \/ Yoast SEO plugin. -->","yoast_head_json":{"title":"Visites campus | EUSES- Campus de Bellvitge (Barcelona)","robots":{"index":"index","follow":"follow","max-snippet":"max-snippet:-1","max-image-preview":"max-image-preview:large","max-video-preview":"max-video-preview:-1"},"canonical":"https:\/\/barcelona.euses.cat\/ca\/visita-campus-bellvitge\/","og_locale":"ca_ES","og_type":"article","og_title":"Visites campus | EUSES- Campus de Bellvitge (Barcelona)","og_url":"https:\/\/barcelona.euses.cat\/ca\/visita-campus-bellvitge\/","og_site_name":"EUSES- Campus de Bellvitge (Barcelona)","article_publisher":"https:\/\/www.facebook.com\/PhysioBCN\/","article_modified_time":"2025-01-15T15:50:05+00:00","twitter_card":"summary_large_image","twitter_misc":{"Temps estimat de lectura":"1 minut"},"schema":{"@context":"https:\/\/schema.org","@graph":[{"@type":"WebPage","@id":"https:\/\/barcelona.euses.cat\/ca\/visita-campus-bellvitge\/","url":"https:\/\/barcelona.euses.cat\/ca\/visita-campus-bellvitge\/","name":"Visites campus | EUSES- Campus de Bellvitge (Barcelona)","isPartOf":{"@id":"https:\/\/barcelona.euses.cat\/ca\/#website"},"datePublished":"2021-11-23T14:16:35+00:00","dateModified":"2025-01-15T15:50:05+00:00","breadcrumb":{"@id":"https:\/\/barcelona.euses.cat\/ca\/visita-campus-bellvitge\/#breadcrumb"},"inLanguage":"ca","potentialAction":[{"@type":"ReadAction","target":["https:\/\/barcelona.euses.cat\/ca\/visita-campus-bellvitge\/"]}]},{"@type":"BreadcrumbList","@id":"https:\/\/barcelona.euses.cat\/ca\/visita-campus-bellvitge\/#breadcrumb","itemListElement":[{"@type":"ListItem","position":1,"name":"Portada","item":"https:\/\/barcelona.euses.cat\/ca\/"},{"@type":"ListItem","position":2,"name":"Visites campus"}]},{"@type":"WebSite","@id":"https:\/\/barcelona.euses.cat\/ca\/#website","url":"https:\/\/barcelona.euses.cat\/ca\/","name":"EUSES - Campus de Bellvitge (Barcelona)","description":"EUSES, Escola Universit\u00e0ria de Fisioter\u00e0pia Internacional a Barcelona","potentialAction":[{"@type":"SearchAction","target":{"@type":"EntryPoint","urlTemplate":"https:\/\/barcelona.euses.cat\/ca\/?s={search_term_string}"},"query-input":{"@type":"PropertyValueSpecification","valueRequired":true,"valueName":"search_term_string"}}],"inLanguage":"ca"}]}},"_links":{"self":[{"href":"https:\/\/barcelona.euses.cat\/ca\/wp-json\/wp\/v2\/pages\/10171","targetHints":{"allow":["GET"]}}],"collection":[{"href":"https:\/\/barcelona.euses.cat\/ca\/wp-json\/wp\/v2\/pages"}],"about":[{"href":"https:\/\/barcelona.euses.cat\/ca\/wp-json\/wp\/v2\/types\/page"}],"author":[{"embeddable":true,"href":"https:\/\/barcelona.euses.cat\/ca\/wp-json\/wp\/v2\/users\/1"}],"replies":[{"embeddable":true,"href":"https:\/\/barcelona.euses.cat\/ca\/wp-json\/wp\/v2\/comments?post=10171"}],"version-history":[{"count":5,"href":"https:\/\/barcelona.euses.cat\/ca\/wp-json\/wp\/v2\/pages\/10171\/revisions"}],"predecessor-version":[{"id":12303,"href":"https:\/\/barcelona.euses.cat\/ca\/wp-json\/wp\/v2\/pages\/10171\/revisions\/12303"}],"wp:attachment":[{"href":"https:\/\/barcelona.euses.cat\/ca\/wp-json\/wp\/v2\/media?parent=10171"}],"curies":[{"name":"wp","href":"https:\/\/api.w.org\/{rel}","templated":true}]}}